{"id":98,"date":"2016-03-10T21:36:03","date_gmt":"2016-03-10T20:36:03","guid":{"rendered":"http:\/\/montceautriathlon.com\/blog\/?page_id=98"},"modified":"2026-04-08T16:05:39","modified_gmt":"2026-04-08T15:05:39","slug":"programme","status":"publish","type":"page","link":"https:\/\/www.montceautriathlon.com\/blog\/programme\/","title":{"rendered":"PROGRAMME TRIATHLON"},"content":{"rendered":"\n<h3><\/h3>\n\n\n<p>ATTENTION : Ce programme peut encore \u00eatre modifi\u00e9 (derni\u00e8re mise \u00e0 jour le 14\/03\/2026)<\/p>\n<p><span style=\"color: #993300;\">Modifications en date du 08\/04\/2026 : Changement d&rsquo;horaires + organisations des \u00e9preuves<\/span><\/p>\n<hr \/>\n<h2><span style=\"color: #ff0000;\"><strong>SAMEDI 23 MAI 2026 (\u00c9preuves OPEN)<\/strong><\/span><\/h2>\n<hr \/>\n<h3><span class=\"has-inline-color has-vivid-cyan-blue-color\">Jeunes 6-9 ans (J1)<br \/><\/span><\/h3>\n<p><em>Restrictions:<\/em><\/p>\n<ul>\n<li>ouvert aux licenci\u00e9(e)s et non licenci\u00e9(e)s FFTri<\/li>\n<li><span class=\"birthdate_restriction\"><span class=\"birthdate-restriction\"><span class=\"sex-restriction\">personnes <\/span>n\u00e9es entre le 1 janv. 2017 et le 31 d\u00e9c. 2020<\/span><\/span><\/li>\n<li>si vous n&rsquo;avez pas de licence FFTri alors vous devez remplir le Formulaire Info Sant\u00e9 (FIS)<\/li>\n<li>pour les non licenci\u00e9(e)s et les licenci\u00e9(e)s FFTri loisir, <strong>une licence exp\u00e9rience<\/strong> (anciennement pass comp\u00e9tition) est obligatoire lors de votre inscription (+4\u20ac)<\/li>\n<li><strong>50 places<\/strong> maximum<\/li>\n<\/ul>\n<p><em>Horaires:<\/em><\/p>\n<ul>\n<li>\u00e0 partir de 14h30 : Retrait des dossards<del><\/del><\/li>\n<li>15h00 : Ouverture de l&rsquo;aire de transition<\/li>\n<li>15h35 : Fermeture de l&rsquo;aire de transition<\/li>\n<li><strong>15h40 :<\/strong> Regroupement en Zone d&rsquo;appel (<strong>Briefing pour tou(te)s les concurrent(e)s des \u00e9preuves J1 et J2<\/strong>)<\/li>\n<li><strong>15h45 : D\u00e9part<\/strong><\/li>\n<li>16h45 : Podium<\/li>\n<\/ul>\n<p><em>\u00c9preuves:<\/em><\/p>\n<ul>\n<li>Natation : 50m <strong>en piscine<\/strong><\/li>\n<li>Cyclisme : 1 aller-retour de 1km<\/li>\n<li>Course \u00e0 pied : 1 aller-retour de 500m<\/li>\n<\/ul>\n<p><em>Tarifs: <strong><br \/><\/strong><\/em><\/p>\n<ul>\n<li><em><strong>10\u20ac<\/strong> <strong>[+2\u20ac sur place] <\/strong><strong> [+ <\/strong><strong>4\u20ac<\/strong> (<strong>licence exp\u00e9rience<\/strong>) pour les non licenci\u00e9(e)s FFTri]<\/em><\/li>\n<\/ul>\n<hr \/>\n<h3><span class=\"has-inline-color has-vivid-cyan-blue-color\">Jeunes 10-13 ans (J2)<br \/><\/span><\/h3>\n<p><em>Restrictions:<\/em><\/p>\n<ul>\n<li>ouvert aux licenci\u00e9(e)s et non licenci\u00e9(e)s FFTri<\/li>\n<li><span class=\"birthdate_restriction\"><span class=\"birthdate-restriction\"><span class=\"sex-restriction\">personnes <\/span>n\u00e9es entre le 1 janv. 2013 et le 31 d\u00e9c. 2016<\/span><\/span><\/li>\n<li>si vous n&rsquo;avez pas de licence FFTri alors vous devez remplir le Formulaire Info Sant\u00e9 (FIS)<\/li>\n<li>pour les non licenci\u00e9(e)s et les licenci\u00e9(e)s FFTri loisir, <strong>une licence exp\u00e9rience<\/strong> (anciennement pass comp\u00e9tition) est obligatoire lors de votre inscription (+4\u20ac)<\/li>\n<li><strong>50 places<\/strong> maximum<\/li>\n<\/ul>\n<p><em>Horaires:<\/em><\/p>\n<ul>\n<li>\u00e0 partir de 14h30 : Retrait des dossards<del><\/del><\/li>\n<li>15h00 : Ouverture de l&rsquo;aire de transition<\/li>\n<li>15h35 : Fermeture de l&rsquo;aire de transition<\/li>\n<li><strong>15h40 <\/strong>: Regroupement Zone d&rsquo;appel (<strong>Briefing pour tou(te)s les concurrent(e)s des \u00e9preuves J1 et J2<\/strong>)<\/li>\n<li><strong>16h00 : D\u00e9part<\/strong><\/li>\n<li>16h45 : Podium<\/li>\n<\/ul>\n<p><em>\u00c9preuves:<\/em><\/p>\n<ul>\n<li>Natation : 200m<strong> en piscine<\/strong><\/li>\n<li>Cyclisme : 4km (3 boucles)<\/li>\n<li>Course \u00e0 pied : 1 aller-retour de 1.5km<\/li>\n<\/ul>\n<p><em>Tarifs: <\/em><\/p>\n<ul>\n<li><em><strong>10\u20ac<\/strong> <strong>[+2\u20ac sur place] <\/strong><strong> [+ <\/strong><strong>4\u20ac<\/strong> (<strong>Licence exp\u00e9rience<\/strong>) pour les non licenci\u00e9(e)s FFTri]<\/em><\/li>\n<\/ul>\n<hr \/>\n\n\n<p class=\"has-medium-font-size\"><span class=\"has-inline-color has-vivid-cyan-blue-color\"><strong>\u00c9preuve S Open + Relais + Para <\/strong><\/span><\/p>\n\n\n\n<p><em>Restrictions:<\/em><\/p>\n\n\n\n<ul><li>ouvert aux licenci\u00e9(e)s et non licenci\u00e9(e)s FFTri<\/li><li>personnes n\u00e9es avant le 31 d\u00e9c. 2010 (\u226516 ans)<\/li><li>si vous n&rsquo;avez pas de licence FFTri alors vous devez remplir le Formulaire Info Sant\u00e9 (FIS)<\/li><li>pour les non licenci\u00e9(e)s et les licenci\u00e9(e)s FFTri loisir, <strong>une licence exp\u00e9rience<\/strong> (anciennement pass comp\u00e9tition) est obligatoire lors de votre inscription (+7\u20ac)<\/li><li><strong>200 places <\/strong>maximum<\/li><\/ul>\n\n\n\n<p><em>Horaires:<\/em><\/p>\n\n\n\n<ul><li>de 14h30 \u00e0 16h30 : Retrait des dossards<\/li><li>16h00 : Ouverture de l&rsquo;aire de transition<\/li><li>16h45 : Fermeture de l&rsquo;aire de transition<\/li><li><strong>16h50 :<\/strong> Regroupement Zone d&rsquo;appel (<strong>Briefing pour tou(te)s les concurrent(e)s des \u00e9preuves S<\/strong>)<\/li><li><strong>17h00 : D\u00e9part <\/strong><\/li><li>19h00 : Podium<\/li><\/ul>\n\n\n\n<p><em>\u00c9preuves:<\/em><\/p>\n\n\n\n<ul><li>Natation : 750m<strong> en lac<\/strong> <\/li><li>Cyclisme : 20km (4 boucles)<\/li><li>Course \u00e0 pied : 5km (2 boucles)<\/li><\/ul>\n\n\n\n<p><em>Tarifs: <\/em><\/p>\n\n\n\n<ul><li><em><strong>35\u20ac [+2\u20ac sur place] [+ 7\u20ac<\/strong> (<strong>Licence exp\u00e9rience<\/strong>) pour les non licenci\u00e9(e)s FFTri]<\/em><\/li><\/ul>\n\n\n<p><\/p>\n<hr>\n<h2><strong><span style=\"color: #ff0000;\">DIMANCHE 24 MAI 2026 (1\/2 des Championnats de France Triathlon Jeunes)<\/span><\/strong><\/h2>\n<hr>\n\n\n<hr class=\"wp-block-separator\"\/>\n\n\n\n<p class=\"has-medium-font-size\"><span class=\"has-inline-color has-vivid-cyan-blue-color\"><strong>\u00c9preuve Benjamin(e)s [2013-2014<\/strong>]<\/span><\/p>\n\n\n\n<p><em>Restrictions:<\/em><\/p>\n\n\n\n<ul><li>r\u00e9serv\u00e9e aux Benjamin(e)s <strong>licenci\u00e9(e)s \u00e0 la FFtri<\/strong><\/li><li>personnes n\u00e9es entre le 1 janv. 2013 et le 31 d\u00e9c. 2014 (12-13 ans)<\/li><li>pas d&rsquo;inscription sur place (Jour J)<\/li><li><strong>100 places<\/strong> maximum<\/li><\/ul>\n\n\n\n<p><em>Horaires:<\/em><\/p>\n\n\n\n<ul><li>de 07h00 \u00e0 08h05 : Retrait des dossards (Possibilit\u00e9 le samedi de 14h30 \u00e0 19h00)<\/li><li>08h00 : Ouverture de l&rsquo;aire de transition<\/li><li><strong>08h50 : <\/strong>Fermeture de l&rsquo;aire de transition<\/li><li><strong>09h00 : D\u00e9part Benjamins<\/strong><\/li><li><strong>09h05 : D\u00e9part Benjamines<\/strong><\/li><li>12h00 : Podium<\/li><\/ul>\n\n\n\n<p><em>\u00c9preuves:<\/em><\/p>\n\n\n\n<ul><li>Natation : 400m <strong>en lac<\/strong> <\/li><li>Cyclisme : 10km (2 boucles)<\/li><li>Course \u00e0 pied : 2.5km<\/li><\/ul>\n\n\n\n<p><em>Tarifs: <\/em><\/p>\n\n\n\n<ul><li><em><strong>35\u20ac<\/strong><\/em><strong><em> [pas d&rsquo;inscription sur place]<\/em><\/strong><\/li><\/ul>\n\n\n\n<hr class=\"wp-block-separator\"\/>\n\n\n\n<p class=\"has-medium-font-size\"><span class=\"has-inline-color has-vivid-cyan-blue-color\"><strong>\u00c9preuve Minimes Gar\u00e7ons [2011-2012<\/strong>] : <strong>(S\u00e9lectif Championnat de France de Triathlon)<\/strong><\/span> <\/p>\n\n\n\n<p><em>Restrictions:<\/em><\/p>\n\n\n\n<ul><li>r\u00e9serv\u00e9e aux Minimes <strong>licenci\u00e9s \u00e0 la FFtri<\/strong><\/li><li>personnes n\u00e9es entre le 1 janv. 2011 et le 31 d\u00e9c. 2012 (14-15 ans)<\/li><li>pas d&rsquo;inscription sur place (Jour J)<\/li><li><strong>100 places<\/strong> maximum<\/li><\/ul>\n\n\n\n<p><em>Horaires:<\/em><\/p>\n\n\n\n<ul><li>de 07h00 \u00e0 09h00 : Retrait des dossards (Possibilit\u00e9 le samedi de 12h00 \u00e0 19h00)<\/li><li>09h00 : Ouverture de l&rsquo;aire de transition<\/li><li><strong>09h50 : <\/strong>Fermeture de l&rsquo;aire de transition<\/li><li><strong>10h00 : D\u00e9part<\/strong><\/li><li>12h00 : Podium<\/li><\/ul>\n\n\n\n<p><em>\u00c9preuves:<\/em><\/p>\n\n\n\n<ul><li>Natation : 400m <strong>en lac<\/strong> <\/li><li>Cyclisme : 10km (2 boucles)<\/li><li>Course \u00e0 pied : 2.5km<\/li><\/ul>\n\n\n\n<p><em>Tarifs: <\/em><\/p>\n\n\n\n<ul><li><em><strong>35\u20ac<\/strong><\/em><strong><em> [pas d&rsquo;inscription sur place]<\/em><\/strong><\/li><\/ul>\n\n\n\n<hr class=\"wp-block-separator\"\/>\n\n\n\n<p class=\"has-medium-font-size\"><span class=\"has-inline-color has-vivid-cyan-blue-color\"><strong>\u00c9preuve Minimes Filles [2011-2012<\/strong>] : <strong>(S\u00e9lectif Championnat de France de Triathlon)<\/strong><\/span> <\/p>\n\n\n\n<p><em>Restrictions:<\/em><\/p>\n\n\n\n<ul><li>r\u00e9serv\u00e9e aux Minimes filles <strong>licenci\u00e9es \u00e0 la FFtri<\/strong><\/li><li>personnes n\u00e9es entre le 1 janv. 2011 et le 31 d\u00e9c. 2012 (14-15 ans)<\/li><li>pas d&rsquo;inscription sur place (Jour J)<\/li><li><strong>100 places<\/strong> maximum<\/li><\/ul>\n\n\n\n<p><em>Horaires:<\/em><\/p>\n\n\n\n<ul><li>de 07h00 \u00e0 10h15 : Retrait des dossards (Possibilit\u00e9 le samedi de 12h00 \u00e0 19h00)<\/li><li>10h15 : Ouverture de l&rsquo;aire de transition<\/li><li><strong>11h05 : <\/strong>Fermeture de l&rsquo;aire de transition<\/li><li><strong>11h15 : D\u00e9part<\/strong><\/li><li>12h00 : Podium<\/li><\/ul>\n\n\n\n<p><em>\u00c9preuves:<\/em><\/p>\n\n\n\n<ul><li>Natation : 400m <strong>en lac<\/strong> <\/li><li>Cyclisme : 10km (2 boucles)<\/li><li>Course \u00e0 pied : 2.5km<\/li><\/ul>\n\n\n\n<p><em>Tarifs: <\/em><\/p>\n\n\n\n<ul><li><em><strong>35\u20ac<\/strong><\/em><strong><em> [pas d&rsquo;inscription sur place]<\/em><\/strong><\/li><\/ul>\n\n\n\n<hr class=\"wp-block-separator\"\/>\n\n\n\n<p class=\"has-medium-font-size\"><span class=\"has-inline-color has-vivid-cyan-blue-color\"><strong>\u00c9preuve Cadets Gar\u00e7ons [2009-20<span class=\"has-inline-color has-vivid-cyan-blue-color\"><strong>10<\/strong><\/span>]<\/strong><\/span> : <span class=\"has-inline-color has-vivid-cyan-blue-color\"><strong>(S\u00e9lectif Championnat de France de Triathlon)<\/strong><\/span> <\/p>\n\n\n\n<p><em>Restrictions:<\/em><\/p>\n\n\n\n<ul><li>r\u00e9serv\u00e9e aux Cadets gar\u00e7ons <strong>licenci\u00e9s \u00e0 la FFtri<\/strong><\/li><li>personnes n\u00e9es entre le 1 janv. 2009 et le 31 d\u00e9c. 2010 (16-17 ans)<\/li><li>pas d&rsquo;inscription sur place (Jour J)<\/li><li><strong>100 places<\/strong> maximum<\/li><\/ul>\n\n\n\n<p><em>Horaires:<\/em><\/p>\n\n\n\n<ul><li>de 07h00 \u00e0 12h00 : Retrait des dossards (Possibilit\u00e9 le samedi de 12h00 \u00e0 19h00)<\/li><li>12h00 : Ouverture de l&rsquo;aire de transition<\/li><li><strong>12h50 : <\/strong>Fermeture de l&rsquo;aire de transition<\/li><li><strong>13h00 : D\u00e9part<\/strong><\/li><li>17h30 : Podium<\/li><\/ul>\n\n\n\n<p><em>\u00c9preuves:<\/em><\/p>\n\n\n\n<ul><li>Natation : 750m <strong>en lac<\/strong> <\/li><li>Cyclisme : 20km (4 boucles)<\/li><li>Course \u00e0 pied : 5km (2 boucles)<\/li><\/ul>\n\n\n\n<p><em>Tarifs: <\/em><\/p>\n\n\n\n<ul><li><em><strong>35\u20ac<\/strong><\/em><strong><em> [pas d&rsquo;inscription sur place]<\/em><\/strong><\/li><\/ul>\n\n\n\n<hr class=\"wp-block-separator\"\/>\n\n\n\n<p class=\"has-medium-font-size\"><span class=\"has-inline-color has-vivid-cyan-blue-color\"><strong>\u00c9preuve Cadettes <span class=\"has-inline-color has-vivid-cyan-blue-color\"><strong>[20<\/strong><\/span><strong>09-20<\/strong>10] et Juniors filles [2007-2008] : (S\u00e9lec<\/strong>t<strong>if Championnat de France de Triathlon)<\/strong><\/span> <\/p>\n\n\n\n<p><em>Restrictions:<\/em><\/p>\n\n\n\n<ul><li>r\u00e9serv\u00e9e aux Cadettes et Juniors filles <strong>licenci\u00e9es \u00e0 la FFtri<\/strong><\/li><li>personnes n\u00e9es entre le 1 janv. 2007 et le 31 d\u00e9c. 2010 (16-19 ans)<\/li><li>pas d&rsquo;inscription sur place (Jour J)<\/li><li><strong>100 places<\/strong> maximum (Cadettes + Juniores)<\/li><\/ul>\n\n\n\n<p><em>Horaires:<\/em><\/p>\n\n\n\n<ul><li>de 07h00 \u00e0 13h30 : Retrait des dossards (Possibilit\u00e9 le samedi de 12h00 \u00e0 19h00)<\/li><li>13h30 : Ouverture de l&rsquo;aire de transition<\/li><li><strong>14h20 : <\/strong>Fermeture de l&rsquo;aire de transition<\/li><li><strong>14h30 : D\u00e9part<\/strong> (Cadettes + Juniors filles)<\/li><li>17h30: Podium<\/li><\/ul>\n\n\n\n<p><em>\u00c9preuves:<\/em><\/p>\n\n\n\n<ul><li>Natation : 750m <strong>en lac<\/strong> <\/li><li>Cyclisme : 20km (4 boucles)<\/li><li>Course \u00e0 pied : 5km (2 boucles)<\/li><\/ul>\n\n\n\n<p><em>Tarifs: <\/em><\/p>\n\n\n\n<ul><li><em><strong>35\u20ac<\/strong><\/em><strong><em> [pas d&rsquo;inscription sur place]<\/em><\/strong><\/li><\/ul>\n\n\n\n<hr class=\"wp-block-separator\"\/>\n\n\n\n<p class=\"has-medium-font-size\"><span class=\"has-inline-color has-vivid-cyan-blue-color\"><strong>\u00c9preuve Juniors Gar\u00e7ons <span class=\"has-inline-color has-vivid-cyan-blue-color\"><strong>[2007-2008<\/strong><\/span>]<\/strong><\/span> : <span class=\"has-inline-color has-vivid-cyan-blue-color\"><strong>(S\u00e9lectif Championnat de France de Triathlon)<\/strong><\/span> <\/p>\n\n\n\n<p><em>Restrictions:<\/em><\/p>\n\n\n\n<ul><li>r\u00e9serv\u00e9e aux Juniors gar\u00e7ons <strong>licenci\u00e9s \u00e0 la FFtri<\/strong><\/li><li>personnes n\u00e9es entre le 1 janv. 2007 et le 31 d\u00e9c. 2008 (18-19 ans)<\/li><li>pas d&rsquo;inscription sur place (Jour J)<\/li><li><strong>100 places<\/strong> maximum<\/li><\/ul>\n\n\n\n<p><em>Horaires:<\/em><\/p>\n\n\n\n<ul><li>de 07h00 \u00e0 15h00 : Retrait des dossards (Possibilit\u00e9 le samedi de 12h00 \u00e0 19h00)<\/li><li>15h00 : Ouverture de l&rsquo;aire de transition<\/li><li><strong>15h50 : <\/strong>Fermeture de l&rsquo;aire de transition<\/li><li><strong>16h00 : D\u00e9part<\/strong><\/li><li>17h30 : Podium<\/li><\/ul>\n\n\n\n<p><em>\u00c9preuves:<\/em><\/p>\n\n\n\n<ul><li>Natation : 750m <strong>en lac<\/strong> <\/li><li>Cyclisme : 20km (4 boucles)<\/li><li>Course \u00e0 pied : 5km (2 boucles)<\/li><\/ul>\n\n\n\n<p><em>Tarifs: <\/em><\/p>\n\n\n\n<ul><li><em><strong>35\u20ac<\/strong><\/em><strong><em> [pas d&rsquo;inscription sur place]<\/em><\/strong><\/li><\/ul>\n\n\n\n<hr class=\"wp-block-separator\"\/>\n\n\n\n<hr class=\"wp-block-separator\"\/>\n\n\n<h3>&nbsp;<\/h3>\n<p><\/p>\n<hr class=\"wp-block-separator\"><!-- \/wp:separator --><p><\/p>","protected":false},"excerpt":{"rendered":"<p>ATTENTION : Ce programme peut encore \u00eatre modifi\u00e9 (derni\u00e8re mise \u00e0 jour le 14\/03\/2026) Modifications en date du 08\/04\/2026 : Changement d&rsquo;horaires + organisations des \u00e9preuves SAMEDI 23 MAI 2026 (\u00c9preuves OPEN) Jeunes 6-9 ans (J1) Restrictions: ouvert aux licenci\u00e9(e)s et non licenci\u00e9(e)s FFTri personnes n\u00e9es entre le 1 janv. 2017 et le 31 d\u00e9c. [&hellip;]<\/p>\n","protected":false},"author":1,"featured_media":0,"parent":0,"menu_order":0,"comment_status":"closed","ping_status":"closed","template":"","meta":{"spay_email":""},"jetpack_sharing_enabled":true,"jetpack_shortlink":"https:\/\/wp.me\/P8bwIy-1A","jetpack-related-posts":[{"id":43,"url":"https:\/\/www.montceautriathlon.com\/blog\/se-licencier-au-club\/","url_meta":{"origin":98,"position":0},"title":"Se licencier au club","date":"13 novembre 2015","format":false,"excerpt":"PASS'CLUB : 1 mois d'essai gratuit ! PASS'SPORT : le club accepte le pass'sport si vous en \u00eates b\u00e9n\u00e9ficiaire. LICENCE 2025-2026 Vous pouvez d\u00e9s \u00e0 pr\u00e9sent prendre ou renouveler votre licence. Toute prise de\u00a0licence (nouvelle, renouvellement ou mutation) se fait sur le site de la FFTri : Espace Tri 2.0\u2026","rel":"","context":"Article similaire","img":{"alt_text":"","src":"","width":0,"height":0},"classes":[]},{"id":3747,"url":"https:\/\/www.montceautriathlon.com\/blog\/pass-club\/","url_meta":{"origin":98,"position":1},"title":"pass club","date":"20 ao\u00fbt 2020","format":false,"excerpt":"PASS CLUB Depuis 2013, la F\u00e9d\u00e9ration Fran\u00e7aise de Triathlon souhaite faciliter la d\u00e9couverte des disciplines encha\u00een\u00e9es \u00e0 tous les non-licenci\u00e9s en cr\u00e9ant le\u00a0PASS CLUB. Ce Pass permet \u00e0 tous les sportifs amateurs de tous \u00e2ges et tous niveaux de b\u00e9n\u00e9ficier gratuitement d\u2019un mois d\u2019essai au sein d\u2019un club de Triathlon\u2026","rel":"","context":"Article similaire","img":{"alt_text":"","src":"","width":0,"height":0},"classes":[]},{"id":118,"url":"https:\/\/www.montceautriathlon.com\/blog\/reglementation\/","url_meta":{"origin":98,"position":2},"title":"R\u00c9GLEMENTATION","date":"10 mars 2016","format":false,"excerpt":"R\u00c9GLEMENTATIONS\u00a0G\u00c9N\u00c9RALES R\u00e9glementation des 1\/2 finales des Championnats de France Jeunes de Triathlon R\u00e9glementation sportive FFTri","rel":"","context":"Article similaire","img":{"alt_text":"","src":"","width":0,"height":0},"classes":[]},{"id":3167,"url":"https:\/\/www.montceautriathlon.com\/blog\/page-d-exemple\/programme-br\/","url_meta":{"origin":98,"position":3},"title":"PROGRAMME","date":"16 septembre 2019","format":false,"excerpt":"ATTENTION : Ce programme peut encore \u00eatre modifi\u00e9. DIMANCHE 19 OCTOBRE 2025 Bike&Run J1 : 6-11 ans Restrictions: personnes n\u00e9es entre le 1 janv. 2015 et le 31 d\u00e9c. 2020 Horaires: de 11h00 \u00e0 12h30: Retrait des dossardsde 12h15 \u00e0 12h45: Entr\u00e9e Aire de Transition (Parc)12h45: Regroupement Zone d\u2019appel (D\u00e9part)13h00:\u2026","rel":"","context":"Article similaire","img":{"alt_text":"","src":"","width":0,"height":0},"classes":[]},{"id":12,"url":"https:\/\/www.montceautriathlon.com\/blog\/le-mot-du-president\/","url_meta":{"origin":98,"position":4},"title":"Le mot du pr\u00e9sident","date":"13 novembre 2015","format":false,"excerpt":"Des plus jeunes aux v\u00e9t\u00e9rans confirm\u00e9s, sportifs occasionnels ou comp\u00e9titeurs, pour leur simple plaisir ou le besoin de se surpasser, le triathlon et disciplines associ\u00e9es, permettent \u00e0 chacun, selon son niveau, de nager, rouler, courir, de pratiquer ou se sensibiliser aux joies de l\u2019encha\u00eenement. D\u00e9couverte ou comp\u00e9tition, le Triathlon, sport\u2026","rel":"","context":"Article similaire","img":{"alt_text":"","src":"","width":0,"height":0},"classes":[]},{"id":94,"url":"https:\/\/www.montceautriathlon.com\/blog\/inscription\/","url_meta":{"origin":98,"position":5},"title":"INSCRIPTIONS","date":"10 mars 2016","format":false,"excerpt":"Nous vous sugg\u00e9rons de bien lire la r\u00e8glementation de cette manifestation avant de proc\u00e9der \u00e0 votre inscription. \u00a0 ATTENTION : Aucune inscription ne sera possible sur place (Jour J) pour les \u00e9preuves comptants pour les s\u00e9lectifs du Championnats de France Jeunes de Triathlon. Une majoration de 2\u20ac sera appliqu\u00e9e sur\u2026","rel":"","context":"Article similaire","img":{"alt_text":"","src":"https:\/\/i1.wp.com\/www.montceautriathlon.com\/blog\/wp-content\/uploads\/2026\/03\/Capture-decran-2026-03-14-135719-245x300.png?resize=350%2C200&ssl=1","width":350,"height":200},"classes":[]}],"_links":{"self":[{"href":"https:\/\/www.montceautriathlon.com\/blog\/wp-json\/wp\/v2\/pages\/98"}],"collection":[{"href":"https:\/\/www.montceautriathlon.com\/blog\/wp-json\/wp\/v2\/pages"}],"about":[{"href":"https:\/\/www.montceautriathlon.com\/blog\/wp-json\/wp\/v2\/types\/page"}],"author":[{"embeddable":true,"href":"https:\/\/www.montceautriathlon.com\/blog\/wp-json\/wp\/v2\/users\/1"}],"replies":[{"embeddable":true,"href":"https:\/\/www.montceautriathlon.com\/blog\/wp-json\/wp\/v2\/comments?post=98"}],"version-history":[{"count":175,"href":"https:\/\/www.montceautriathlon.com\/blog\/wp-json\/wp\/v2\/pages\/98\/revisions"}],"predecessor-version":[{"id":8804,"href":"https:\/\/www.montceautriathlon.com\/blog\/wp-json\/wp\/v2\/pages\/98\/revisions\/8804"}],"wp:attachment":[{"href":"https:\/\/www.montceautriathlon.com\/blog\/wp-json\/wp\/v2\/media?parent=98"}],"curies":[{"name":"wp","href":"https:\/\/api.w.org\/{rel}","templated":true}]}}