{"id":7099,"date":"2024-10-30T11:50:29","date_gmt":"2024-10-30T10:50:29","guid":{"rendered":"https:\/\/www.montceautriathlon.com\/blog\/?page_id=7099"},"modified":"2024-10-30T11:50:31","modified_gmt":"2024-10-30T10:50:31","slug":"acces-grands-parcs","status":"publish","type":"page","link":"https:\/\/www.montceautriathlon.com\/blog\/acces-grands-parcs\/","title":{"rendered":"acc\u00e8s grands parcs"},"content":{"rendered":"\n<p><a rel=\"noreferrer noopener\" href=\"https:\/\/www.montceautriathlon.com\/blog\/wp-content\/uploads\/2024\/10\/acces-BR.jpg\" target=\"_blank\">https:\/\/www.montceautriathlon.com\/blog\/wp-content\/uploads\/2024\/10\/acces-BR.jpg<\/a> <\/p>\n\n\n\n<p>Le B&amp;R de montceau se tient aux Grands Parcs .Accueil derri\u00e8re hotel Ibis. Au carrefour du Mc DO, direction restaurant antillais. Prendre la route d&rsquo;acc\u00e8s juste en face. parking en bas \u00e0 droite. finir \u00e0 pieds en passant sous le tunnel.<\/p>\n\n\n\n<p><\/p>\n\n\n\n<p><\/p>\n","protected":false},"excerpt":{"rendered":"<p>https:\/\/www.montceautriathlon.com\/blog\/wp-content\/uploads\/2024\/10\/acces-BR.jpg Le B&amp;R de montceau se tient aux Grands Parcs .Accueil derri\u00e8re hotel Ibis. Au carrefour du Mc DO, direction restaurant antillais. Prendre la route d&rsquo;acc\u00e8s juste en face. parking en bas \u00e0 droite. finir \u00e0 pieds en passant sous le tunnel.<\/p>\n","protected":false},"author":5,"featured_media":0,"parent":0,"menu_order":0,"comment_status":"closed","ping_status":"closed","template":"","meta":{"spay_email":""},"jetpack_sharing_enabled":true,"jetpack_shortlink":"https:\/\/wp.me\/P8bwIy-1Qv","jetpack-related-posts":[{"id":114,"url":"https:\/\/www.montceautriathlon.com\/blog\/acces\/","url_meta":{"origin":7099,"position":0},"title":"Acc\u00e8s","date":"10 mars 2016","format":false,"excerpt":"Comment venir \u00e0 Montceau-les-Mines ? acc\u00e8s aux Grands Parcs \u00a0","rel":"","context":"Article similaire","img":{"alt_text":"","src":"","width":0,"height":0},"classes":[]},{"id":3172,"url":"https:\/\/www.montceautriathlon.com\/blog\/pour-acceder-au-site\/","url_meta":{"origin":7099,"position":1},"title":"Pour acc\u00e9der au site","date":"16 septembre 2019","format":false,"excerpt":"Comment venir \u00e0 Montceau-les-Mines ? pour acc\u00e9der au site : Arriv\u00e9e aux Grands Parcs","rel":"","context":"Article similaire","img":{"alt_text":"","src":"","width":0,"height":0},"classes":[]},{"id":2699,"url":"https:\/\/www.montceautriathlon.com\/blog\/annulation-swimrun\/","url_meta":{"origin":7099,"position":2},"title":"ANNULATION SWIMRUN du 2 juin prochain !","date":"1 avril 2019","format":false,"excerpt":"Malgr\u00e9 toutes nos tentatives et de nombreux rendez-vous, nous n\u2019avons pas r\u00e9ussi \u00e0 obtenir toutes les autorisations n\u00e9cessaires \u00e0 l\u2019organisation de notre Swimrun de la Pyramide pr\u00e9vu le 2 juin et c\u2019est avec grand regret que nous devons renoncer ! Malgr\u00e9 tout et apr\u00e8s d\u00e9lib\u00e9ration du comit\u00e9 directeur, nous avons\u2026","rel":"","context":"Article similaire","img":{"alt_text":"","src":"","width":0,"height":0},"classes":[]},{"id":41,"url":"https:\/\/www.montceautriathlon.com\/blog\/les-horaires\/","url_meta":{"origin":7099,"position":3},"title":"Les horaires","date":"13 novembre 2015","format":false,"excerpt":"Nouveau: cr\u00e9neaux famille: mardi de 18h30 \u00e0 19h30: course \u00e0 pied adultes et course \u00e0 pied jeunes mercredi de 18h \u00e0 19h: natation adultes et natation jeunes Course \u00e0 pied Les s\u00e9ances de course \u00e0 pied se d\u00e9roulent au stade Jean Bouveri (accueil c\u00f4t\u00e9 \u00e9tang du Plessis) \u00e0 Montceau Les\u2026","rel":"","context":"Article similaire","img":{"alt_text":"","src":"","width":0,"height":0},"classes":[]},{"id":16,"url":"https:\/\/www.montceautriathlon.com\/blog\/presentation-du-club\/","url_meta":{"origin":7099,"position":4},"title":"Pr\u00e9sentation du club","date":"13 novembre 2015","format":false,"excerpt":"Historique Le club de triathlon de Montceau Les Mines\u00a0est n\u00e9\u00a0en 1999 sous l\u2019impulsion de\u00a03 licenci\u00e9s. Il est agr\u00e9\u00e9 Jeunesse et sports le 27\/11\/2000 En 2002, alors qu\u2019il ne compte que 17 licenci\u00e9s dont 5 jeunes,\u00a0le club\u00a0se lance dans l\u2019organisation de son premier aquathlon. En 2005, il compte d\u00e9j\u00e0 \u00a063 licenci\u00e9s\u00a0et\u2026","rel":"","context":"Article similaire","img":{"alt_text":"","src":"","width":0,"height":0},"classes":[]},{"id":116,"url":"https:\/\/www.montceautriathlon.com\/blog\/stationnement\/","url_meta":{"origin":7099,"position":5},"title":"Stationnement","date":"10 mars 2016","format":false,"excerpt":"Comment avoir acc\u00e8s aux diff\u00e9rents parkings, autour du site ?","rel":"","context":"Article similaire","img":{"alt_text":"","src":"","width":0,"height":0},"classes":[]}],"_links":{"self":[{"href":"https:\/\/www.montceautriathlon.com\/blog\/wp-json\/wp\/v2\/pages\/7099"}],"collection":[{"href":"https:\/\/www.montceautriathlon.com\/blog\/wp-json\/wp\/v2\/pages"}],"about":[{"href":"https:\/\/www.montceautriathlon.com\/blog\/wp-json\/wp\/v2\/types\/page"}],"author":[{"embeddable":true,"href":"https:\/\/www.montceautriathlon.com\/blog\/wp-json\/wp\/v2\/users\/5"}],"replies":[{"embeddable":true,"href":"https:\/\/www.montceautriathlon.com\/blog\/wp-json\/wp\/v2\/comments?post=7099"}],"version-history":[{"count":1,"href":"https:\/\/www.montceautriathlon.com\/blog\/wp-json\/wp\/v2\/pages\/7099\/revisions"}],"predecessor-version":[{"id":7100,"href":"https:\/\/www.montceautriathlon.com\/blog\/wp-json\/wp\/v2\/pages\/7099\/revisions\/7100"}],"wp:attachment":[{"href":"https:\/\/www.montceautriathlon.com\/blog\/wp-json\/wp\/v2\/media?parent=7099"}],"curies":[{"name":"wp","href":"https:\/\/api.w.org\/{rel}","templated":true}]}}