{"id":6515,"date":"2023-12-06T11:52:08","date_gmt":"2023-12-06T10:52:08","guid":{"rendered":"https:\/\/www.montceautriathlon.com\/blog\/?page_id=6515"},"modified":"2024-09-02T10:32:36","modified_gmt":"2024-09-02T09:32:36","slug":"reglement-interieur-du-club","status":"publish","type":"page","link":"https:\/\/www.montceautriathlon.com\/blog\/reglement-interieur-du-club\/","title":{"rendered":"R\u00e8glement int\u00e9rieur du club"},"content":{"rendered":"\n<p>suivre le lien : <\/p>\n\n\n\n<p> <a rel=\"noreferrer noopener\" href=\"https:\/\/www.montceautriathlon.com\/blog\/wp-content\/uploads\/2024\/09\/RI-2024-2025.docx-1.pdf\" target=\"_blank\">https:\/\/www.montceautriathlon.com\/blog\/wp-content\/uploads\/2023\/12\/RI-club-202<\/a>4<a href=\"https:\/\/www.montceautriathlon.com\/blog\/wp-content\/uploads\/2024\/09\/RI-2024-2025.docx-1.pdf\" target=\"_blank\" rel=\"noreferrer noopener\">-2025.pdf<\/a><\/p>\n","protected":false},"excerpt":{"rendered":"<p>suivre le lien : https:\/\/www.montceautriathlon.com\/blog\/wp-content\/uploads\/2023\/12\/RI-club-2024-2025.pdf<\/p>\n","protected":false},"author":5,"featured_media":0,"parent":0,"menu_order":0,"comment_status":"closed","ping_status":"closed","template":"","meta":{"spay_email":""},"jetpack_sharing_enabled":true,"jetpack_shortlink":"https:\/\/wp.me\/P8bwIy-1H5","jetpack-related-posts":[{"id":1832,"url":"https:\/\/www.montceautriathlon.com\/blog\/newsletter-du-club-decembre-janvier-2018\/","url_meta":{"origin":6515,"position":0},"title":"Newsletter du club (D\u00e9cembre \/ Janvier 2018)","date":"19 mars 2018","format":false,"excerpt":"","rel":"","context":"Article similaire","img":{"alt_text":"","src":"","width":0,"height":0},"classes":[]},{"id":27,"url":"https:\/\/www.montceautriathlon.com\/blog\/challenge-du-club\/","url_meta":{"origin":6515,"position":1},"title":"Challenge du club","date":"13 novembre 2015","format":false,"excerpt":"Comme chaque ann\u00e9e le club organise un challenge interne. Vous trouverez le \u00a0\u00a0 le r\u00e8glement du challenge du club 2019 ici Comme indiqu\u00e9 dans le r\u00e8glement, Sophie Rousseau doit recevoir vos r\u00e9sultats en g\u00e9n\u00e9ral et tout particuli\u00e8rement ceux concernant le challenge du club afin d\u2019en faciliter le suivi au cours\u2026","rel":"","context":"Article similaire","img":{"alt_text":"","src":"","width":0,"height":0},"classes":[]},{"id":7099,"url":"https:\/\/www.montceautriathlon.com\/blog\/acces-grands-parcs\/","url_meta":{"origin":6515,"position":2},"title":"acc\u00e8s grands parcs","date":"30 octobre 2024","format":false,"excerpt":"https:\/\/www.montceautriathlon.com\/blog\/wp-content\/uploads\/2024\/10\/acces-BR.jpg Le B&R de montceau se tient aux Grands Parcs .Accueil derri\u00e8re hotel Ibis. Au carrefour du Mc DO, direction restaurant antillais. Prendre la route d'acc\u00e8s juste en face. parking en bas \u00e0 droite. finir \u00e0 pieds en passant sous le tunnel.","rel":"","context":"Article similaire","img":{"alt_text":"","src":"","width":0,"height":0},"classes":[]},{"id":3317,"url":"https:\/\/www.montceautriathlon.com\/blog\/le-triathlon-ce-nest-pas-que-des-ironmans\/","url_meta":{"origin":6515,"position":3},"title":"Le triathlon","date":"7 novembre 2019","format":false,"excerpt":"LE TRIATHLON : ce n'est pas que des Ironmans ! Pour une d\u00e9couverte du triathlon en g\u00e9n\u00e9ral et de ses disciplines associ\u00e9es, rien de mieux que de suivre le lien de la f\u00e9d\u00e9ration et de suivre les diff\u00e9rentes vid\u00e9os ! suivez le lien suivant ! \u00a0","rel":"","context":"Article similaire","img":{"alt_text":"","src":"","width":0,"height":0},"classes":[]},{"id":3747,"url":"https:\/\/www.montceautriathlon.com\/blog\/pass-club\/","url_meta":{"origin":6515,"position":4},"title":"pass club","date":"20 ao\u00fbt 2020","format":false,"excerpt":"PASS CLUB Depuis 2013, la F\u00e9d\u00e9ration Fran\u00e7aise de Triathlon souhaite faciliter la d\u00e9couverte des disciplines encha\u00een\u00e9es \u00e0 tous les non-licenci\u00e9s en cr\u00e9ant le\u00a0PASS CLUB. Ce Pass permet \u00e0 tous les sportifs amateurs de tous \u00e2ges et tous niveaux de b\u00e9n\u00e9ficier gratuitement d\u2019un mois d\u2019essai au sein d\u2019un club de Triathlon\u2026","rel":"","context":"Article similaire","img":{"alt_text":"","src":"","width":0,"height":0},"classes":[]},{"id":43,"url":"https:\/\/www.montceautriathlon.com\/blog\/se-licencier-au-club\/","url_meta":{"origin":6515,"position":5},"title":"Se licencier au club","date":"13 novembre 2015","format":false,"excerpt":"PASS'CLUB : 1 mois d'essai gratuit ! PASS'SPORT : le club accepte le pass'sport si vous en \u00eates b\u00e9n\u00e9ficiaire. LICENCE 2025-2026 Vous pouvez d\u00e9s \u00e0 pr\u00e9sent prendre ou renouveler votre licence. Toute prise de\u00a0licence (nouvelle, renouvellement ou mutation) se fait sur le site de la FFTri : Espace Tri 2.0\u2026","rel":"","context":"Article similaire","img":{"alt_text":"","src":"","width":0,"height":0},"classes":[]}],"_links":{"self":[{"href":"https:\/\/www.montceautriathlon.com\/blog\/wp-json\/wp\/v2\/pages\/6515"}],"collection":[{"href":"https:\/\/www.montceautriathlon.com\/blog\/wp-json\/wp\/v2\/pages"}],"about":[{"href":"https:\/\/www.montceautriathlon.com\/blog\/wp-json\/wp\/v2\/types\/page"}],"author":[{"embeddable":true,"href":"https:\/\/www.montceautriathlon.com\/blog\/wp-json\/wp\/v2\/users\/5"}],"replies":[{"embeddable":true,"href":"https:\/\/www.montceautriathlon.com\/blog\/wp-json\/wp\/v2\/comments?post=6515"}],"version-history":[{"count":4,"href":"https:\/\/www.montceautriathlon.com\/blog\/wp-json\/wp\/v2\/pages\/6515\/revisions"}],"predecessor-version":[{"id":7008,"href":"https:\/\/www.montceautriathlon.com\/blog\/wp-json\/wp\/v2\/pages\/6515\/revisions\/7008"}],"wp:attachment":[{"href":"https:\/\/www.montceautriathlon.com\/blog\/wp-json\/wp\/v2\/media?parent=6515"}],"curies":[{"name":"wp","href":"https:\/\/api.w.org\/{rel}","templated":true}]}}