{"id":6248,"date":"2023-09-29T12:21:13","date_gmt":"2023-09-29T11:21:13","guid":{"rendered":"https:\/\/www.montceautriathlon.com\/blog\/?page_id=6248"},"modified":"2026-03-14T15:40:40","modified_gmt":"2026-03-14T14:40:40","slug":"inscriptions-bikeandrun","status":"publish","type":"page","link":"https:\/\/www.montceautriathlon.com\/blog\/inscriptions-bikeandrun\/","title":{"rendered":"Bike and Run 2025"},"content":{"rendered":"\n<ul><li>Pour les inscriptions en \u00ab\u00a0groupe club\u00a0\u00bb, veuillez contacter l&rsquo;organisation \u00e0 l&rsquo;adresse : <a href=\"mailto:clubmontceautriathlon@gmail.fr\">clubmontceautriathlon@gmail.com<\/a><\/li><li>Pour les inscriptions individuelles, veuillez cliquer sur le bouton ci-dessous :<\/li><\/ul>\n\n\n<div class=\"su-button-center\"><a href=\"https:\/\/in.inscriptions-tiel.com\/bike--run-crapa-20251758277780608\" class=\"su-button su-button-style-3d\" style=\"color:#FFFFFF;background-color:#2D89EF;border-color:#246ec0;border-radius:5px;-moz-border-radius:5px;-webkit-border-radius:5px\" target=\"_blank\" rel=\"noopener noreferrer\"><span style=\"color:#FFFFFF;padding:0px 16px;font-size:13px;line-height:26px;border-color:#6cadf4;border-radius:5px;-moz-border-radius:5px;-webkit-border-radius:5px;text-shadow:none;-moz-text-shadow:none;-webkit-text-shadow:none\"> Inscription en ligne<\/span><\/a><\/div>\n\n\n\n<figure class=\"wp-block-image size-large\"><img data-attachment-id=\"8104\" data-permalink=\"https:\/\/www.montceautriathlon.com\/blog\/inscriptions-bikeandrun\/flyer-br-2025-2\/\" data-orig-file=\"https:\/\/www.montceautriathlon.com\/blog\/wp-content\/uploads\/2025\/09\/Flyer-BR-2025-1.png\" data-orig-size=\"1414,2000\" data-comments-opened=\"1\" data-image-meta=\"{&quot;aperture&quot;:&quot;0&quot;,&quot;credit&quot;:&quot;&quot;,&quot;camera&quot;:&quot;&quot;,&quot;caption&quot;:&quot;&quot;,&quot;created_timestamp&quot;:&quot;0&quot;,&quot;copyright&quot;:&quot;&quot;,&quot;focal_length&quot;:&quot;0&quot;,&quot;iso&quot;:&quot;0&quot;,&quot;shutter_speed&quot;:&quot;0&quot;,&quot;title&quot;:&quot;&quot;,&quot;orientation&quot;:&quot;0&quot;}\" data-image-title=\"Flyer-B&#038;R-2025\" data-image-description=\"\" data-image-caption=\"\" data-medium-file=\"https:\/\/www.montceautriathlon.com\/blog\/wp-content\/uploads\/2025\/09\/Flyer-BR-2025-1-212x300.png\" data-large-file=\"https:\/\/www.montceautriathlon.com\/blog\/wp-content\/uploads\/2025\/09\/Flyer-BR-2025-1-724x1024.png\" loading=\"lazy\" width=\"724\" height=\"1024\" src=\"https:\/\/www.montceautriathlon.com\/blog\/wp-content\/uploads\/2025\/09\/Flyer-BR-2025-1-724x1024.png\" alt=\"\" class=\"wp-image-8104\" srcset=\"https:\/\/www.montceautriathlon.com\/blog\/wp-content\/uploads\/2025\/09\/Flyer-BR-2025-1-724x1024.png 724w, https:\/\/www.montceautriathlon.com\/blog\/wp-content\/uploads\/2025\/09\/Flyer-BR-2025-1-212x300.png 212w, https:\/\/www.montceautriathlon.com\/blog\/wp-content\/uploads\/2025\/09\/Flyer-BR-2025-1-768x1086.png 768w, https:\/\/www.montceautriathlon.com\/blog\/wp-content\/uploads\/2025\/09\/Flyer-BR-2025-1-1086x1536.png 1086w, https:\/\/www.montceautriathlon.com\/blog\/wp-content\/uploads\/2025\/09\/Flyer-BR-2025-1.png 1414w\" sizes=\"(max-width: 724px) 100vw, 724px\" \/><\/figure>\n\n\n\n<ul><li><a href=\"http:\/\/montceautriathlon.com\/blog\/wp-content\/uploads\/2019\/10\/certificat_medical.pdf\" target=\"_blank\" rel=\"noreferrer noopener\">Mod\u00e8le de certificat m\u00e9dical<\/a><\/li><\/ul>\n","protected":false},"excerpt":{"rendered":"<p>Pour les inscriptions en \u00ab\u00a0groupe club\u00a0\u00bb, veuillez contacter l&rsquo;organisation \u00e0 l&rsquo;adresse : clubmontceautriathlon@gmail.com Pour les inscriptions individuelles, veuillez cliquer sur le bouton ci-dessous : Mod\u00e8le de certificat m\u00e9dical<\/p>\n","protected":false},"author":1,"featured_media":0,"parent":0,"menu_order":0,"comment_status":"closed","ping_status":"closed","template":"","meta":{"spay_email":""},"jetpack_sharing_enabled":true,"jetpack_shortlink":"https:\/\/wp.me\/P8bwIy-1CM","jetpack-related-posts":[{"id":6238,"url":"https:\/\/www.montceautriathlon.com\/blog\/bike-run-2023\/","url_meta":{"origin":6248,"position":0},"title":"Bike &#038; Run 2025","date":"29 septembre 2023","format":false,"excerpt":"INSCRIPTIONSPROGRAMMEPARCOURSR\u00c9GLEMENTATIONBUVETTE","rel":"","context":"Article similaire","img":{"alt_text":"","src":"","width":0,"height":0},"classes":[]},{"id":493,"url":"https:\/\/www.montceautriathlon.com\/blog\/centre-daccueil-de-sanvignes-les-mines\/","url_meta":{"origin":6248,"position":1},"title":"Centre d&rsquo;accueil de Sanvignes-les-Mines","date":"23 mai 2016","format":false,"excerpt":"La mairie de Sanvignes-les-Mines propose son Centre d'accueil avec : 15\u20ac le lit par nuit\u00e9e 1 chambre de 6 lits 4 chambres de 8 lits une cuisine \u00e9quip\u00e9e Pour tout renseignement, veuillez contacter : MONTCEAU TRIATHLON Mr THIERRY Beno\u00eet T\u00e9l.:06.21.31.72.51 E-mail: benoit.thierry0301@orange.fr \u00a0","rel":"","context":"Article similaire","img":{"alt_text":"","src":"","width":0,"height":0},"classes":[]},{"id":94,"url":"https:\/\/www.montceautriathlon.com\/blog\/inscription\/","url_meta":{"origin":6248,"position":2},"title":"INSCRIPTIONS","date":"10 mars 2016","format":false,"excerpt":"Nous vous sugg\u00e9rons de bien lire la r\u00e8glementation de cette manifestation avant de proc\u00e9der \u00e0 votre inscription. \u00a0 ATTENTION : Aucune inscription ne sera possible sur place (Jour J) pour les \u00e9preuves comptants pour les s\u00e9lectifs du Championnats de France Jeunes de Triathlon. Une majoration de 2\u20ac sera appliqu\u00e9e sur\u2026","rel":"","context":"Article similaire","img":{"alt_text":"","src":"https:\/\/i1.wp.com\/www.montceautriathlon.com\/blog\/wp-content\/uploads\/2026\/03\/Capture-decran-2026-03-14-135719-245x300.png?resize=350%2C200&ssl=1","width":350,"height":200},"classes":[]},{"id":12,"url":"https:\/\/www.montceautriathlon.com\/blog\/le-mot-du-president\/","url_meta":{"origin":6248,"position":3},"title":"Le mot du pr\u00e9sident","date":"13 novembre 2015","format":false,"excerpt":"Des plus jeunes aux v\u00e9t\u00e9rans confirm\u00e9s, sportifs occasionnels ou comp\u00e9titeurs, pour leur simple plaisir ou le besoin de se surpasser, le triathlon et disciplines associ\u00e9es, permettent \u00e0 chacun, selon son niveau, de nager, rouler, courir, de pratiquer ou se sensibiliser aux joies de l\u2019encha\u00eenement. D\u00e9couverte ou comp\u00e9tition, le Triathlon, sport\u2026","rel":"","context":"Article similaire","img":{"alt_text":"","src":"","width":0,"height":0},"classes":[]},{"id":5347,"url":"https:\/\/www.montceautriathlon.com\/blog\/buvette-bike-run\/","url_meta":{"origin":6248,"position":4},"title":"Buvette","date":"5 octobre 2022","format":false,"excerpt":"Buvette sur place d\u00e8s 12h00 avec boissons chaudes et froides,vin chaud, soupe cr\u00eapes ou gaufres. Pas de restauration","rel":"","context":"Article similaire","img":{"alt_text":"","src":"","width":0,"height":0},"classes":[]},{"id":6316,"url":"https:\/\/www.montceautriathlon.com\/blog\/parcours-br\/","url_meta":{"origin":6248,"position":5},"title":"PARCOURS","date":"13 octobre 2023","format":false,"excerpt":"DIMANCHE 19 OCTOBRE 2025 Le Bike & Run se fait en \u00e9quipe de deux, avec un seul v\u00e9lo (VTT en g\u00e9n\u00e9ral). Un membre court, l'autre roule. Les athl\u00e8tes s'\u00e9changent le v\u00e9lo o\u00f9 et quand ils le veulent. Avant d'attaquer le VTT \u00e0 deux, une premi\u00e8re boucle en course \u00e0 pied\u2026","rel":"","context":"Article similaire","img":{"alt_text":"","src":"","width":0,"height":0},"classes":[]}],"_links":{"self":[{"href":"https:\/\/www.montceautriathlon.com\/blog\/wp-json\/wp\/v2\/pages\/6248"}],"collection":[{"href":"https:\/\/www.montceautriathlon.com\/blog\/wp-json\/wp\/v2\/pages"}],"about":[{"href":"https:\/\/www.montceautriathlon.com\/blog\/wp-json\/wp\/v2\/types\/page"}],"author":[{"embeddable":true,"href":"https:\/\/www.montceautriathlon.com\/blog\/wp-json\/wp\/v2\/users\/1"}],"replies":[{"embeddable":true,"href":"https:\/\/www.montceautriathlon.com\/blog\/wp-json\/wp\/v2\/comments?post=6248"}],"version-history":[{"count":24,"href":"https:\/\/www.montceautriathlon.com\/blog\/wp-json\/wp\/v2\/pages\/6248\/revisions"}],"predecessor-version":[{"id":8641,"href":"https:\/\/www.montceautriathlon.com\/blog\/wp-json\/wp\/v2\/pages\/6248\/revisions\/8641"}],"wp:attachment":[{"href":"https:\/\/www.montceautriathlon.com\/blog\/wp-json\/wp\/v2\/media?parent=6248"}],"curies":[{"name":"wp","href":"https:\/\/api.w.org\/{rel}","templated":true}]}}