{"id":54,"date":"2015-11-13T13:25:39","date_gmt":"2015-11-13T12:25:39","guid":{"rendered":"http:\/\/montceautriathlon.com\/blog\/?page_id=54"},"modified":"2018-06-27T12:13:32","modified_gmt":"2018-06-27T11:13:32","slug":"championnats-de-france-triathlon-jeunes-2016","status":"publish","type":"page","link":"https:\/\/www.montceautriathlon.com\/blog\/championnats-de-france-triathlon-jeunes-2016\/","title":{"rendered":"Coupe de France des Clubs de Duathlon et de Triathlon 2018"},"content":{"rendered":"<p><a href=\"http:\/\/montceautriathlon.com\/blog\/affiche-cdf2018_artboard-1\/\" target=\"_blank\" rel=\"noopener noreferrer\"><img data-attachment-id=\"2051\" data-permalink=\"https:\/\/www.montceautriathlon.com\/blog\/2018\/07\/13\/ouverture-des-inscriptions-pour-la-coupe-de-france-des-clubs-2018\/affiche-cdf2018_artboard-1\/\" data-orig-file=\"https:\/\/www.montceautriathlon.com\/blog\/wp-content\/uploads\/2018\/06\/Affiche-cdf2018_Artboard-1-e1530097882310.jpg\" data-orig-size=\"1985,2835\" data-comments-opened=\"1\" data-image-meta=\"{&quot;aperture&quot;:&quot;0&quot;,&quot;credit&quot;:&quot;&quot;,&quot;camera&quot;:&quot;&quot;,&quot;caption&quot;:&quot;&quot;,&quot;created_timestamp&quot;:&quot;0&quot;,&quot;copyright&quot;:&quot;&quot;,&quot;focal_length&quot;:&quot;0&quot;,&quot;iso&quot;:&quot;0&quot;,&quot;shutter_speed&quot;:&quot;0&quot;,&quot;title&quot;:&quot;&quot;,&quot;orientation&quot;:&quot;0&quot;}\" data-image-title=\"Affiche cdf2018_Artboard 1\" data-image-description=\"\" data-image-caption=\"\" data-medium-file=\"https:\/\/www.montceautriathlon.com\/blog\/wp-content\/uploads\/2018\/06\/Affiche-cdf2018_Artboard-1-e1530097882310-210x300.jpg\" data-large-file=\"https:\/\/www.montceautriathlon.com\/blog\/wp-content\/uploads\/2018\/06\/Affiche-cdf2018_Artboard-1-e1530097882310-717x1024.jpg\" loading=\"lazy\" class=\"aligncenter wp-image-2051 size-large\" src=\"http:\/\/montceautriathlon.com\/blog\/wp-content\/uploads\/2018\/06\/Affiche-cdf2018_Artboard-1-e1530097882310-717x1024.jpg\" alt=\"\" width=\"717\" height=\"1024\" srcset=\"https:\/\/www.montceautriathlon.com\/blog\/wp-content\/uploads\/2018\/06\/Affiche-cdf2018_Artboard-1-e1530097882310-717x1024.jpg 717w, https:\/\/www.montceautriathlon.com\/blog\/wp-content\/uploads\/2018\/06\/Affiche-cdf2018_Artboard-1-e1530097882310-210x300.jpg 210w, https:\/\/www.montceautriathlon.com\/blog\/wp-content\/uploads\/2018\/06\/Affiche-cdf2018_Artboard-1-e1530097882310-768x1097.jpg 768w, https:\/\/www.montceautriathlon.com\/blog\/wp-content\/uploads\/2018\/06\/Affiche-cdf2018_Artboard-1-e1530097882310.jpg 1985w\" sizes=\"(max-width: 717px) 100vw, 717px\" \/><\/a><\/p>\n","protected":false},"excerpt":{"rendered":"","protected":false},"author":1,"featured_media":0,"parent":0,"menu_order":0,"comment_status":"closed","ping_status":"closed","template":"","meta":{"spay_email":""},"jetpack_sharing_enabled":true,"jetpack_shortlink":"https:\/\/wp.me\/P8bwIy-S","jetpack-related-posts":[{"id":16,"url":"https:\/\/www.montceautriathlon.com\/blog\/presentation-du-club\/","url_meta":{"origin":54,"position":0},"title":"Pr\u00e9sentation du club","date":"13 novembre 2015","format":false,"excerpt":"Historique Le club de triathlon de Montceau Les Mines\u00a0est n\u00e9\u00a0en 1999 sous l\u2019impulsion de\u00a03 licenci\u00e9s. Il est agr\u00e9\u00e9 Jeunesse et sports le 27\/11\/2000 En 2002, alors qu\u2019il ne compte que 17 licenci\u00e9s dont 5 jeunes,\u00a0le club\u00a0se lance dans l\u2019organisation de son premier aquathlon. En 2005, il compte d\u00e9j\u00e0 \u00a063 licenci\u00e9s\u00a0et\u2026","rel":"","context":"Article similaire","img":{"alt_text":"","src":"","width":0,"height":0},"classes":[]},{"id":12,"url":"https:\/\/www.montceautriathlon.com\/blog\/le-mot-du-president\/","url_meta":{"origin":54,"position":1},"title":"Le mot du pr\u00e9sident","date":"13 novembre 2015","format":false,"excerpt":"Des plus jeunes aux v\u00e9t\u00e9rans confirm\u00e9s, sportifs occasionnels ou comp\u00e9titeurs, pour leur simple plaisir ou le besoin de se surpasser, le triathlon et disciplines associ\u00e9es, permettent \u00e0 chacun, selon son niveau, de nager, rouler, courir, de pratiquer ou se sensibiliser aux joies de l\u2019encha\u00eenement. D\u00e9couverte ou comp\u00e9tition, le Triathlon, sport\u2026","rel":"","context":"Article similaire","img":{"alt_text":"","src":"","width":0,"height":0},"classes":[]},{"id":3747,"url":"https:\/\/www.montceautriathlon.com\/blog\/pass-club\/","url_meta":{"origin":54,"position":2},"title":"pass club","date":"20 ao\u00fbt 2020","format":false,"excerpt":"PASS CLUB Depuis 2013, la F\u00e9d\u00e9ration Fran\u00e7aise de Triathlon souhaite faciliter la d\u00e9couverte des disciplines encha\u00een\u00e9es \u00e0 tous les non-licenci\u00e9s en cr\u00e9ant le\u00a0PASS CLUB. Ce Pass permet \u00e0 tous les sportifs amateurs de tous \u00e2ges et tous niveaux de b\u00e9n\u00e9ficier gratuitement d\u2019un mois d\u2019essai au sein d\u2019un club de Triathlon\u2026","rel":"","context":"Article similaire","img":{"alt_text":"","src":"","width":0,"height":0},"classes":[]},{"id":98,"url":"https:\/\/www.montceautriathlon.com\/blog\/programme\/","url_meta":{"origin":54,"position":3},"title":"PROGRAMME TRIATHLON","date":"10 mars 2016","format":false,"excerpt":"ATTENTION : Ce programme peut encore \u00eatre modifi\u00e9 (derni\u00e8re mise \u00e0 jour le 14\/03\/2026) Modifications en date du 08\/04\/2026 : Changement d'horaires + organisations des \u00e9preuves SAMEDI 23 MAI 2026 (\u00c9preuves OPEN) Jeunes 6-9 ans (J1) Restrictions: ouvert aux licenci\u00e9(e)s et non licenci\u00e9(e)s FFTri personnes n\u00e9es entre le 1 janv.\u2026","rel":"","context":"Article similaire","img":{"alt_text":"","src":"","width":0,"height":0},"classes":[]},{"id":3317,"url":"https:\/\/www.montceautriathlon.com\/blog\/le-triathlon-ce-nest-pas-que-des-ironmans\/","url_meta":{"origin":54,"position":4},"title":"Le triathlon","date":"7 novembre 2019","format":false,"excerpt":"LE TRIATHLON : ce n'est pas que des Ironmans ! Pour une d\u00e9couverte du triathlon en g\u00e9n\u00e9ral et de ses disciplines associ\u00e9es, rien de mieux que de suivre le lien de la f\u00e9d\u00e9ration et de suivre les diff\u00e9rentes vid\u00e9os ! suivez le lien suivant ! \u00a0","rel":"","context":"Article similaire","img":{"alt_text":"","src":"","width":0,"height":0},"classes":[]},{"id":2154,"url":"https:\/\/www.montceautriathlon.com\/blog\/soiree-bourguignonne\/","url_meta":{"origin":54,"position":5},"title":"Soir\u00e9e Coupe de France","date":"6 septembre 2018","format":false,"excerpt":"D\u00e8s 19h \u00e0 la salle de l'Embarcad\u00e8re (Montceau-les-Mines), Ap\u00e9ro Concert Suivi d'un Repas (\u00e0 r\u00e9server) Terrine de poisson accompagn\u00e9e de mac\u00e9doine et crudit\u00e9s Filet de poulet grill\u00e9 sauce foresti\u00e8re Gratin dauphinois Fromage,Dessert et caf\u00e9 Prix: 25\u20ac Soir\u00e9e anim\u00e9e par un DJ","rel":"","context":"Article similaire","img":{"alt_text":"","src":"","width":0,"height":0},"classes":[]}],"_links":{"self":[{"href":"https:\/\/www.montceautriathlon.com\/blog\/wp-json\/wp\/v2\/pages\/54"}],"collection":[{"href":"https:\/\/www.montceautriathlon.com\/blog\/wp-json\/wp\/v2\/pages"}],"about":[{"href":"https:\/\/www.montceautriathlon.com\/blog\/wp-json\/wp\/v2\/types\/page"}],"author":[{"embeddable":true,"href":"https:\/\/www.montceautriathlon.com\/blog\/wp-json\/wp\/v2\/users\/1"}],"replies":[{"embeddable":true,"href":"https:\/\/www.montceautriathlon.com\/blog\/wp-json\/wp\/v2\/comments?post=54"}],"version-history":[{"count":23,"href":"https:\/\/www.montceautriathlon.com\/blog\/wp-json\/wp\/v2\/pages\/54\/revisions"}],"predecessor-version":[{"id":2058,"href":"https:\/\/www.montceautriathlon.com\/blog\/wp-json\/wp\/v2\/pages\/54\/revisions\/2058"}],"wp:attachment":[{"href":"https:\/\/www.montceautriathlon.com\/blog\/wp-json\/wp\/v2\/media?parent=54"}],"curies":[{"name":"wp","href":"https:\/\/api.w.org\/{rel}","templated":true}]}}