{"id":50,"date":"2015-11-13T13:21:49","date_gmt":"2015-11-13T12:21:49","guid":{"rendered":"http:\/\/montceautriathlon.com\/blog\/?page_id=50"},"modified":"2025-11-06T11:21:49","modified_gmt":"2025-11-06T10:21:49","slug":"nous-contacter","status":"publish","type":"page","link":"https:\/\/www.montceautriathlon.com\/blog\/nous-contacter\/","title":{"rendered":"CONTACTS"},"content":{"rendered":"<p>Pour contacter directement le pr\u00e9sident ou la responsable de l\u2019\u00c9cole de triathlon suivre les liens ci-dessous :<\/p>\n<h2>Co Pr\u00e9sidents<\/h2>\n<p>Alexandre Vendramini<br \/>T\u00e9l: 06.27.88.40.25<br \/>email : <a href=\"pdt.montceautriathlon@gmail.com\">drg.montceautriathlon@gmail.com<\/a><\/p>\n<p>J\u00e9rome Dufour<\/p>\n<p>T\u00e9l: 06.71.25.42.70<\/p>\n<p>email : <a href=\"pdt.montceautriathlon@gmail.com\">drg.montceautriathlon@gmail.com<\/a><\/p>\n<h2>Employ\u00e9e du club<\/h2>\n<p>Sophie ROUSSEAU<br \/>Tel: 06.03.17.76.31<br \/>email : <a href=\"mailto:so.rousseau@aliceadsl.fr\">rtc.montceautriathlon@gmail.com<\/a><\/p>\n<h2>Vice pr\u00e9sident : Charg\u00e9 de la vie sportive<\/h2>\n<p>Beno\u00eet THIERRY<br \/>Tel: 06.21.31.72.51<br \/>email : <a href=\"mailto:clubmontceautriathlon@gmail.fr\">clubmontceautriathlon@gmail.com<\/a><\/p>\n<h2>Vice pr\u00e9sidente : Charg\u00e9e de la vie associative<\/h2>\n<p>Sandrine GHESQUIERE<br \/>Tel: 06.74.09.41.65<br \/>email : <a href=\"mailto:vdc.montceautriathlon@gmail.fr\">vdc.montceautriathlon@gmail.com<\/a><\/p>\n<h2>Vice pr\u00e9sident : Charg\u00e9 de la communication et des relations avec les partenaires.<\/h2>\n<p>Emile Fichet<br \/>Tel: 06.84.78.66.60<br \/>email : <a href=\"cmt.montceautriathlon@gmail.com\">ccr.montceautriathlon@gmail.com<\/a><\/p>\n<h2>Tr\u00e9sori\u00e8re<\/h2>\n<p>Fabienne Vaudelin<br \/>Tel: 06.77.55.29.96<br \/>email : <a href=\"mailto:olivier.grivault@orange.fr\">tsr.montceautriathlon@gmail<\/a><a href=\"tsr.montceautriathlon@gmail.com\">.com<\/a><\/p>\n<h2>Secr\u00e9taire<\/h2>\n<p>Catherine Piter \u00a0\u00a0\u00a0\u00a0\u00a0\u00a0\u00a0\u00a0\u00a0\u00a0\u00a0\u00a0\u00a0\u00a0\u00a0\u00a0\u00a0\u00a0\u00a0\u00a0\u00a0\u00a0\u00a0\u00a0\u00a0\u00a0\u00a0\u00a0\u00a0\u00a0\u00a0\u00a0\u00a0\u00a0\u00a0\u00a0\u00a0\u00a0\u00a0\u00a0\u00a0\u00a0\u00a0\u00a0\u00a0\u00a0\u00a0\u00a0\u00a0\u00a0\u00a0\u00a0\u00a0\u00a0\u00a0\u00a0\u00a0\u00a0\u00a0\u00a0\u00a0\u00a0\u00a0\u00a0\u00a0\u00a0\u00a0\u00a0\u00a0\u00a0\u00a0\u00a0\u00a0\u00a0\u00a0\u00a0\u00a0\u00a0\u00a0\u00a0\u00a0\u00a0\u00a0\u00a0\u00a0\u00a0\u00a0\u00a0\u00a0\u00a0\u00a0\u00a0\u00a0\u00a0\u00a0\u00a0\u00a0\u00a0\u00a0\u00a0\u00a0\u00a0\u00a0\u00a0 \u00a0 \u00a0 \u00a0 \u00a0 \u00a0 \u00a0 \u00a0 \u00a0 \u00a0 \u00a0 \u00a0 \u00a0 \u00a0 \u00a0 \u00a0 \u00a0 \u00a0 \u00a0 \u00a0 \u00a0 \u00a0 \u00a0 \u00a0 \u00a0 \u00a0 \u00a0 \u00a0 \u00a0 \u00a0 \u00a0 tel :06.83.42.36.62 \u00a0\u00a0 \u00a0\u00a0 \u00a0\u00a0 \u00a0\u00a0 \u00a0\u00a0 \u00a0\u00a0 \u00a0\u00a0 \u00a0\u00a0 \u00a0\u00a0 \u00a0\u00a0 \u00a0\u00a0 \u00a0\u00a0 \u00a0\u00a0 \u00a0\u00a0 \u00a0\u00a0 \u00a0\u00a0 \u00a0\u00a0 \u00a0\u00a0 \u00a0\u00a0 \u00a0 \u00a0 \u00a0 \u00a0 \u00a0 \u00a0 \u00a0 \u00a0 \u00a0 \u00a0 \u00a0 \u00a0 \u00a0 \u00a0 \u00a0 \u00a0 \u00a0 \u00a0 \u00a0 \u00a0 \u00a0 \u00a0 \u00a0 \u00a0 \u00a0 \u00a0 \u00a0 \u00a0 \u00a0 \u00a0 \u00a0\u00a0\u00a0\u00a0\u00a0\u00a0\u00a0\u00a0\u00a0\u00a0\u00a0\u00a0\u00a0\u00a0\u00a0\u00a0\u00a0\u00a0\u00a0\u00a0\u00a0\u00a0\u00a0\u00a0\u00a0\u00a0\u00a0\u00a0\u00a0\u00a0\u00a0\u00a0\u00a0\u00a0\u00a0\u00a0\u00a0\u00a0\u00a0\u00a0\u00a0\u00a0\u00a0\u00a0 <a href=\"srt.montceautriathlon@gmail.com\">srt.montceautriathlon@gmail.com<\/a><\/p>\n\n\n<p><\/p>\n","protected":false},"excerpt":{"rendered":"<p>Pour contacter directement le pr\u00e9sident ou la responsable de l\u2019\u00c9cole de triathlon suivre les liens ci-dessous : Co Pr\u00e9sidents Alexandre VendraminiT\u00e9l: 06.27.88.40.25email : drg.montceautriathlon@gmail.com J\u00e9rome Dufour T\u00e9l: 06.71.25.42.70 email : drg.montceautriathlon@gmail.com Employ\u00e9e du club Sophie ROUSSEAUTel: 06.03.17.76.31email : rtc.montceautriathlon@gmail.com Vice pr\u00e9sident : Charg\u00e9 de la vie sportive Beno\u00eet THIERRYTel: 06.21.31.72.51email : clubmontceautriathlon@gmail.com Vice pr\u00e9sidente : [&hellip;]<\/p>\n","protected":false},"author":1,"featured_media":0,"parent":0,"menu_order":0,"comment_status":"closed","ping_status":"closed","template":"","meta":{"spay_email":""},"jetpack_sharing_enabled":true,"jetpack_shortlink":"https:\/\/wp.me\/P8bwIy-O","jetpack-related-posts":[{"id":12,"url":"https:\/\/www.montceautriathlon.com\/blog\/le-mot-du-president\/","url_meta":{"origin":50,"position":0},"title":"Le mot du pr\u00e9sident","date":"13 novembre 2015","format":false,"excerpt":"Des plus jeunes aux v\u00e9t\u00e9rans confirm\u00e9s, sportifs occasionnels ou comp\u00e9titeurs, pour leur simple plaisir ou le besoin de se surpasser, le triathlon et disciplines associ\u00e9es, permettent \u00e0 chacun, selon son niveau, de nager, rouler, courir, de pratiquer ou se sensibiliser aux joies de l\u2019encha\u00eenement. D\u00e9couverte ou comp\u00e9tition, le Triathlon, sport\u2026","rel":"","context":"Article similaire","img":{"alt_text":"","src":"","width":0,"height":0},"classes":[]},{"id":41,"url":"https:\/\/www.montceautriathlon.com\/blog\/les-horaires\/","url_meta":{"origin":50,"position":1},"title":"Les horaires","date":"13 novembre 2015","format":false,"excerpt":"Nouveau: cr\u00e9neaux famille: mardi de 18h30 \u00e0 19h30: course \u00e0 pied adultes et course \u00e0 pied jeunes mercredi de 18h \u00e0 19h: natation adultes et natation jeunes Course \u00e0 pied Les s\u00e9ances de course \u00e0 pied se d\u00e9roulent au stade Jean Bouveri (accueil c\u00f4t\u00e9 \u00e9tang du Plessis) \u00e0 Montceau Les\u2026","rel":"","context":"Article similaire","img":{"alt_text":"","src":"","width":0,"height":0},"classes":[]},{"id":493,"url":"https:\/\/www.montceautriathlon.com\/blog\/centre-daccueil-de-sanvignes-les-mines\/","url_meta":{"origin":50,"position":2},"title":"Centre d&rsquo;accueil de Sanvignes-les-Mines","date":"23 mai 2016","format":false,"excerpt":"La mairie de Sanvignes-les-Mines propose son Centre d'accueil avec : 15\u20ac le lit par nuit\u00e9e 1 chambre de 6 lits 4 chambres de 8 lits une cuisine \u00e9quip\u00e9e Pour tout renseignement, veuillez contacter : MONTCEAU TRIATHLON Mr THIERRY Beno\u00eet T\u00e9l.:06.21.31.72.51 E-mail: benoit.thierry0301@orange.fr \u00a0","rel":"","context":"Article similaire","img":{"alt_text":"","src":"","width":0,"height":0},"classes":[]},{"id":110,"url":"https:\/\/www.montceautriathlon.com\/blog\/hebergement\/","url_meta":{"origin":50,"position":3},"title":"H\u00e9bergement (H\u00f4tel, g\u00eete, chambre d&rsquo;h\u00f4tes, camping)","date":"10 mars 2016","format":false,"excerpt":"O\u00f9 trouver un h\u00f4tel autour de Montceau-les-Mines ? Sur Montceau-les-Mines ibis Budget ibis Economique Nota Bene Le Konine H\u00f4tel Le France H\u00f4tel de Lucy Sur Blanzy : \u00e0 5km environ (9min) Le Maryland Sur Saint Eus\u00e8be : \u00e0 13km environ (16min) Le Pr\u00e9 au Bois Sur Montchanin (Proche gare TGV)\u2026","rel":"","context":"Article similaire","img":{"alt_text":"","src":"","width":0,"height":0},"classes":[]},{"id":94,"url":"https:\/\/www.montceautriathlon.com\/blog\/inscription\/","url_meta":{"origin":50,"position":4},"title":"INSCRIPTIONS","date":"10 mars 2016","format":false,"excerpt":"Nous vous sugg\u00e9rons de bien lire la r\u00e8glementation de cette manifestation avant de proc\u00e9der \u00e0 votre inscription. \u00a0 ATTENTION : Aucune inscription ne sera possible sur place (Jour J) pour les \u00e9preuves comptants pour les s\u00e9lectifs du Championnats de France Jeunes de Triathlon. Une majoration de 2\u20ac sera appliqu\u00e9e sur\u2026","rel":"","context":"Article similaire","img":{"alt_text":"","src":"https:\/\/i1.wp.com\/www.montceautriathlon.com\/blog\/wp-content\/uploads\/2026\/03\/Capture-decran-2026-03-14-135719-245x300.png?resize=350%2C200&ssl=1","width":350,"height":200},"classes":[]},{"id":3747,"url":"https:\/\/www.montceautriathlon.com\/blog\/pass-club\/","url_meta":{"origin":50,"position":5},"title":"pass club","date":"20 ao\u00fbt 2020","format":false,"excerpt":"PASS CLUB Depuis 2013, la F\u00e9d\u00e9ration Fran\u00e7aise de Triathlon souhaite faciliter la d\u00e9couverte des disciplines encha\u00een\u00e9es \u00e0 tous les non-licenci\u00e9s en cr\u00e9ant le\u00a0PASS CLUB. Ce Pass permet \u00e0 tous les sportifs amateurs de tous \u00e2ges et tous niveaux de b\u00e9n\u00e9ficier gratuitement d\u2019un mois d\u2019essai au sein d\u2019un club de Triathlon\u2026","rel":"","context":"Article similaire","img":{"alt_text":"","src":"","width":0,"height":0},"classes":[]}],"_links":{"self":[{"href":"https:\/\/www.montceautriathlon.com\/blog\/wp-json\/wp\/v2\/pages\/50"}],"collection":[{"href":"https:\/\/www.montceautriathlon.com\/blog\/wp-json\/wp\/v2\/pages"}],"about":[{"href":"https:\/\/www.montceautriathlon.com\/blog\/wp-json\/wp\/v2\/types\/page"}],"author":[{"embeddable":true,"href":"https:\/\/www.montceautriathlon.com\/blog\/wp-json\/wp\/v2\/users\/1"}],"replies":[{"embeddable":true,"href":"https:\/\/www.montceautriathlon.com\/blog\/wp-json\/wp\/v2\/comments?post=50"}],"version-history":[{"count":17,"href":"https:\/\/www.montceautriathlon.com\/blog\/wp-json\/wp\/v2\/pages\/50\/revisions"}],"predecessor-version":[{"id":8451,"href":"https:\/\/www.montceautriathlon.com\/blog\/wp-json\/wp\/v2\/pages\/50\/revisions\/8451"}],"wp:attachment":[{"href":"https:\/\/www.montceautriathlon.com\/blog\/wp-json\/wp\/v2\/media?parent=50"}],"curies":[{"name":"wp","href":"https:\/\/api.w.org\/{rel}","templated":true}]}}