{"id":43,"date":"2015-11-13T13:12:38","date_gmt":"2015-11-13T12:12:38","guid":{"rendered":"http:\/\/montceautriathlon.com\/blog\/?page_id=43"},"modified":"2025-09-30T09:02:52","modified_gmt":"2025-09-30T08:02:52","slug":"se-licencier-au-club","status":"publish","type":"page","link":"https:\/\/www.montceautriathlon.com\/blog\/se-licencier-au-club\/","title":{"rendered":"Se licencier au club"},"content":{"rendered":"\n<p class=\"has-medium-font-size\"><span class=\"has-inline-color has-vivid-purple-color\"><strong>PASS&rsquo;CLUB : 1 mois d&rsquo;essai gratuit !<\/strong><\/span><\/p>\n\n\n\n<p class=\"has-medium-font-size\"><strong><span class=\"has-inline-color has-vivid-cyan-blue-color\">PASS&rsquo;SPORT : le club accepte le pass&rsquo;sport si vous en \u00eates b\u00e9n\u00e9ficiaire.<\/span><\/strong><\/p>\n\n\n\n<h1><strong>LICENCE 2025-2026<\/strong><\/h1>\n\n\n\n<p>Vous pouvez d\u00e9s \u00e0 pr\u00e9sent prendre ou renouveler votre licence.<\/p>\n\n\n\n<p>Toute prise de&nbsp;licence (nouvelle, renouvellement ou mutation) se fait sur le site de la FFTri : <a href=\"https:\/\/espacetri.fftri.com\/\" target=\"_blank\" rel=\"noopener noreferrer\">Espace<\/a><a href=\"https:\/\/espacetri.fftri.com\/\" target=\"_blank\" rel=\"noopener noreferrer\"> Tri 2.0<\/a><\/p>\n\n\n\n<p>La F.F.TRI. a d\u00e9velopp\u00e9 une interface simplifi\u00e9e et met \u00e0 votre disposition de nouveaux services personnalis\u00e9s qui vous permettront :<\/p>\n\n\n\n<ul><li>d&rsquo;acc\u00e9der \u00e0 l&rsquo;espace prise de licence en ligne (Guide pas \u00e0 pas).<\/li><li>de suivre en temps r\u00e9el l\u2019avancement de votre demande de prise de licence,<\/li><li>d\u2019actualiser vos coordonn\u00e9es personnelles,<\/li><li>d&rsquo;\u00e9diter \u00e0 tout moment une attestation provisoire de licence annuelle.<\/li><\/ul>\n\n\n\n<hr class=\"wp-block-separator\"\/>\n\n\n\n<p><span style=\"color: #ff0000;\"><strong><u>D\u00e9j\u00e0 licenci\u00e9(e)<\/u><\/strong><\/span> : Votre licence est valable jusqu&rsquo;au <strong>31 d\u00e9cembre 2025, mais attention !&#8230;<\/strong><\/p>\n\n\n\n<p>Le renouvellement de votre licence doit se faire sur le site de la FFTri, <strong>au plus tard, le<\/strong> <strong>29 octobre 2025.<\/strong><\/p>\n\n\n\n<p><strong>D\u00e9pass\u00e9 cette date, il ne vous sera plus possible d&rsquo;acc\u00e9der aux entrainements propos\u00e9s par le club.<\/strong><\/p>\n\n\n\n<p>Nous vous proposerons des permanences pour d\u00e9poser l&rsquo;ensemble des documents n\u00e9cessaires \u00e0 la validation de votre licence, <strong>tous les mercredi du mois d&rsquo;octobre au bureau du club, situ\u00e9 \u00e0 la piscine de Montceau. (Permanence de 17h45 \u00e0 18h45 le 1, 8, 15, 22 et 29 octobre).<\/strong><\/p>\n\n\n\n<p><strong><u>Mode d&#8217;emploi de renouvellement <\/u><u>ou de mutation <\/u>:<\/strong><\/p>\n\n\n\n<ol><li>Acc\u00e9dez \u00e0 l&rsquo;interface&nbsp;<a href=\"https:\/\/espacetri.fftri.com\/\" target=\"_blank\" rel=\"noopener noreferrer\">Espace Tri 2.0<\/a>. (Pour acc\u00e9der \u00e0 votre espace licenci\u00e9, il vous est demand\u00e9 votre <strong>identifiant <\/strong>(6 premiers caract\u00e8res de votre licence) et <strong>mot de passe<\/strong> (possibilit\u00e9 de le r\u00e9initialiser si vous l&rsquo;avez oubli\u00e9) que vous avez re\u00e7u par e-mail de la FFTRI, lors de votre premi\u00e8re inscription.<\/li><li>Cliquez sur <strong>Renouveler sa licence<\/strong> et renseignez ou validez tous les champs pour chaque page (Donn\u00e9es personnelles, Formation, Choix ligue &amp; club, Choix de la licence&nbsp;et&nbsp;Assurances).<\/li><li>R\u00e9pondre au questionnaire de sant\u00e9 et pr\u00e9senter un certificat m\u00e9dical <strong>si n\u00e9cessaire<\/strong>.<\/li><li><span style=\"color: #000000;\">On vous demande de choisir entre <strong>3 formules d&rsquo;assurance<\/strong>. C&rsquo;est \u00e0 vous de choisir laquelle est la plus pertinente pour vous (<a href=\"https:\/\/www.montceautriathlon.com\/blog\/wp-content\/uploads\/2025\/09\/NOTICE_SAISON_2026_2026_F2_3.pdf\" target=\"_blank\" rel=\"noopener\">Voir notice d&rsquo;information<\/a>) . Si vous choisissez une autre formule que la N\u00b01 (4,80\u20ac : RC seule), vous aurez automatiquement un co\u00fbt suppl\u00e9mentaire sur votre licence ( Formule N\u00b01 : gratuite ; Formule N\u00b02 : +0,65\u20ac ; Formule N\u00b03 : +185,20\u20ac).<\/span><\/li><li>Apr\u00e8s confirmation du renouvellement de votre licence, <strong>t\u00e9l\u00e9chargez<\/strong> et <strong>imprimez<\/strong> votre demande de licence (Re\u00e7ue par \u00e9mail) et la <strong>signer<\/strong>.<\/li><li><span style=\"color: #0000ff;\"><span style=\"color: #000000;\">Une fois votre demande de licence valid\u00e9e sur le site de la FFTri, <strong>nous vous contacterons, par e-mail,<\/strong> pour vous confirmer le montant exact de la licence (en fonction du type de licence et du choix de formule d&rsquo;assurance).<\/span><\/span><\/li><li>Vous pourrez alors apporter votre dossier complet, avec toutes les pi\u00e8ces demand\u00e9es, <strong>uniquement<\/strong> lors des permanences propos\u00e9es (<strong>Tous les mercredis du mois d&rsquo;octobre, de 17h45 \u00e0 18h45, \u00e0 l\u2019adresse ci-dessous<\/strong>).\n<p align=\"center\"><strong>MONTCEAU TRIATHLON<\/strong><br>Centre Nautique<br>2, rue du Commandant MOUCHOTTE<br>71300 MONTCEAU-LES-MINES<\/p>\n<\/li><li>Pour ce qui est du choix de paiement, vous avez la possibilit\u00e9 de payer par <span style=\"color: #0000ff;\"><span style=\"color: #000000;\">virement bancaire, ch\u00e8que bancaire, carte bancaire, ch\u00e8ques vacances, coupons sport, passsport, etc&#8230;.Vous avez la possibilit\u00e9 \u00e9galement de payer en plusieurs fois (ch\u00e8ques retir\u00e9s au mois). <\/span><\/span><span style=\"color: #0000ff;\"><strong><span style=\"color: #000000;\">Nous vous demandons de ne pas payer par virement avant de passer \u00e0 la permanence.<\/span><\/strong><\/span><\/li><li><strong>ATTENTION: Tout dossier incomplet sera refus\u00e9.<\/strong><\/li><li>Si vous avez d\u00e9cid\u00e9 de changer de club (mutation), lors du renouvellement, l\u2019application le d\u00e9tectera et une proc\u00e9dure sp\u00e9cifique sera mise en \u0153uvre entre les deux clubs.<\/li><li>Vous pouvez suivre l\u2019\u00e9volution de votre demande sur votre espace personnel. Vous serez averti par e-mail, d\u00e8s que votre licence sera disponible.<\/li><\/ol>\n\n\n\n<hr class=\"wp-block-separator\"\/>\n\n\n\n<p><span style=\"color: #ff0000;\"><strong><u>Nouveau licenci\u00e9<\/u><\/strong> <\/span>: D\u00e8s septembre, profitez d\u2019une licence 2025 valable jusqu\u2019au 31 d\u00e9cembre 2026 !<\/p>\n\n\n\n<p>Vous voulez d\u00e9buter ou vous renseigner ou encore venir prendre la temp\u00e9rature avant de vous lancer dans cette aventure alors n\u2019h\u00e9sitez pas \u00e0 <a href=\"http:\/\/montceautriathlon.com\/blog\/nous-contacter\/\">nous contacter<\/a>.<\/p>\n\n\n\n<p>Vous pouvez directement prendre votre premi\u00e8re licence en ligne sur le site de la FFTri&nbsp;: <a href=\"https:\/\/espacetri.fftri.com\/\" target=\"_blank\" rel=\"noopener noreferrer\">Espace Tri 2.0<\/a><\/p>\n\n\n\n<p>Nous vous proposerons des permanences pour toutes informations <strong>tous les mercredi du mois d&rsquo;octobre (1, 8, 15, 22, 29 octobre) au bureau du club, situ\u00e9 \u00e0 la piscine de Montceau. <br><\/strong><\/p>\n\n\n\n<p><strong><u>Mode d&#8217;emploi <\/u><u>pour une premi\u00e8re licence<\/u> :<\/strong><\/p>\n\n\n\n<ol><li>Acc\u00e9dez \u00e0 l&rsquo;interface&nbsp;<a href=\"https:\/\/espacetri.fftri.com\/\" target=\"_blank\" rel=\"noopener noreferrer\">Espace Tri 2.0<\/a>.<\/li><li>Cliquez sur <b>Se<\/b><strong> licencie<\/strong><strong>r<\/strong> et renseignez tous les champs pour chaque page (Donn\u00e9es personnelles, Formation, Choix ligue &amp; club, Choix de la licence et Assurances).<\/li><li>Au moment du choix ligue : <b>BOURGOGNE <\/b>et du Club : <b>MONTCEAU TRIATHLON<\/b><\/li><li>Au moment du choix de la licence : vous avez 2 choix (<b>Licence club loisir<\/b> ou <b>comp\u00e9tition). <\/b>Il est pr\u00e9f\u00e9rable de choisir une <strong>licence Comp\u00e9tition pour les jeunes<\/strong> (&lt;18ans) sachant qu&rsquo;il n&rsquo;y a pas de diff\u00e9rence de tarif entre les 2.<b><br><\/b><\/li><li>Attention : Le co\u00fbt indiqu\u00e9 dans le champ <i>Type de licence<\/i> est celui que nous reversons \u00e0 la f\u00e9d\u00e9ration et \u00e0 la ligue. <strong>Pour le co\u00fbt r\u00e9el, reportez-vous au co\u00fbt r\u00e9el : Tarifs du club <\/strong><em>(qui comprend donc le co\u00fbt f\u00e9d\u00e9ration, ligue et la cotisation club)<\/em><\/li><li>On vous demande de choisir entre <strong>3 formules d&rsquo;assurance<\/strong>. C&rsquo;est \u00e0 vous de choisir laquelle est la plus pertinente pour vous (<a href=\"https:\/\/www.montceautriathlon.com\/blog\/wp-content\/uploads\/2025\/09\/NOTICE_SAISON_2026_2026_F2_3.pdf\" target=\"_blank\" rel=\"noopener\">Voir notice d&rsquo;information<\/a>) . Si vous choisissez une autre formule que la N\u00b01 (4,80\u20ac : RC seule), vous aurez automatiquement un co\u00fbt suppl\u00e9mentaire sur votre licence ( Formule N\u00b01 : gratuite ; Formule N\u00b02 : +0,65\u20ac ; Formule N\u00b03 : +185,20\u20ac).<\/li><li>Apr\u00e8s confirmation de la validation de votre licence, <strong>t\u00e9l\u00e9chargez<\/strong> et <strong>imprimez<\/strong> votre demande de licence (Re\u00e7ue par \u00e9mail) et la <strong>signer<\/strong>.<\/li><li>Une fois votre demande de licence valid\u00e9e sur le site de la FFTri, <strong>nous vous contacterons, par e-mail,<\/strong> pour vous confirmer le montant exact de la licence (en fonction du type de licence et du choix de formule d&rsquo;assurance).<\/li><li>Vous pourrez alors apporter votre dossier complet, avec toutes les pi\u00e8ces demand\u00e9es, <strong>uniquement<\/strong> lors des permanences propos\u00e9es (<strong>Tous les mercredis du mois d&rsquo;octobre, de 17h45 \u00e0 18h45, \u00e0 l\u2019adresse ci-dessous<\/strong>).\n<p align=\"center\"><strong>MONTCEAU TRIATHLON<\/strong><br>Centre Nautique<br>2, rue du Commandant MOUCHOTTE<br>71300 MONTCEAU-LES-MINES<\/p>\n<\/li><li>Pour ce qui est du choix de paiement, vous avez la possibilit\u00e9 de payer par virement bancaire, ch\u00e8que bancaire, carte bancaire, ch\u00e8ques vacances, coupons sport, passsport, etc&#8230;.Vous avez la possibilit\u00e9 \u00e9galement de payer en plusieurs fois (ch\u00e8ques retir\u00e9s au mois). <strong>Nous vous demandons de ne pas payer par virement avant de passer \u00e0 la permanence.<\/strong><\/li><li><strong>ATTENTION: Tout dossier incomplet sera refus\u00e9.<\/strong><\/li><li>Vous pouvez suivre l\u2019\u00e9volution de votre demande sur votre espace personnel. Vous serez averti par email d\u00e8s que votre licence sera disponible.<\/li><li>Un identifiant et un mot de passe vous seront transmis quand votre licence sera valid\u00e9e par la FFTri.<\/li><\/ol>\n\n\n\n<hr class=\"wp-block-separator\"\/>\n\n\n\n<p><strong><span class=\"has-inline-color has-vivid-red-color\"><span style=\"text-decoration: underline;\"><span style=\"color: #ff0000; text-decoration: underline;\">Tarifs licences <\/span><\/span><span style=\"color: #ff0000;\">:<\/span>&nbsp;<\/span>&nbsp;<\/strong><\/p>\n\n\n\n<p>Le prix de la licence est en fonction du choix du type de licence ainsi que du choix de l&rsquo;assurance.<\/p>\n\n\n\n<figure class=\"wp-block-image\"><a href=\"https:\/\/www.montceautriathlon.com\/blog\/wp-content\/uploads\/2025\/09\/Tarifs-2026.png\"><img data-attachment-id=\"8262\" data-permalink=\"https:\/\/www.montceautriathlon.com\/blog\/se-licencier-au-club\/tarifs-2026\/\" data-orig-file=\"https:\/\/www.montceautriathlon.com\/blog\/wp-content\/uploads\/2025\/09\/Tarifs-2026.png\" data-orig-size=\"716,163\" data-comments-opened=\"1\" data-image-meta=\"{&quot;aperture&quot;:&quot;0&quot;,&quot;credit&quot;:&quot;&quot;,&quot;camera&quot;:&quot;&quot;,&quot;caption&quot;:&quot;&quot;,&quot;created_timestamp&quot;:&quot;0&quot;,&quot;copyright&quot;:&quot;&quot;,&quot;focal_length&quot;:&quot;0&quot;,&quot;iso&quot;:&quot;0&quot;,&quot;shutter_speed&quot;:&quot;0&quot;,&quot;title&quot;:&quot;&quot;,&quot;orientation&quot;:&quot;0&quot;}\" data-image-title=\"Tarifs-2026\" data-image-description=\"\" data-image-caption=\"\" data-medium-file=\"https:\/\/www.montceautriathlon.com\/blog\/wp-content\/uploads\/2025\/09\/Tarifs-2026-300x68.png\" data-large-file=\"https:\/\/www.montceautriathlon.com\/blog\/wp-content\/uploads\/2025\/09\/Tarifs-2026.png\" loading=\"lazy\" width=\"716\" height=\"163\" src=\"https:\/\/www.montceautriathlon.com\/blog\/wp-content\/uploads\/2025\/09\/Tarifs-2026.png\" alt=\"\" class=\"wp-image-8262\" srcset=\"https:\/\/www.montceautriathlon.com\/blog\/wp-content\/uploads\/2025\/09\/Tarifs-2026.png 716w, https:\/\/www.montceautriathlon.com\/blog\/wp-content\/uploads\/2025\/09\/Tarifs-2026-300x68.png 300w\" sizes=\"(max-width: 716px) 100vw, 716px\" \/><\/a><\/figure>\n\n\n\n<p>Des r\u00e9ductions sont appliqu\u00e9es en cas de fratrie et de famille :<\/p>\n\n\n\n<p><\/p>\n\n\n\n<ul><li><strong>1\/2 tarif sur la part FFTri+Club pour 2 enfants et plus<\/strong> \u00a0 \u00a0 \u00a0 \u00a0 \u00a0 \u00a0 \u00a0 \u00a0 \u00a0 \u00a0 \u00a0 \u00a0 \u00a0 \u00a0 \u00a0 \u00a0 \u00a0 \u00a0 \u00a0 \u00a0 \u00a0 \u00a0 \u00a0\u00a0<\/li><\/ul>\n\n\n\n<p><strong><span class=\"has-inline-color has-vivid-red-color\">Pass&rsquo;Sport :<\/span><\/strong><\/p>\n\n\n\n<p>Le Pass&rsquo;Sport est une aide de <strong>70 euros<\/strong> pour financer le co\u00fbt de l&rsquo;inscription dans un club.<\/p>\n\n\n\n<p>Cette aide de l\u2019\u00c9tat est destin\u00e9e aux jeunes :<\/p>\n\n\n\n<ul><li><strong>De 14 \u00e0 17 ans b\u00e9n\u00e9ficiaires de l\u2019ARS&nbsp;<\/strong>(<a title=\"Lien vers le site de la CAF\" rel=\"noopener\" href=\"https:\/\/www.caf.fr\/allocataires\/droits-et-prestations\/s-informer-sur-les-aides\/enfance-et-jeunesse\/l-allocation-de-rentree-scolaire-ars\" target=\"_blank\">Allocation de Rentr\u00e9e Scolaire<\/a>)<\/li><li><strong>en situation de handicap<\/strong> :<ul><li><strong>de 6 \u00e0 19 ans<\/strong> b\u00e9n\u00e9ficiaires de <strong>l\u2019AEEH&nbsp;<\/strong>(<a title=\"Ouverture du site servicepublic.fr\" rel=\"noopener\" href=\"https:\/\/www.service-public.fr\/particuliers\/vosdroits\/F14809\" target=\"_blank\">Allocation d\u2019\u00e9ducation de l\u2019enfant handicap\u00e9<\/a>)<\/li><li><strong>de 16 \u00e0 30 ans<\/strong> b\u00e9n\u00e9ficiaires de <strong>l\u2019AAH <\/strong>(<a href=\"https:\/\/www.service-public.fr\/particuliers\/vosdroits\/F12242\" target=\"_blank\" rel=\"noreferrer noopener\">Allocation aux Adultes Handicap\u00e9s<\/a>)<\/li><\/ul><\/li><li><strong>de moins de 28 ans b\u00e9n\u00e9ficiaires d\u2019une bourse<\/strong> attribu\u00e9e avant le 15 octobre 2025&nbsp;:<ul><li>b<strong>ourse<\/strong> <strong>CROUS <\/strong>(y compris l\u2019aide annuelle)<\/li><li><strong>bourse r\u00e9gionale<\/strong> pour une formation sanitaire ou sociale<\/li><\/ul><\/li><\/ul>\n\n\n\n<p> <strong><span class=\"has-inline-color has-vivid-red-color\"><span style=\"text-decoration: underline;\"><span style=\"color: #ff0000; text-decoration: underline;\">Autres liens <\/span><\/span><span style=\"color: #ff0000;\">:<\/span><\/span><\/strong><\/p>\n\n\n\n<ul><li><strong>R\u00e8glement interne au club :<\/strong> <a rel=\"noopener\" href=\"https:\/\/www.montceautriathlon.com\/blog\/wp-content\/uploads\/2024\/09\/RI-2024-2025.docx-1.pdf\" target=\"_blank\">cliquer ici<\/a><\/li><li><strong>Tout savoir sur la demande d&rsquo;attribution du Pass&rsquo;Sport :<\/strong> <a rel=\"noopener\" href=\"https:\/\/www.sports.gouv.fr\/pratiques-sportives\/sports-pour-tous\/pass-sport\/\" target=\"_blank\">Cliquez ici<\/a><\/li><li><strong>Tout savoir sur la demande d&rsquo;attribution du coupon sport :<\/strong> <a rel=\"noopener\" href=\"https:\/\/www.ancv.com\/le-coupon-sport\" target=\"_blank\">Cliquez ici<\/a><\/li><\/ul>\n\n\n\n<hr class=\"wp-block-separator\"\/>\n\n\n\n<p><span style=\"color: #ff0000;\"><span style=\"text-decoration: underline;\"><strong><span class=\"has-inline-color has-vivid-red-color\">Pass Club<\/span><\/strong><\/span>&nbsp;<\/span>:&nbsp;Depuis 2013, la F\u00e9d\u00e9ration Fran\u00e7aise de Triathlon souhaite faciliter la d\u00e9couverte des disciplines encha\u00een\u00e9es \u00e0 tous les non-licenci\u00e9s en cr\u00e9ant le&nbsp;<a rel=\"noopener noreferrer\" href=\"https:\/\/www.fftri.com\/pratiquer\/debuter\/tester-la-pratique-club\/\" target=\"_blank\"><strong>PASS CLUB<\/strong><\/a>.<\/p>\n\n\n\n<p>Ce Pass permet \u00e0 tous les sportifs amateurs de tous \u00e2ges et tous niveaux de b\u00e9n\u00e9ficier<strong> gratuitement<\/strong> <strong>de quatre semaines d\u2019essai<\/strong> au sein d\u2019un club de Triathlon affili\u00e9 \u00e0 la F.F.TRI.<\/p>\n\n\n\n<p>Durant cette p\u00e9riode, les participants et les clubs sont couverts par une assurance en Responsabilit\u00e9 Civile. Ils acc\u00e8dent gratuitement \u00e0 tous les cours et \u00e9quipements mis \u00e0 disposition par les clubs.<\/p>\n\n\n\n<p>La validit\u00e9 de ce Pass Club et la couverture assurance RC associ\u00e9e est limit\u00e9e \u00e0 la seule pratique de l\u2019entra\u00eenement et n\u2019autorise pas la pratique en comp\u00e9tition.<\/p>\n\n\n\n<p class=\"LRT22_h2\">Un mois d\u2019essai pour :<\/p>\n\n\n\n<ul><li>S\u2019initier aux trois disciplines (natation, cyclisme et course \u00e0 pied) sous l\u2019encadrement d\u2019\u00e9ducateurs et \u00e9ducatrices dipl\u00f4m\u00e9(e)s.<\/li><li>B\u00e9n\u00e9ficier de conseils d\u2019entra\u00eenement sp\u00e9cifiques.<\/li><li>Tester l\u2019ambiance d\u2019un club et faire connaissance avec les autres licenci\u00e9(e)s.<\/li><li>V\u00e9rifier la compatibilit\u00e9 des horaires d\u2019entra\u00eenement avec vos contraintes familiales et professionnelles.<\/li><li>Pouvoir se licencier en \u00ab avant-premi\u00e8re \u00bb et b\u00e9n\u00e9ficier d\u00e8s septembre de la licence 2022\/2023.<\/li><\/ul>\n\n\n\n<p class=\"LRT22_h2\">La proc\u00e9dure est simple :<\/p>\n\n\n\n<p>&nbsp;1. L\u2019athl\u00e8te se rend dans un club F.F.TRI. et remplit le document.<\/p>\n\n\n\n<p>2. Le club rempli sa partie et v\u00e9rifie les dates de d\u00e9but et de fin.<\/p>\n\n\n\n<p>3. Le club saisit le document directement dans son interface sur l\u2019Espace Tri 2.0.<\/p>\n\n\n\n<p><span class=\"marker\">Attention, l\u2019athl\u00e8te ne sera pas assur\u00e9 s\u2019il prend plusieurs pass club :<strong> il est bien indiqu\u00e9 que le pass club n\u2019est valable qu\u2019une seule fois<\/strong><\/span><strong>.<\/strong><\/p>\n\n\n\n<p><a href=\"https:\/\/www.fftri.com\/wp-content\/uploads\/2018\/05\/Pass_Club.pdf\" target=\"_blank\" rel=\"noopener noreferrer\">T\u00e9l\u00e9charger le PASS club<\/a>.<\/p>\n\n\n\n<hr class=\"wp-block-separator\"\/>\n\n\n\n<p>Pour les horaires des entra\u00eenements merci de consulter la page d\u00e9di\u00e9e en suivant <a href=\"http:\/\/montceautriathlon.com\/blog\/les-horaires\/\">ce lien<\/a>.<\/p>\n","protected":false},"excerpt":{"rendered":"<p>PASS&rsquo;CLUB : 1 mois d&rsquo;essai gratuit ! PASS&rsquo;SPORT : le club accepte le pass&rsquo;sport si vous en \u00eates b\u00e9n\u00e9ficiaire. LICENCE 2025-2026 Vous pouvez d\u00e9s \u00e0 pr\u00e9sent prendre ou renouveler votre licence. Toute prise de&nbsp;licence (nouvelle, renouvellement ou mutation) se fait sur le site de la FFTri : Espace Tri 2.0 La F.F.TRI. a d\u00e9velopp\u00e9 une [&hellip;]<\/p>\n","protected":false},"author":1,"featured_media":0,"parent":0,"menu_order":0,"comment_status":"closed","ping_status":"closed","template":"","meta":{"spay_email":""},"jetpack_sharing_enabled":true,"jetpack_shortlink":"https:\/\/wp.me\/P8bwIy-H","jetpack-related-posts":[{"id":98,"url":"https:\/\/www.montceautriathlon.com\/blog\/programme\/","url_meta":{"origin":43,"position":0},"title":"PROGRAMME TRIATHLON","date":"10 mars 2016","format":false,"excerpt":"ATTENTION : Ce programme peut encore \u00eatre modifi\u00e9 (derni\u00e8re mise \u00e0 jour le 14\/03\/2026) Modifications en date du 23\/03\/2026 : Changement d'horaires + organisations des \u00e9preuves SAMEDI 23 MAI 2026 (\u00c9preuves OPEN) Jeunes 6-9 ans (J1) Restrictions: ouvert aux licenci\u00e9(e)s et non licenci\u00e9(e)s FFTri personnes n\u00e9es entre le 1 janv.\u2026","rel":"","context":"Article similaire","img":{"alt_text":"","src":"","width":0,"height":0},"classes":[]},{"id":3747,"url":"https:\/\/www.montceautriathlon.com\/blog\/pass-club\/","url_meta":{"origin":43,"position":1},"title":"pass club","date":"20 ao\u00fbt 2020","format":false,"excerpt":"PASS CLUB Depuis 2013, la F\u00e9d\u00e9ration Fran\u00e7aise de Triathlon souhaite faciliter la d\u00e9couverte des disciplines encha\u00een\u00e9es \u00e0 tous les non-licenci\u00e9s en cr\u00e9ant le\u00a0PASS CLUB. Ce Pass permet \u00e0 tous les sportifs amateurs de tous \u00e2ges et tous niveaux de b\u00e9n\u00e9ficier gratuitement d\u2019un mois d\u2019essai au sein d\u2019un club de Triathlon\u2026","rel":"","context":"Article similaire","img":{"alt_text":"","src":"","width":0,"height":0},"classes":[]},{"id":12,"url":"https:\/\/www.montceautriathlon.com\/blog\/le-mot-du-president\/","url_meta":{"origin":43,"position":2},"title":"Le mot du pr\u00e9sident","date":"13 novembre 2015","format":false,"excerpt":"Des plus jeunes aux v\u00e9t\u00e9rans confirm\u00e9s, sportifs occasionnels ou comp\u00e9titeurs, pour leur simple plaisir ou le besoin de se surpasser, le triathlon et disciplines associ\u00e9es, permettent \u00e0 chacun, selon son niveau, de nager, rouler, courir, de pratiquer ou se sensibiliser aux joies de l\u2019encha\u00eenement. D\u00e9couverte ou comp\u00e9tition, le Triathlon, sport\u2026","rel":"","context":"Article similaire","img":{"alt_text":"","src":"","width":0,"height":0},"classes":[]},{"id":27,"url":"https:\/\/www.montceautriathlon.com\/blog\/challenge-du-club\/","url_meta":{"origin":43,"position":3},"title":"Challenge du club","date":"13 novembre 2015","format":false,"excerpt":"Comme chaque ann\u00e9e le club organise un challenge interne. Vous trouverez le \u00a0\u00a0 le r\u00e8glement du challenge du club 2019 ici Comme indiqu\u00e9 dans le r\u00e8glement, Sophie Rousseau doit recevoir vos r\u00e9sultats en g\u00e9n\u00e9ral et tout particuli\u00e8rement ceux concernant le challenge du club afin d\u2019en faciliter le suivi au cours\u2026","rel":"","context":"Article similaire","img":{"alt_text":"","src":"","width":0,"height":0},"classes":[]},{"id":23,"url":"https:\/\/www.montceautriathlon.com\/blog\/annuaire\/","url_meta":{"origin":43,"position":4},"title":"Annuaire","date":"13 novembre 2015","format":false,"excerpt":"Cette page n'est accessible qu'aux membres du club. Vous devez vous identifier pour acc\u00e9der \u00e0 ces informations en suivant ce lien.","rel":"","context":"Article similaire","img":{"alt_text":"","src":"","width":0,"height":0},"classes":[]},{"id":2699,"url":"https:\/\/www.montceautriathlon.com\/blog\/annulation-swimrun\/","url_meta":{"origin":43,"position":5},"title":"ANNULATION SWIMRUN du 2 juin prochain !","date":"1 avril 2019","format":false,"excerpt":"Malgr\u00e9 toutes nos tentatives et de nombreux rendez-vous, nous n\u2019avons pas r\u00e9ussi \u00e0 obtenir toutes les autorisations n\u00e9cessaires \u00e0 l\u2019organisation de notre Swimrun de la Pyramide pr\u00e9vu le 2 juin et c\u2019est avec grand regret que nous devons renoncer ! Malgr\u00e9 tout et apr\u00e8s d\u00e9lib\u00e9ration du comit\u00e9 directeur, nous avons\u2026","rel":"","context":"Article similaire","img":{"alt_text":"","src":"","width":0,"height":0},"classes":[]}],"_links":{"self":[{"href":"https:\/\/www.montceautriathlon.com\/blog\/wp-json\/wp\/v2\/pages\/43"}],"collection":[{"href":"https:\/\/www.montceautriathlon.com\/blog\/wp-json\/wp\/v2\/pages"}],"about":[{"href":"https:\/\/www.montceautriathlon.com\/blog\/wp-json\/wp\/v2\/types\/page"}],"author":[{"embeddable":true,"href":"https:\/\/www.montceautriathlon.com\/blog\/wp-json\/wp\/v2\/users\/1"}],"replies":[{"embeddable":true,"href":"https:\/\/www.montceautriathlon.com\/blog\/wp-json\/wp\/v2\/comments?post=43"}],"version-history":[{"count":126,"href":"https:\/\/www.montceautriathlon.com\/blog\/wp-json\/wp\/v2\/pages\/43\/revisions"}],"predecessor-version":[{"id":8281,"href":"https:\/\/www.montceautriathlon.com\/blog\/wp-json\/wp\/v2\/pages\/43\/revisions\/8281"}],"wp:attachment":[{"href":"https:\/\/www.montceautriathlon.com\/blog\/wp-json\/wp\/v2\/media?parent=43"}],"curies":[{"name":"wp","href":"https:\/\/api.w.org\/{rel}","templated":true}]}}