{"id":41,"date":"2015-11-13T13:12:01","date_gmt":"2015-11-13T12:12:01","guid":{"rendered":"http:\/\/montceautriathlon.com\/blog\/?page_id=41"},"modified":"2025-10-11T07:46:49","modified_gmt":"2025-10-11T06:46:49","slug":"les-horaires","status":"publish","type":"page","link":"https:\/\/www.montceautriathlon.com\/blog\/les-horaires\/","title":{"rendered":"Les horaires"},"content":{"rendered":"<h1><em><strong>Nouveau: cr\u00e9neaux famille:<\/strong><\/em><\/h1>\n<p><em><strong>mardi de 18h30 \u00e0 19h30: course \u00e0 pied adultes et course \u00e0 pied jeunes<\/strong><\/em><\/p>\n<p><em><strong>mercredi de 18h \u00e0 19h: natation adultes et natation jeunes<\/strong><\/em><\/p>\n<h1><\/h1>\n<h1 class=\"entry-title\">Course \u00e0 pied<\/h1>\n<div class=\"entry-content\">\n<p>Les s\u00e9ances de course \u00e0 pied se d\u00e9roulent au stade Jean Bouveri (accueil c\u00f4t\u00e9 \u00e9tang du Plessis) \u00e0 Montceau Les Mines<\/p>\n<p><strong>le Mardi :<\/strong><\/p>\n<p>&#8211;\u00a0 18h30 \u00e0 19h30 pour les jeunes (\u00e9cole de triathlon) et les adultes.<\/p>\n<p>Des groupes de niveaux sont \u00e9tablis lors des premi\u00e8res s\u00e9ances.<\/p>\n<p>Les entrainements pour les jeunes sont assur\u00e9s par Sophie Rousseau ,Arnaud Rondier, Benoit Thierry, Un stagiaire STAPS\u00a0 peut compl\u00e9ter cette \u00e9quipe.<\/p>\n<p>Pour les adultes, l\u2019entrainement est propos\u00e9 par\u00a0 Pascal VAURY et Laurent MAGNIEN.<\/p>\n<\/div>\n<h1 class=\"entry-title\">Natation<\/h1>\n<div class=\"entry-content\">\n<p>Les entra\u00eenements de natation\u00a0ont lieu \u00e0 la piscine Municipale de Montceau-les-Mines,<br \/>\nen bassin de 50 m\u00e8tres.<\/p>\n<p>Des groupes de niveaux sont \u00e9tablis lors des premi\u00e8res s\u00e9ances.<\/p>\n<p><strong>LUNDI<\/strong><br \/>\n*adultes : 12 h 15 \u2013 13 h 30 cr\u00e9neau libre<br \/>\n*ados : 18h00 -19h15\u00a0 \u00a0 avec Sophie Rousseau<\/p>\n<p><strong>MERCREDI<\/strong><br \/>\n* Jeunes :\u00a0 17h00-18h00 ou 18 h 00 \u2013 19 h 00 selon le niveau\u00a0 avec Sophie Rousseau.<\/p>\n<p>* adultes :18h &#8211; 19h: adultes parents de jeunes triathl\u00e8tes &#8211; cr\u00e9neau libre<\/p>\n<p>* ados \/ adultes: 19h &#8211; 20h30: avec Sophie<\/p>\n<\/div>\n<div class=\"entry-content\">\n<p><strong>VENDREDI<\/strong><\/p>\n<p>* Adultes : 12h15 -13h30 cr\u00e9neau libre<\/p>\n<p>* Ados\/adultes\u00a0 18h00 &#8211; 19h cr\u00e9neau libre<\/p>\n<p><strong>SAMEDI<\/strong><br \/>\n*adultes \/ Ados\u00a0 : 9 h 00 \u2013 10 h 30\u00a0 avec Sophie ou Maelle<\/p>\n<\/div>\n<p>Des entrainements en eau libre sont propos\u00e9s au Lac Des Fouthiaux (Sanvignes) de juin \u00e0 septembre les mercredis soir et dimanche matin avec le club de plong\u00e9e.<\/p>\n<h1 class=\"entry-title\">V\u00e9lo<\/h1>\n<div class=\"entry-content\">\n<p>Des groupes de niveaux sont \u00e9tablis lors des premi\u00e8res s\u00e9ances.<\/p>\n<p><strong>Pour l\u2019\u00e9cole de triathlon<\/strong>:<br \/>\n<strong>SAMEDI<\/strong><br \/>\nVTT de 9H30 \u00e0 11H00\u00a0 RDV aux Grands Parcs. Arnaud Rondier, Benoit Thierry, Alexandre Pradier, Sophie Rousseau<br \/>\n<strong>VENDREDI\u00a0 \u00e0 18h en septembre \/ octobre et\u00a0 <\/strong>de fin mars \u00e0 d\u00e9but juillet\u00a0 avec Sophie Rousseau et Cyrille B\u00e9rardan.<\/p>\n<p><strong>Pour les adultes <\/strong>: 2 horaires d\u2019entra\u00eenement sont propos\u00e9s sur rendez-vous.<\/p>\n<ul>\n<li><strong>Le samedi apr\u00e8s-midi<\/strong>, d\u00e9part \u00e0 14h30<\/li>\n<li><strong>Le dimanche matin<\/strong>, d\u00e9part \u00e0 9h00 ou 9h30 suivant la saison<\/li>\n<\/ul>\n<p>Sorties et parcours propos\u00e9s et encadr\u00e9s par Laurent Magnien et Alain Guichard.<\/p>\n<h1>Tri Immersive Room (home trainer, tapis de course, mat\u00e9riel de renforcement musculaire)<\/h1>\n<p>De nombreux cr\u00e9neaux libres ou encadr\u00e9s tous les jours de la semaine.<\/p>\n<\/div>\n","protected":false},"excerpt":{"rendered":"<p>Nouveau: cr\u00e9neaux famille: mardi de 18h30 \u00e0 19h30: course \u00e0 pied adultes et course \u00e0 pied jeunes mercredi de 18h \u00e0 19h: natation adultes et natation jeunes Course \u00e0 pied Les s\u00e9ances de course \u00e0 pied se d\u00e9roulent au stade Jean Bouveri (accueil c\u00f4t\u00e9 \u00e9tang du Plessis) \u00e0 Montceau Les Mines le Mardi : &#8211;\u00a0 [&hellip;]<\/p>\n","protected":false},"author":1,"featured_media":0,"parent":0,"menu_order":0,"comment_status":"closed","ping_status":"closed","template":"","meta":{"spay_email":""},"jetpack_sharing_enabled":true,"jetpack_shortlink":"https:\/\/wp.me\/P8bwIy-F","jetpack-related-posts":[{"id":21,"url":"https:\/\/www.montceautriathlon.com\/blog\/ecole-de-tri\/","url_meta":{"origin":41,"position":0},"title":"\u00c9cole de Tri","date":"13 novembre 2015","format":false,"excerpt":"Nous connaissons tous les richesses \u00e9ducatives de la natation, du v\u00e9lo et de la course \u00e0 pied. Le triathlon r\u00e9unit ces 3 disciplines et reste le sport de base, celui des gestes fondamentaux de l\u2019\u00e9ducation motrice de l\u2019enfant et de l\u2019adolescent. La pratique en club, c\u2019est l\u2019occasion pour eux de\u2026","rel":"","context":"Article similaire","img":{"alt_text":"","src":"","width":0,"height":0},"classes":[]},{"id":98,"url":"https:\/\/www.montceautriathlon.com\/blog\/programme\/","url_meta":{"origin":41,"position":1},"title":"PROGRAMME TRIATHLON","date":"10 mars 2016","format":false,"excerpt":"ATTENTION : Ce programme peut encore \u00eatre modifi\u00e9 (derni\u00e8re mise \u00e0 jour le 14\/03\/2026) Modifications en date du 23\/03\/2026 : Changement d'horaires + organisations des \u00e9preuves SAMEDI 23 MAI 2026 (\u00c9preuves OPEN) Jeunes 6-9 ans (J1) Restrictions: ouvert aux licenci\u00e9(e)s et non licenci\u00e9(e)s FFTri personnes n\u00e9es entre le 1 janv.\u2026","rel":"","context":"Article similaire","img":{"alt_text":"","src":"","width":0,"height":0},"classes":[]},{"id":43,"url":"https:\/\/www.montceautriathlon.com\/blog\/se-licencier-au-club\/","url_meta":{"origin":41,"position":2},"title":"Se licencier au club","date":"13 novembre 2015","format":false,"excerpt":"PASS'CLUB : 1 mois d'essai gratuit ! PASS'SPORT : le club accepte le pass'sport si vous en \u00eates b\u00e9n\u00e9ficiaire. LICENCE 2025-2026 Vous pouvez d\u00e9s \u00e0 pr\u00e9sent prendre ou renouveler votre licence. Toute prise de\u00a0licence (nouvelle, renouvellement ou mutation) se fait sur le site de la FFTri : Espace Tri 2.0\u2026","rel":"","context":"Article similaire","img":{"alt_text":"","src":"","width":0,"height":0},"classes":[]},{"id":16,"url":"https:\/\/www.montceautriathlon.com\/blog\/presentation-du-club\/","url_meta":{"origin":41,"position":3},"title":"Pr\u00e9sentation du club","date":"13 novembre 2015","format":false,"excerpt":"Historique Le club de triathlon de Montceau Les Mines\u00a0est n\u00e9\u00a0en 1999 sous l\u2019impulsion de\u00a03 licenci\u00e9s. Il est agr\u00e9\u00e9 Jeunesse et sports le 27\/11\/2000 En 2002, alors qu\u2019il ne compte que 17 licenci\u00e9s dont 5 jeunes,\u00a0le club\u00a0se lance dans l\u2019organisation de son premier aquathlon. En 2005, il compte d\u00e9j\u00e0 \u00a063 licenci\u00e9s\u00a0et\u2026","rel":"","context":"Article similaire","img":{"alt_text":"","src":"","width":0,"height":0},"classes":[]},{"id":3747,"url":"https:\/\/www.montceautriathlon.com\/blog\/pass-club\/","url_meta":{"origin":41,"position":4},"title":"pass club","date":"20 ao\u00fbt 2020","format":false,"excerpt":"PASS CLUB Depuis 2013, la F\u00e9d\u00e9ration Fran\u00e7aise de Triathlon souhaite faciliter la d\u00e9couverte des disciplines encha\u00een\u00e9es \u00e0 tous les non-licenci\u00e9s en cr\u00e9ant le\u00a0PASS CLUB. Ce Pass permet \u00e0 tous les sportifs amateurs de tous \u00e2ges et tous niveaux de b\u00e9n\u00e9ficier gratuitement d\u2019un mois d\u2019essai au sein d\u2019un club de Triathlon\u2026","rel":"","context":"Article similaire","img":{"alt_text":"","src":"","width":0,"height":0},"classes":[]},{"id":96,"url":"https:\/\/www.montceautriathlon.com\/blog\/parcours_aquathlon\/","url_meta":{"origin":41,"position":5},"title":"PARCOURS","date":"10 mars 2016","format":false,"excerpt":"\u00c9PREUVES DU SAMEDI 23 MAI 2026 \u00c9preuve J1 (6-9ans) Natation : 50m en piscine Cyclisme : 1km sur route ferm\u00e9e Course \u00e0 pied : 500m sur chemin stabilis\u00e9 le long du lac \u00c9preuve J2 (10-13ans) Natation : 200m en piscine Cyclisme : 4km sur route ferm\u00e9e Course \u00e0 pied :\u2026","rel":"","context":"Article similaire","img":{"alt_text":"","src":"https:\/\/i0.wp.com\/www.montceautriathlon.com\/blog\/wp-content\/uploads\/2026\/03\/VELO-J1-1km-236x300.png?resize=350%2C200&ssl=1","width":350,"height":200},"classes":[]}],"_links":{"self":[{"href":"https:\/\/www.montceautriathlon.com\/blog\/wp-json\/wp\/v2\/pages\/41"}],"collection":[{"href":"https:\/\/www.montceautriathlon.com\/blog\/wp-json\/wp\/v2\/pages"}],"about":[{"href":"https:\/\/www.montceautriathlon.com\/blog\/wp-json\/wp\/v2\/types\/page"}],"author":[{"embeddable":true,"href":"https:\/\/www.montceautriathlon.com\/blog\/wp-json\/wp\/v2\/users\/1"}],"replies":[{"embeddable":true,"href":"https:\/\/www.montceautriathlon.com\/blog\/wp-json\/wp\/v2\/comments?post=41"}],"version-history":[{"count":19,"href":"https:\/\/www.montceautriathlon.com\/blog\/wp-json\/wp\/v2\/pages\/41\/revisions"}],"predecessor-version":[{"id":8287,"href":"https:\/\/www.montceautriathlon.com\/blog\/wp-json\/wp\/v2\/pages\/41\/revisions\/8287"}],"wp:attachment":[{"href":"https:\/\/www.montceautriathlon.com\/blog\/wp-json\/wp\/v2\/media?parent=41"}],"curies":[{"name":"wp","href":"https:\/\/api.w.org\/{rel}","templated":true}]}}