{"id":3501,"date":"2020-02-25T22:06:41","date_gmt":"2020-02-25T21:06:41","guid":{"rendered":"http:\/\/montceautriathlon.com\/blog\/?page_id=3501"},"modified":"2020-02-25T22:07:44","modified_gmt":"2020-02-25T21:07:44","slug":"nos-epreuves","status":"publish","type":"page","link":"https:\/\/www.montceautriathlon.com\/blog\/nos-epreuves\/","title":{"rendered":"NOS EPREUVES"},"content":{"rendered":"","protected":false},"excerpt":{"rendered":"","protected":false},"author":1,"featured_media":0,"parent":0,"menu_order":0,"comment_status":"closed","ping_status":"closed","template":"","meta":{"spay_email":""},"jetpack_sharing_enabled":true,"jetpack_shortlink":"https:\/\/wp.me\/P8bwIy-Ut","jetpack-related-posts":[{"id":98,"url":"https:\/\/www.montceautriathlon.com\/blog\/programme\/","url_meta":{"origin":3501,"position":0},"title":"PROGRAMME TRIATHLON","date":"10 mars 2016","format":false,"excerpt":"ATTENTION : Ce programme peut encore \u00eatre modifi\u00e9 (derni\u00e8re mise \u00e0 jour le 14\/03\/2026) Modifications en date du 23\/03\/2026 : Changement d'horaires + organisations des \u00e9preuves SAMEDI 23 MAI 2026 (\u00c9preuves OPEN) Jeunes 6-9 ans (J1) Restrictions: ouvert aux licenci\u00e9(e)s et non licenci\u00e9(e)s FFTri personnes n\u00e9es entre le 1 janv.\u2026","rel":"","context":"Article similaire","img":{"alt_text":"","src":"","width":0,"height":0},"classes":[]},{"id":94,"url":"https:\/\/www.montceautriathlon.com\/blog\/inscription\/","url_meta":{"origin":3501,"position":1},"title":"INSCRIPTIONS","date":"10 mars 2016","format":false,"excerpt":"Nous vous sugg\u00e9rons de bien lire la r\u00e8glementation de cette manifestation avant de proc\u00e9der \u00e0 votre inscription. \u00a0 ATTENTION : Aucune inscription ne sera possible sur place (Jour J) pour les \u00e9preuves comptants pour les s\u00e9lectifs du Championnats de France Jeunes de Triathlon. Une majoration de 2\u20ac sera appliqu\u00e9e sur\u2026","rel":"","context":"Article similaire","img":{"alt_text":"","src":"https:\/\/i1.wp.com\/www.montceautriathlon.com\/blog\/wp-content\/uploads\/2026\/03\/Capture-decran-2026-03-14-135719-245x300.png?resize=350%2C200&ssl=1","width":350,"height":200},"classes":[]},{"id":3167,"url":"https:\/\/www.montceautriathlon.com\/blog\/page-d-exemple\/programme-br\/","url_meta":{"origin":3501,"position":2},"title":"PROGRAMME","date":"16 septembre 2019","format":false,"excerpt":"ATTENTION : Ce programme peut encore \u00eatre modifi\u00e9. DIMANCHE 19 OCTOBRE 2025 Bike&Run J1 : 6-11 ans Restrictions: personnes n\u00e9es entre le 1 janv. 2015 et le 31 d\u00e9c. 2020 Horaires: de 11h00 \u00e0 12h30: Retrait des dossardsde 12h15 \u00e0 12h45: Entr\u00e9e Aire de Transition (Parc)12h45: Regroupement Zone d\u2019appel (D\u00e9part)13h00:\u2026","rel":"","context":"Article similaire","img":{"alt_text":"","src":"","width":0,"height":0},"classes":[]},{"id":96,"url":"https:\/\/www.montceautriathlon.com\/blog\/parcours_aquathlon\/","url_meta":{"origin":3501,"position":3},"title":"PARCOURS","date":"10 mars 2016","format":false,"excerpt":"\u00c9PREUVES DU SAMEDI 23 MAI 2026 \u00c9preuve J1 (6-9ans) Natation : 50m en piscine Cyclisme : 1km sur route ferm\u00e9e Course \u00e0 pied : 500m sur chemin stabilis\u00e9 le long du lac \u00c9preuve J2 (10-13ans) Natation : 200m en piscine Cyclisme : 4km sur route ferm\u00e9e Course \u00e0 pied :\u2026","rel":"","context":"Article similaire","img":{"alt_text":"","src":"https:\/\/i0.wp.com\/www.montceautriathlon.com\/blog\/wp-content\/uploads\/2026\/03\/VELO-J1-1km-236x300.png?resize=350%2C200&ssl=1","width":350,"height":200},"classes":[]},{"id":12,"url":"https:\/\/www.montceautriathlon.com\/blog\/le-mot-du-president\/","url_meta":{"origin":3501,"position":4},"title":"Le mot du pr\u00e9sident","date":"13 novembre 2015","format":false,"excerpt":"Des plus jeunes aux v\u00e9t\u00e9rans confirm\u00e9s, sportifs occasionnels ou comp\u00e9titeurs, pour leur simple plaisir ou le besoin de se surpasser, le triathlon et disciplines associ\u00e9es, permettent \u00e0 chacun, selon son niveau, de nager, rouler, courir, de pratiquer ou se sensibiliser aux joies de l\u2019encha\u00eenement. D\u00e9couverte ou comp\u00e9tition, le Triathlon, sport\u2026","rel":"","context":"Article similaire","img":{"alt_text":"","src":"","width":0,"height":0},"classes":[]},{"id":389,"url":"https:\/\/www.montceautriathlon.com\/blog\/nos-partenaires-2\/","url_meta":{"origin":3501,"position":5},"title":"Nos partenaires","date":"14 mai 2016","format":false,"excerpt":"\u00a0 \u00a0 \u00a0 \u00a0 \u00a0 \u00a0 \u00a0 \u00a0 \u00a0","rel":"","context":"Article similaire","img":{"alt_text":"affiche_sponsors","src":"https:\/\/i1.wp.com\/montceautriathlon.com\/blog\/wp-content\/uploads\/2016\/05\/affiche_sponsors.jpg?resize=350%2C200","width":350,"height":200},"classes":[]}],"_links":{"self":[{"href":"https:\/\/www.montceautriathlon.com\/blog\/wp-json\/wp\/v2\/pages\/3501"}],"collection":[{"href":"https:\/\/www.montceautriathlon.com\/blog\/wp-json\/wp\/v2\/pages"}],"about":[{"href":"https:\/\/www.montceautriathlon.com\/blog\/wp-json\/wp\/v2\/types\/page"}],"author":[{"embeddable":true,"href":"https:\/\/www.montceautriathlon.com\/blog\/wp-json\/wp\/v2\/users\/1"}],"replies":[{"embeddable":true,"href":"https:\/\/www.montceautriathlon.com\/blog\/wp-json\/wp\/v2\/comments?post=3501"}],"version-history":[{"count":2,"href":"https:\/\/www.montceautriathlon.com\/blog\/wp-json\/wp\/v2\/pages\/3501\/revisions"}],"predecessor-version":[{"id":3503,"href":"https:\/\/www.montceautriathlon.com\/blog\/wp-json\/wp\/v2\/pages\/3501\/revisions\/3503"}],"wp:attachment":[{"href":"https:\/\/www.montceautriathlon.com\/blog\/wp-json\/wp\/v2\/media?parent=3501"}],"curies":[{"name":"wp","href":"https:\/\/api.w.org\/{rel}","templated":true}]}}