{"id":3317,"date":"2019-11-07T15:12:00","date_gmt":"2019-11-07T14:12:00","guid":{"rendered":"http:\/\/montceautriathlon.com\/blog\/?page_id=3317"},"modified":"2019-11-07T15:30:23","modified_gmt":"2019-11-07T14:30:23","slug":"le-triathlon-ce-nest-pas-que-des-ironmans","status":"publish","type":"page","link":"https:\/\/www.montceautriathlon.com\/blog\/le-triathlon-ce-nest-pas-que-des-ironmans\/","title":{"rendered":"Le triathlon"},"content":{"rendered":"<p>LE TRIATHLON : ce n&rsquo;est pas que des Ironmans !<\/p>\n<p>Pour une d\u00e9couverte du triathlon en g\u00e9n\u00e9ral et de ses disciplines associ\u00e9es, rien de mieux que de suivre le lien de la f\u00e9d\u00e9ration et de suivre les diff\u00e9rentes vid\u00e9os !<\/p>\n<p>suivez le lien suivant !<\/p>\n<blockquote class=\"wp-embedded-content\" data-secret=\"19Zbg0Ryg2\"><p><a href=\"https:\/\/www.fftri.com\/pratiquer\/debuter\/rejoindre-la-tribu-triathlon\/\">Rejoindre la Tribu Triathlon<\/a><\/p><\/blockquote>\n<p><iframe class=\"wp-embedded-content\" sandbox=\"allow-scripts\" security=\"restricted\" style=\"position: absolute; clip: rect(1px, 1px, 1px, 1px);\" title=\"\u00ab\u00a0Rejoindre la Tribu Triathlon\u00a0\u00bb &#8212; FFTRI\" src=\"https:\/\/www.fftri.com\/pratiquer\/debuter\/rejoindre-la-tribu-triathlon\/embed\/#?secret=19Zbg0Ryg2\" data-secret=\"19Zbg0Ryg2\" width=\"600\" height=\"338\" frameborder=\"0\" marginwidth=\"0\" marginheight=\"0\" scrolling=\"no\"><\/iframe><\/p>\n<p>&nbsp;<\/p>\n","protected":false},"excerpt":{"rendered":"<p>LE TRIATHLON : ce n&rsquo;est pas que des Ironmans ! Pour une d\u00e9couverte du triathlon en g\u00e9n\u00e9ral et de ses disciplines associ\u00e9es, rien de mieux que de suivre le lien de la f\u00e9d\u00e9ration et de suivre les diff\u00e9rentes vid\u00e9os ! suivez le lien suivant ! &nbsp;<\/p>\n","protected":false},"author":5,"featured_media":0,"parent":0,"menu_order":0,"comment_status":"closed","ping_status":"closed","template":"","meta":{"spay_email":""},"jetpack_sharing_enabled":true,"jetpack_shortlink":"https:\/\/wp.me\/P8bwIy-Rv","jetpack-related-posts":[{"id":54,"url":"https:\/\/www.montceautriathlon.com\/blog\/championnats-de-france-triathlon-jeunes-2016\/","url_meta":{"origin":3317,"position":0},"title":"Coupe de France des Clubs de Duathlon et de Triathlon 2018","date":"13 novembre 2015","format":false,"excerpt":"","rel":"","context":"Article similaire","img":{"alt_text":"","src":"https:\/\/i2.wp.com\/montceautriathlon.com\/blog\/wp-content\/uploads\/2018\/06\/Affiche-cdf2018_Artboard-1-e1530097882310-717x1024.jpg?resize=350%2C200","width":350,"height":200},"classes":[]},{"id":16,"url":"https:\/\/www.montceautriathlon.com\/blog\/presentation-du-club\/","url_meta":{"origin":3317,"position":1},"title":"Pr\u00e9sentation du club","date":"13 novembre 2015","format":false,"excerpt":"Historique Le club de triathlon de Montceau Les Mines\u00a0est n\u00e9\u00a0en 1999 sous l\u2019impulsion de\u00a03 licenci\u00e9s. Il est agr\u00e9\u00e9 Jeunesse et sports le 27\/11\/2000 En 2002, alors qu\u2019il ne compte que 17 licenci\u00e9s dont 5 jeunes,\u00a0le club\u00a0se lance dans l\u2019organisation de son premier aquathlon. En 2005, il compte d\u00e9j\u00e0 \u00a063 licenci\u00e9s\u00a0et\u2026","rel":"","context":"Article similaire","img":{"alt_text":"","src":"","width":0,"height":0},"classes":[]},{"id":3574,"url":"https:\/\/www.montceautriathlon.com\/blog\/championnats-de-france-jeunes-de-triathlon-2020\/conseils-pour-un-premier-triathlon\/","url_meta":{"origin":3317,"position":2},"title":"Conseils pour un premier triathlon","date":"14 mars 2020","format":false,"excerpt":"Consignes pour un premier triathlon","rel":"","context":"Article similaire","img":{"alt_text":"","src":"","width":0,"height":0},"classes":[]},{"id":12,"url":"https:\/\/www.montceautriathlon.com\/blog\/le-mot-du-president\/","url_meta":{"origin":3317,"position":3},"title":"Le mot du pr\u00e9sident","date":"13 novembre 2015","format":false,"excerpt":"Des plus jeunes aux v\u00e9t\u00e9rans confirm\u00e9s, sportifs occasionnels ou comp\u00e9titeurs, pour leur simple plaisir ou le besoin de se surpasser, le triathlon et disciplines associ\u00e9es, permettent \u00e0 chacun, selon son niveau, de nager, rouler, courir, de pratiquer ou se sensibiliser aux joies de l\u2019encha\u00eenement. D\u00e9couverte ou comp\u00e9tition, le Triathlon, sport\u2026","rel":"","context":"Article similaire","img":{"alt_text":"","src":"","width":0,"height":0},"classes":[]},{"id":3497,"url":"https:\/\/www.montceautriathlon.com\/blog\/championnats-de-france-jeunes-de-triathlon-2020\/","url_meta":{"origin":3317,"position":4},"title":"Championnats de France Jeunes de Triathlon 2020 &#8211; Championnat de France Indiv. S de Triathlon 2020","date":"25 f\u00e9vrier 2020","format":false,"excerpt":"Vous pouvez consulter tous les r\u00e9sultats du Championnat de France de Triathlon 2020 sur le site de ChronoRace \u00a0 \u00a0 \u00a0 \u00a0 \u00a0 http:\/\/montceautriathlon.com\/blog\/programme\/ http:\/\/montceautriathlon.com\/blog\/reglementation\/ http:\/\/montceautriathlon.com\/blog\/Parcours\/ http:\/\/montceautriathlon.com\/blog\/restauration-pasta-partypique-nique\/ http:\/\/montceautriathlon.com\/blog\/hebergement\/ http:\/\/montceautriathlon.com\/blog\/photos-images\/","rel":"","context":"Article similaire","img":{"alt_text":"","src":"","width":0,"height":0},"classes":[]},{"id":50,"url":"https:\/\/www.montceautriathlon.com\/blog\/nous-contacter\/","url_meta":{"origin":3317,"position":5},"title":"CONTACTS","date":"13 novembre 2015","format":false,"excerpt":"Pour contacter directement le pr\u00e9sident ou la responsable de l\u2019\u00c9cole de triathlon suivre les liens ci-dessous : Co Pr\u00e9sidents Alexandre VendraminiT\u00e9l: 06.27.88.40.25email : drg.montceautriathlon@gmail.com J\u00e9rome Dufour T\u00e9l: 06.71.25.42.70 email : drg.montceautriathlon@gmail.com Employ\u00e9e du club Sophie ROUSSEAUTel: 06.03.17.76.31email : rtc.montceautriathlon@gmail.com Vice pr\u00e9sident : Charg\u00e9 de la vie sportive Beno\u00eet THIERRYTel: 06.21.31.72.51email\u2026","rel":"","context":"Article similaire","img":{"alt_text":"","src":"","width":0,"height":0},"classes":[]}],"_links":{"self":[{"href":"https:\/\/www.montceautriathlon.com\/blog\/wp-json\/wp\/v2\/pages\/3317"}],"collection":[{"href":"https:\/\/www.montceautriathlon.com\/blog\/wp-json\/wp\/v2\/pages"}],"about":[{"href":"https:\/\/www.montceautriathlon.com\/blog\/wp-json\/wp\/v2\/types\/page"}],"author":[{"embeddable":true,"href":"https:\/\/www.montceautriathlon.com\/blog\/wp-json\/wp\/v2\/users\/5"}],"replies":[{"embeddable":true,"href":"https:\/\/www.montceautriathlon.com\/blog\/wp-json\/wp\/v2\/comments?post=3317"}],"version-history":[{"count":3,"href":"https:\/\/www.montceautriathlon.com\/blog\/wp-json\/wp\/v2\/pages\/3317\/revisions"}],"predecessor-version":[{"id":3323,"href":"https:\/\/www.montceautriathlon.com\/blog\/wp-json\/wp\/v2\/pages\/3317\/revisions\/3323"}],"wp:attachment":[{"href":"https:\/\/www.montceautriathlon.com\/blog\/wp-json\/wp\/v2\/media?parent=3317"}],"curies":[{"name":"wp","href":"https:\/\/api.w.org\/{rel}","templated":true}]}}