{"id":3106,"date":"2019-08-31T13:51:56","date_gmt":"2019-08-31T12:51:56","guid":{"rendered":"http:\/\/montceautriathlon.com\/blog\/?page_id=3106"},"modified":"2021-05-26T10:45:37","modified_gmt":"2021-05-26T09:45:37","slug":"__trashed","status":"publish","type":"page","link":"https:\/\/www.montceautriathlon.com\/blog\/__trashed\/","title":{"rendered":"Duathlon &#038; Raid de la Pyramide 2021"},"content":{"rendered":"","protected":false},"excerpt":{"rendered":"","protected":false},"author":5,"featured_media":0,"parent":0,"menu_order":0,"comment_status":"closed","ping_status":"closed","template":"","meta":{"spay_email":""},"jetpack_sharing_enabled":true,"jetpack_shortlink":"https:\/\/wp.me\/P8bwIy-O6","jetpack-related-posts":[{"id":16,"url":"https:\/\/www.montceautriathlon.com\/blog\/presentation-du-club\/","url_meta":{"origin":3106,"position":0},"title":"Pr\u00e9sentation du club","date":"13 novembre 2015","format":false,"excerpt":"Historique Le club de triathlon de Montceau Les Mines\u00a0est n\u00e9\u00a0en 1999 sous l\u2019impulsion de\u00a03 licenci\u00e9s. Il est agr\u00e9\u00e9 Jeunesse et sports le 27\/11\/2000 En 2002, alors qu\u2019il ne compte que 17 licenci\u00e9s dont 5 jeunes,\u00a0le club\u00a0se lance dans l\u2019organisation de son premier aquathlon. En 2005, il compte d\u00e9j\u00e0 \u00a063 licenci\u00e9s\u00a0et\u2026","rel":"","context":"Article similaire","img":{"alt_text":"","src":"","width":0,"height":0},"classes":[]},{"id":3174,"url":"https:\/\/www.montceautriathlon.com\/blog\/reglement-raid-et-crossduathlons\/","url_meta":{"origin":3106,"position":1},"title":"R\u00e8glementation Raid et Cross Duathlon","date":"16 septembre 2019","format":false,"excerpt":"R\u00e8glement de l'organisation et protocole sanitaire","rel":"","context":"Article similaire","img":{"alt_text":"","src":"","width":0,"height":0},"classes":[]},{"id":2699,"url":"https:\/\/www.montceautriathlon.com\/blog\/annulation-swimrun\/","url_meta":{"origin":3106,"position":2},"title":"ANNULATION SWIMRUN du 2 juin prochain !","date":"1 avril 2019","format":false,"excerpt":"Malgr\u00e9 toutes nos tentatives et de nombreux rendez-vous, nous n\u2019avons pas r\u00e9ussi \u00e0 obtenir toutes les autorisations n\u00e9cessaires \u00e0 l\u2019organisation de notre Swimrun de la Pyramide pr\u00e9vu le 2 juin et c\u2019est avec grand regret que nous devons renoncer ! Malgr\u00e9 tout et apr\u00e8s d\u00e9lib\u00e9ration du comit\u00e9 directeur, nous avons\u2026","rel":"","context":"Article similaire","img":{"alt_text":"","src":"","width":0,"height":0},"classes":[]},{"id":12,"url":"https:\/\/www.montceautriathlon.com\/blog\/le-mot-du-president\/","url_meta":{"origin":3106,"position":3},"title":"Le mot du pr\u00e9sident","date":"13 novembre 2015","format":false,"excerpt":"Des plus jeunes aux v\u00e9t\u00e9rans confirm\u00e9s, sportifs occasionnels ou comp\u00e9titeurs, pour leur simple plaisir ou le besoin de se surpasser, le triathlon et disciplines associ\u00e9es, permettent \u00e0 chacun, selon son niveau, de nager, rouler, courir, de pratiquer ou se sensibiliser aux joies de l\u2019encha\u00eenement. D\u00e9couverte ou comp\u00e9tition, le Triathlon, sport\u2026","rel":"","context":"Article similaire","img":{"alt_text":"","src":"","width":0,"height":0},"classes":[]},{"id":54,"url":"https:\/\/www.montceautriathlon.com\/blog\/championnats-de-france-triathlon-jeunes-2016\/","url_meta":{"origin":3106,"position":4},"title":"Coupe de France des Clubs de Duathlon et de Triathlon 2018","date":"13 novembre 2015","format":false,"excerpt":"","rel":"","context":"Article similaire","img":{"alt_text":"","src":"https:\/\/i2.wp.com\/montceautriathlon.com\/blog\/wp-content\/uploads\/2018\/06\/Affiche-cdf2018_Artboard-1-e1530097882310-717x1024.jpg?resize=350%2C200","width":350,"height":200},"classes":[]},{"id":43,"url":"https:\/\/www.montceautriathlon.com\/blog\/se-licencier-au-club\/","url_meta":{"origin":3106,"position":5},"title":"Se licencier au club","date":"13 novembre 2015","format":false,"excerpt":"PASS'CLUB : 1 mois d'essai gratuit ! PASS'SPORT : le club accepte le pass'sport si vous en \u00eates b\u00e9n\u00e9ficiaire. LICENCE 2025-2026 Vous pouvez d\u00e9s \u00e0 pr\u00e9sent prendre ou renouveler votre licence. Toute prise de\u00a0licence (nouvelle, renouvellement ou mutation) se fait sur le site de la FFTri : Espace Tri 2.0\u2026","rel":"","context":"Article similaire","img":{"alt_text":"","src":"","width":0,"height":0},"classes":[]}],"_links":{"self":[{"href":"https:\/\/www.montceautriathlon.com\/blog\/wp-json\/wp\/v2\/pages\/3106"}],"collection":[{"href":"https:\/\/www.montceautriathlon.com\/blog\/wp-json\/wp\/v2\/pages"}],"about":[{"href":"https:\/\/www.montceautriathlon.com\/blog\/wp-json\/wp\/v2\/types\/page"}],"author":[{"embeddable":true,"href":"https:\/\/www.montceautriathlon.com\/blog\/wp-json\/wp\/v2\/users\/5"}],"replies":[{"embeddable":true,"href":"https:\/\/www.montceautriathlon.com\/blog\/wp-json\/wp\/v2\/comments?post=3106"}],"version-history":[{"count":5,"href":"https:\/\/www.montceautriathlon.com\/blog\/wp-json\/wp\/v2\/pages\/3106\/revisions"}],"predecessor-version":[{"id":4115,"href":"https:\/\/www.montceautriathlon.com\/blog\/wp-json\/wp\/v2\/pages\/3106\/revisions\/4115"}],"wp:attachment":[{"href":"https:\/\/www.montceautriathlon.com\/blog\/wp-json\/wp\/v2\/media?parent=3106"}],"curies":[{"name":"wp","href":"https:\/\/api.w.org\/{rel}","templated":true}]}}