{"id":27,"date":"2015-11-13T13:02:20","date_gmt":"2015-11-13T12:02:20","guid":{"rendered":"http:\/\/montceautriathlon.com\/blog\/?page_id=27"},"modified":"2019-11-07T14:53:12","modified_gmt":"2019-11-07T13:53:12","slug":"challenge-du-club","status":"publish","type":"page","link":"https:\/\/www.montceautriathlon.com\/blog\/challenge-du-club\/","title":{"rendered":"Challenge du club"},"content":{"rendered":"<div class=\"entry-content\">\n<p>Comme chaque ann\u00e9e le club organise un challenge interne.<\/p>\n<p>Vous trouverez le \u00a0\u00a0 <a href=\"http:\/\/montceautriathlon.com\/blog\/wp-content\/uploads\/2019\/11\/reglement-challenge-club-2019..pdf\" target=\"_blank\" rel=\"noopener\"> le r\u00e8glement du challenge du club 2019 ici<\/a><\/p>\n<p>Comme indiqu\u00e9 dans le r\u00e8glement, <strong>Sophie Rousseau<\/strong> doit recevoir vos r\u00e9sultats en g\u00e9n\u00e9ral et tout particuli\u00e8rement ceux concernant le challenge du club afin d\u2019en faciliter le suivi au cours de la saison.<\/p>\n<p>Nous vous remercions de votre participation \u00e0 ce challenge et de votre collaboration pour la transmission des r\u00e9sultats.<\/p>\n<\/div>\n","protected":false},"excerpt":{"rendered":"<p>Comme chaque ann\u00e9e le club organise un challenge interne. Vous trouverez le \u00a0\u00a0 le r\u00e8glement du challenge du club 2019 ici Comme indiqu\u00e9 dans le r\u00e8glement, Sophie Rousseau doit recevoir vos r\u00e9sultats en g\u00e9n\u00e9ral et tout particuli\u00e8rement ceux concernant le challenge du club afin d\u2019en faciliter le suivi au cours de la saison. Nous vous [&hellip;]<\/p>\n","protected":false},"author":1,"featured_media":0,"parent":0,"menu_order":0,"comment_status":"closed","ping_status":"closed","template":"","meta":{"spay_email":""},"jetpack_sharing_enabled":true,"jetpack_shortlink":"https:\/\/wp.me\/P8bwIy-r","jetpack-related-posts":[{"id":43,"url":"https:\/\/www.montceautriathlon.com\/blog\/se-licencier-au-club\/","url_meta":{"origin":27,"position":0},"title":"Se licencier au club","date":"13 novembre 2015","format":false,"excerpt":"PASS'CLUB : 1 mois d'essai gratuit ! PASS'SPORT : le club accepte le pass'sport si vous en \u00eates b\u00e9n\u00e9ficiaire. LICENCE 2025-2026 Vous pouvez d\u00e9s \u00e0 pr\u00e9sent prendre ou renouveler votre licence. Toute prise de\u00a0licence (nouvelle, renouvellement ou mutation) se fait sur le site de la FFTri : Espace Tri 2.0\u2026","rel":"","context":"Article similaire","img":{"alt_text":"","src":"","width":0,"height":0},"classes":[]},{"id":6515,"url":"https:\/\/www.montceautriathlon.com\/blog\/reglement-interieur-du-club\/","url_meta":{"origin":27,"position":1},"title":"R\u00e8glement int\u00e9rieur du club","date":"6 d\u00e9cembre 2023","format":false,"excerpt":"suivre le lien : https:\/\/www.montceautriathlon.com\/blog\/wp-content\/uploads\/2023\/12\/RI-club-2024-2025.pdf","rel":"","context":"Article similaire","img":{"alt_text":"","src":"","width":0,"height":0},"classes":[]},{"id":12,"url":"https:\/\/www.montceautriathlon.com\/blog\/le-mot-du-president\/","url_meta":{"origin":27,"position":2},"title":"Le mot du pr\u00e9sident","date":"13 novembre 2015","format":false,"excerpt":"Des plus jeunes aux v\u00e9t\u00e9rans confirm\u00e9s, sportifs occasionnels ou comp\u00e9titeurs, pour leur simple plaisir ou le besoin de se surpasser, le triathlon et disciplines associ\u00e9es, permettent \u00e0 chacun, selon son niveau, de nager, rouler, courir, de pratiquer ou se sensibiliser aux joies de l\u2019encha\u00eenement. D\u00e9couverte ou comp\u00e9tition, le Triathlon, sport\u2026","rel":"","context":"Article similaire","img":{"alt_text":"","src":"","width":0,"height":0},"classes":[]},{"id":16,"url":"https:\/\/www.montceautriathlon.com\/blog\/presentation-du-club\/","url_meta":{"origin":27,"position":3},"title":"Pr\u00e9sentation du club","date":"13 novembre 2015","format":false,"excerpt":"Historique Le club de triathlon de Montceau Les Mines\u00a0est n\u00e9\u00a0en 1999 sous l\u2019impulsion de\u00a03 licenci\u00e9s. Il est agr\u00e9\u00e9 Jeunesse et sports le 27\/11\/2000 En 2002, alors qu\u2019il ne compte que 17 licenci\u00e9s dont 5 jeunes,\u00a0le club\u00a0se lance dans l\u2019organisation de son premier aquathlon. En 2005, il compte d\u00e9j\u00e0 \u00a063 licenci\u00e9s\u00a0et\u2026","rel":"","context":"Article similaire","img":{"alt_text":"","src":"","width":0,"height":0},"classes":[]},{"id":2,"url":"https:\/\/www.montceautriathlon.com\/blog\/page-d-exemple\/","url_meta":{"origin":27,"position":4},"title":"Page d&rsquo;exemple","date":"6 novembre 2015","format":false,"excerpt":"Voici un exemple de page. Elle est diff\u00e9rente d'un article de blog, en cela qu'elle restera \u00e0 la m\u00eame place, et s'affichera dans le menu de navigation de votre site (en fonction de votre th\u00e8me). La plupart des gens commencent par \u00e9crire une page \u00ab \u00c0 Propos \u00bb qui les\u2026","rel":"","context":"Article similaire","img":{"alt_text":"","src":"","width":0,"height":0},"classes":[]},{"id":3336,"url":"https:\/\/www.montceautriathlon.com\/blog\/resultats-br-2025\/","url_meta":{"origin":27,"position":5},"title":"R\u00e9sultats","date":"8 novembre 2019","format":false,"excerpt":"Vous pouvez retrouver tous les r\u00e9sultats de l'Aquathlon 2025 sur le site du chronom\u00e9treur YAKA CHRONO.","rel":"","context":"Article similaire","img":{"alt_text":"","src":"","width":0,"height":0},"classes":[]}],"_links":{"self":[{"href":"https:\/\/www.montceautriathlon.com\/blog\/wp-json\/wp\/v2\/pages\/27"}],"collection":[{"href":"https:\/\/www.montceautriathlon.com\/blog\/wp-json\/wp\/v2\/pages"}],"about":[{"href":"https:\/\/www.montceautriathlon.com\/blog\/wp-json\/wp\/v2\/types\/page"}],"author":[{"embeddable":true,"href":"https:\/\/www.montceautriathlon.com\/blog\/wp-json\/wp\/v2\/users\/1"}],"replies":[{"embeddable":true,"href":"https:\/\/www.montceautriathlon.com\/blog\/wp-json\/wp\/v2\/comments?post=27"}],"version-history":[{"count":3,"href":"https:\/\/www.montceautriathlon.com\/blog\/wp-json\/wp\/v2\/pages\/27\/revisions"}],"predecessor-version":[{"id":3314,"href":"https:\/\/www.montceautriathlon.com\/blog\/wp-json\/wp\/v2\/pages\/27\/revisions\/3314"}],"wp:attachment":[{"href":"https:\/\/www.montceautriathlon.com\/blog\/wp-json\/wp\/v2\/media?parent=27"}],"curies":[{"name":"wp","href":"https:\/\/api.w.org\/{rel}","templated":true}]}}