{"id":25,"date":"2015-11-13T13:02:04","date_gmt":"2015-11-13T12:02:04","guid":{"rendered":"http:\/\/montceautriathlon.com\/blog\/?page_id=25"},"modified":"2019-11-07T15:39:07","modified_gmt":"2019-11-07T14:39:07","slug":"tenues","status":"publish","type":"page","link":"https:\/\/www.montceautriathlon.com\/blog\/tenues\/","title":{"rendered":"Tenues club"},"content":{"rendered":"<p><a href=\"http:\/\/montceautriathlon.com\/blog\/wp-content\/uploads\/2019\/11\/tri-devant.jpg\"><img data-attachment-id=\"3326\" data-permalink=\"https:\/\/www.montceautriathlon.com\/blog\/tenues\/tri-devant\/\" data-orig-file=\"https:\/\/www.montceautriathlon.com\/blog\/wp-content\/uploads\/2019\/11\/tri-devant.jpg\" data-orig-size=\"465,806\" data-comments-opened=\"1\" data-image-meta=\"{&quot;aperture&quot;:&quot;0&quot;,&quot;credit&quot;:&quot;&quot;,&quot;camera&quot;:&quot;&quot;,&quot;caption&quot;:&quot;&quot;,&quot;created_timestamp&quot;:&quot;0&quot;,&quot;copyright&quot;:&quot;&quot;,&quot;focal_length&quot;:&quot;0&quot;,&quot;iso&quot;:&quot;0&quot;,&quot;shutter_speed&quot;:&quot;0&quot;,&quot;title&quot;:&quot;&quot;,&quot;orientation&quot;:&quot;1&quot;}\" data-image-title=\"tri devant\" data-image-description=\"\" data-image-caption=\"\" data-medium-file=\"https:\/\/www.montceautriathlon.com\/blog\/wp-content\/uploads\/2019\/11\/tri-devant-173x300.jpg\" data-large-file=\"https:\/\/www.montceautriathlon.com\/blog\/wp-content\/uploads\/2019\/11\/tri-devant.jpg\" loading=\"lazy\" class=\"size-medium wp-image-3326 alignleft\" src=\"http:\/\/montceautriathlon.com\/blog\/wp-content\/uploads\/2019\/11\/tri-devant-173x300.jpg\" alt=\"\" width=\"173\" height=\"300\" srcset=\"https:\/\/www.montceautriathlon.com\/blog\/wp-content\/uploads\/2019\/11\/tri-devant-173x300.jpg 173w, https:\/\/www.montceautriathlon.com\/blog\/wp-content\/uploads\/2019\/11\/tri-devant.jpg 465w\" sizes=\"(max-width: 173px) 100vw, 173px\" \/><\/a> <a href=\"http:\/\/montceautriathlon.com\/blog\/wp-content\/uploads\/2019\/11\/tri-dos.jpg\"><img data-attachment-id=\"3327\" data-permalink=\"https:\/\/www.montceautriathlon.com\/blog\/tenues\/tri-dos\/\" data-orig-file=\"https:\/\/www.montceautriathlon.com\/blog\/wp-content\/uploads\/2019\/11\/tri-dos.jpg\" data-orig-size=\"583,733\" data-comments-opened=\"1\" data-image-meta=\"{&quot;aperture&quot;:&quot;0&quot;,&quot;credit&quot;:&quot;&quot;,&quot;camera&quot;:&quot;&quot;,&quot;caption&quot;:&quot;&quot;,&quot;created_timestamp&quot;:&quot;0&quot;,&quot;copyright&quot;:&quot;&quot;,&quot;focal_length&quot;:&quot;0&quot;,&quot;iso&quot;:&quot;0&quot;,&quot;shutter_speed&quot;:&quot;0&quot;,&quot;title&quot;:&quot;&quot;,&quot;orientation&quot;:&quot;1&quot;}\" data-image-title=\"tri dos\" data-image-description=\"\" data-image-caption=\"\" data-medium-file=\"https:\/\/www.montceautriathlon.com\/blog\/wp-content\/uploads\/2019\/11\/tri-dos-239x300.jpg\" data-large-file=\"https:\/\/www.montceautriathlon.com\/blog\/wp-content\/uploads\/2019\/11\/tri-dos.jpg\" loading=\"lazy\" class=\"size-medium wp-image-3327 alignright\" src=\"http:\/\/montceautriathlon.com\/blog\/wp-content\/uploads\/2019\/11\/tri-dos-239x300.jpg\" alt=\"\" width=\"239\" height=\"300\" srcset=\"https:\/\/www.montceautriathlon.com\/blog\/wp-content\/uploads\/2019\/11\/tri-dos-239x300.jpg 239w, https:\/\/www.montceautriathlon.com\/blog\/wp-content\/uploads\/2019\/11\/tri-dos.jpg 583w\" sizes=\"(max-width: 239px) 100vw, 239px\" \/>\u00a0<\/a><\/p>\n<p>Des photos\u00a0 qui montrent les tenues actuelles :<\/p>\n<p><a href=\"http:\/\/montceautriathlon.com\/blog\/wp-content\/uploads\/2019\/07\/IMG_1072-e1562002286786.jpg\" target=\"_blank\" rel=\"noopener\"><img data-attachment-id=\"3005\" data-permalink=\"https:\/\/www.montceautriathlon.com\/blog\/2019\/07\/01\/30-juin-2019-triathlon-du-lac-dannecy-chaud-mais-reussi\/img_1072\/\" data-orig-file=\"https:\/\/www.montceautriathlon.com\/blog\/wp-content\/uploads\/2019\/07\/IMG_1072-e1562002286786.jpg\" data-orig-size=\"3024,4032\" data-comments-opened=\"1\" data-image-meta=\"{&quot;aperture&quot;:&quot;0&quot;,&quot;credit&quot;:&quot;&quot;,&quot;camera&quot;:&quot;&quot;,&quot;caption&quot;:&quot;&quot;,&quot;created_timestamp&quot;:&quot;0&quot;,&quot;copyright&quot;:&quot;&quot;,&quot;focal_length&quot;:&quot;0&quot;,&quot;iso&quot;:&quot;0&quot;,&quot;shutter_speed&quot;:&quot;0&quot;,&quot;title&quot;:&quot;&quot;,&quot;orientation&quot;:&quot;6&quot;}\" data-image-title=\"IMG_1072\" data-image-description=\"\" data-image-caption=\"\" data-medium-file=\"https:\/\/www.montceautriathlon.com\/blog\/wp-content\/uploads\/2019\/07\/IMG_1072-e1562002286786-225x300.jpg\" data-large-file=\"https:\/\/www.montceautriathlon.com\/blog\/wp-content\/uploads\/2019\/07\/IMG_1072-e1562002286786-768x1024.jpg\" loading=\"lazy\" class=\"wp-image-3005 size-medium aligncenter\" src=\"http:\/\/montceautriathlon.com\/blog\/wp-content\/uploads\/2019\/07\/IMG_1072-e1562002286786-225x300.jpg\" alt=\"\" width=\"225\" height=\"300\" srcset=\"https:\/\/www.montceautriathlon.com\/blog\/wp-content\/uploads\/2019\/07\/IMG_1072-e1562002286786-225x300.jpg 225w, https:\/\/www.montceautriathlon.com\/blog\/wp-content\/uploads\/2019\/07\/IMG_1072-e1562002286786-768x1024.jpg 768w\" sizes=\"(max-width: 225px) 100vw, 225px\" \/><\/a> <a href=\"http:\/\/montceautriathlon.com\/blog\/wp-content\/uploads\/2019\/07\/Resized_20190705_1142451.jpg\" target=\"_blank\" rel=\"noopener\"><img data-attachment-id=\"3016\" data-permalink=\"https:\/\/www.montceautriathlon.com\/blog\/2019\/07\/08\/6-juillet-2019-triathlon-des-gorges-de-lardeche-fallait-avoir-la-peche\/resized_20190705_1142451\/\" data-orig-file=\"https:\/\/www.montceautriathlon.com\/blog\/wp-content\/uploads\/2019\/07\/Resized_20190705_1142451.jpg\" data-orig-size=\"1920,933\" data-comments-opened=\"1\" data-image-meta=\"{&quot;aperture&quot;:&quot;0&quot;,&quot;credit&quot;:&quot;&quot;,&quot;camera&quot;:&quot;&quot;,&quot;caption&quot;:&quot;&quot;,&quot;created_timestamp&quot;:&quot;0&quot;,&quot;copyright&quot;:&quot;&quot;,&quot;focal_length&quot;:&quot;0&quot;,&quot;iso&quot;:&quot;0&quot;,&quot;shutter_speed&quot;:&quot;0&quot;,&quot;title&quot;:&quot;&quot;,&quot;orientation&quot;:&quot;0&quot;}\" data-image-title=\"Resized_20190705_1142451\" data-image-description=\"\" data-image-caption=\"\" data-medium-file=\"https:\/\/www.montceautriathlon.com\/blog\/wp-content\/uploads\/2019\/07\/Resized_20190705_1142451-300x146.jpg\" data-large-file=\"https:\/\/www.montceautriathlon.com\/blog\/wp-content\/uploads\/2019\/07\/Resized_20190705_1142451-1024x498.jpg\" loading=\"lazy\" class=\"wp-image-3016 size-medium aligncenter\" src=\"http:\/\/montceautriathlon.com\/blog\/wp-content\/uploads\/2019\/07\/Resized_20190705_1142451-300x146.jpg\" alt=\"\" width=\"300\" height=\"146\" srcset=\"https:\/\/www.montceautriathlon.com\/blog\/wp-content\/uploads\/2019\/07\/Resized_20190705_1142451-300x146.jpg 300w, https:\/\/www.montceautriathlon.com\/blog\/wp-content\/uploads\/2019\/07\/Resized_20190705_1142451-768x373.jpg 768w, https:\/\/www.montceautriathlon.com\/blog\/wp-content\/uploads\/2019\/07\/Resized_20190705_1142451-1024x498.jpg 1024w, https:\/\/www.montceautriathlon.com\/blog\/wp-content\/uploads\/2019\/07\/Resized_20190705_1142451.jpg 1920w\" sizes=\"(max-width: 300px) 100vw, 300px\" \/><\/a><\/p>\n","protected":false},"excerpt":{"rendered":"<p>\u00a0 Des photos\u00a0 qui montrent les tenues actuelles :<\/p>\n","protected":false},"author":1,"featured_media":0,"parent":0,"menu_order":0,"comment_status":"closed","ping_status":"closed","template":"","meta":{"spay_email":""},"jetpack_sharing_enabled":true,"jetpack_shortlink":"https:\/\/wp.me\/P8bwIy-p","jetpack-related-posts":[{"id":21,"url":"https:\/\/www.montceautriathlon.com\/blog\/ecole-de-tri\/","url_meta":{"origin":25,"position":0},"title":"\u00c9cole de Tri","date":"13 novembre 2015","format":false,"excerpt":"Nous connaissons tous les richesses \u00e9ducatives de la natation, du v\u00e9lo et de la course \u00e0 pied. Le triathlon r\u00e9unit ces 3 disciplines et reste le sport de base, celui des gestes fondamentaux de l\u2019\u00e9ducation motrice de l\u2019enfant et de l\u2019adolescent. La pratique en club, c\u2019est l\u2019occasion pour eux de\u2026","rel":"","context":"Article similaire","img":{"alt_text":"","src":"","width":0,"height":0},"classes":[]},{"id":43,"url":"https:\/\/www.montceautriathlon.com\/blog\/se-licencier-au-club\/","url_meta":{"origin":25,"position":1},"title":"Se licencier au club","date":"13 novembre 2015","format":false,"excerpt":"PASS'CLUB : 1 mois d'essai gratuit ! PASS'SPORT : le club accepte le pass'sport si vous en \u00eates b\u00e9n\u00e9ficiaire. LICENCE 2025-2026 Vous pouvez d\u00e9s \u00e0 pr\u00e9sent prendre ou renouveler votre licence. Toute prise de\u00a0licence (nouvelle, renouvellement ou mutation) se fait sur le site de la FFTri : Espace Tri 2.0\u2026","rel":"","context":"Article similaire","img":{"alt_text":"","src":"","width":0,"height":0},"classes":[]},{"id":16,"url":"https:\/\/www.montceautriathlon.com\/blog\/presentation-du-club\/","url_meta":{"origin":25,"position":2},"title":"Pr\u00e9sentation du club","date":"13 novembre 2015","format":false,"excerpt":"Historique Le club de triathlon de Montceau Les Mines\u00a0est n\u00e9\u00a0en 1999 sous l\u2019impulsion de\u00a03 licenci\u00e9s. Il est agr\u00e9\u00e9 Jeunesse et sports le 27\/11\/2000 En 2002, alors qu\u2019il ne compte que 17 licenci\u00e9s dont 5 jeunes,\u00a0le club\u00a0se lance dans l\u2019organisation de son premier aquathlon. En 2005, il compte d\u00e9j\u00e0 \u00a063 licenci\u00e9s\u00a0et\u2026","rel":"","context":"Article similaire","img":{"alt_text":"","src":"","width":0,"height":0},"classes":[]},{"id":3747,"url":"https:\/\/www.montceautriathlon.com\/blog\/pass-club\/","url_meta":{"origin":25,"position":3},"title":"pass club","date":"20 ao\u00fbt 2020","format":false,"excerpt":"PASS CLUB Depuis 2013, la F\u00e9d\u00e9ration Fran\u00e7aise de Triathlon souhaite faciliter la d\u00e9couverte des disciplines encha\u00een\u00e9es \u00e0 tous les non-licenci\u00e9s en cr\u00e9ant le\u00a0PASS CLUB. Ce Pass permet \u00e0 tous les sportifs amateurs de tous \u00e2ges et tous niveaux de b\u00e9n\u00e9ficier gratuitement d\u2019un mois d\u2019essai au sein d\u2019un club de Triathlon\u2026","rel":"","context":"Article similaire","img":{"alt_text":"","src":"","width":0,"height":0},"classes":[]},{"id":12,"url":"https:\/\/www.montceautriathlon.com\/blog\/le-mot-du-president\/","url_meta":{"origin":25,"position":4},"title":"Le mot du pr\u00e9sident","date":"13 novembre 2015","format":false,"excerpt":"Des plus jeunes aux v\u00e9t\u00e9rans confirm\u00e9s, sportifs occasionnels ou comp\u00e9titeurs, pour leur simple plaisir ou le besoin de se surpasser, le triathlon et disciplines associ\u00e9es, permettent \u00e0 chacun, selon son niveau, de nager, rouler, courir, de pratiquer ou se sensibiliser aux joies de l\u2019encha\u00eenement. D\u00e9couverte ou comp\u00e9tition, le Triathlon, sport\u2026","rel":"","context":"Article similaire","img":{"alt_text":"","src":"","width":0,"height":0},"classes":[]},{"id":41,"url":"https:\/\/www.montceautriathlon.com\/blog\/les-horaires\/","url_meta":{"origin":25,"position":5},"title":"Les horaires","date":"13 novembre 2015","format":false,"excerpt":"Nouveau: cr\u00e9neaux famille: mardi de 18h30 \u00e0 19h30: course \u00e0 pied adultes et course \u00e0 pied jeunes mercredi de 18h \u00e0 19h: natation adultes et natation jeunes Course \u00e0 pied Les s\u00e9ances de course \u00e0 pied se d\u00e9roulent au stade Jean Bouveri (accueil c\u00f4t\u00e9 \u00e9tang du Plessis) \u00e0 Montceau Les\u2026","rel":"","context":"Article similaire","img":{"alt_text":"","src":"","width":0,"height":0},"classes":[]}],"_links":{"self":[{"href":"https:\/\/www.montceautriathlon.com\/blog\/wp-json\/wp\/v2\/pages\/25"}],"collection":[{"href":"https:\/\/www.montceautriathlon.com\/blog\/wp-json\/wp\/v2\/pages"}],"about":[{"href":"https:\/\/www.montceautriathlon.com\/blog\/wp-json\/wp\/v2\/types\/page"}],"author":[{"embeddable":true,"href":"https:\/\/www.montceautriathlon.com\/blog\/wp-json\/wp\/v2\/users\/1"}],"replies":[{"embeddable":true,"href":"https:\/\/www.montceautriathlon.com\/blog\/wp-json\/wp\/v2\/comments?post=25"}],"version-history":[{"count":5,"href":"https:\/\/www.montceautriathlon.com\/blog\/wp-json\/wp\/v2\/pages\/25\/revisions"}],"predecessor-version":[{"id":3328,"href":"https:\/\/www.montceautriathlon.com\/blog\/wp-json\/wp\/v2\/pages\/25\/revisions\/3328"}],"wp:attachment":[{"href":"https:\/\/www.montceautriathlon.com\/blog\/wp-json\/wp\/v2\/media?parent=25"}],"curies":[{"name":"wp","href":"https:\/\/api.w.org\/{rel}","templated":true}]}}