{"id":2154,"date":"2018-09-06T14:07:06","date_gmt":"2018-09-06T13:07:06","guid":{"rendered":"http:\/\/montceautriathlon.com\/blog\/?page_id=2154"},"modified":"2018-09-20T12:57:17","modified_gmt":"2018-09-20T11:57:17","slug":"soiree-bourguignonne","status":"publish","type":"page","link":"https:\/\/www.montceautriathlon.com\/blog\/soiree-bourguignonne\/","title":{"rendered":"Soir\u00e9e Coupe de France"},"content":{"rendered":"<p align=\"CENTER\"><strong><span style=\"color: #000000;\"><span style=\"font-family: Comic Sans MS, cursive;\"><span style=\"font-size: medium;\">D\u00e8s 19h \u00e0 la salle de l&rsquo;Embarcad\u00e8re (Montceau-les-Mines),<\/span><\/span><\/span><\/strong><\/p>\n<p align=\"CENTER\"><span style=\"color: #0000ff;\"><strong><span style=\"font-family: Comic Sans MS, cursive;\"><span style=\"font-size: x-large;\"><b>Ap\u00e9ro Concert<\/b><\/span><\/span><\/strong><\/span><\/p>\n<p align=\"CENTER\"><span style=\"color: #008000;\"><strong><span style=\"font-family: Comic Sans MS, cursive;\"><span style=\"font-size: x-large;\">Suivi d&rsquo;un <\/span><\/span><\/strong><strong><span style=\"font-family: Comic Sans MS, cursive;\"><span style=\"font-size: x-large;\"><b>Repas <\/b><\/span><\/span><\/strong><\/span><strong><span style=\"color: #000000;\"><span style=\"font-family: Comic Sans MS, cursive;\"><span style=\"font-size: x-large;\">(\u00e0 r\u00e9server)<\/span><\/span><\/span><\/strong><\/p>\n<p align=\"CENTER\"><strong><span style=\"color: #000000;\"><span style=\"font-family: Comic Sans MS, cursive;\"><span style=\"font-size: medium;\">Terrine de poisson accompagn\u00e9e de mac\u00e9doine et crudit\u00e9s<\/span><\/span><\/span><\/strong><\/p>\n<p align=\"CENTER\"><strong><span style=\"color: #000000;\"><span style=\"font-family: Comic Sans MS, cursive;\"><span style=\"font-size: medium;\">Filet de poulet grill\u00e9 sauce foresti\u00e8re<\/span><\/span><\/span><\/strong><\/p>\n<p align=\"CENTER\"><strong><span style=\"color: #000000;\"><span style=\"font-family: Comic Sans MS, cursive;\"><span style=\"font-size: medium;\">Gratin dauphinois<\/span><\/span><\/span><\/strong><\/p>\n<p align=\"CENTER\"><strong><span style=\"color: #000000;\"><span style=\"font-family: Comic Sans MS, cursive;\"><span style=\"font-size: medium;\">Fromage,Dessert et caf\u00e9<\/span><\/span><\/span><\/strong><\/p>\n<p align=\"CENTER\"><strong><span style=\"color: #000000;\"><span style=\"font-family: Comic Sans MS, cursive;\"><span style=\"font-size: medium;\">Prix: 25\u20ac<\/span><\/span><\/span><\/strong><\/p>\n<p align=\"CENTER\"><span style=\"color: #ff0000;\"><strong><span style=\"font-family: Comic Sans MS, cursive;\"><span style=\"font-size: x-large;\"><b>Soir\u00e9e anim\u00e9e par un DJ<\/b><\/span><\/span><\/strong><\/span><\/p>\n<p align=\"CENTER\"><a href=\"http:\/\/montceautriathlon.com\/blog\/soiree-bourguignonne\/soiree_dj_1\/\" rel=\"attachment wp-att-2238\"><img data-attachment-id=\"2238\" data-permalink=\"https:\/\/www.montceautriathlon.com\/blog\/soiree-bourguignonne\/soiree_dj_1\/\" data-orig-file=\"https:\/\/www.montceautriathlon.com\/blog\/wp-content\/uploads\/2018\/09\/Soiree_DJ_1.jpg\" data-orig-size=\"265,190\" data-comments-opened=\"1\" data-image-meta=\"{&quot;aperture&quot;:&quot;0&quot;,&quot;credit&quot;:&quot;&quot;,&quot;camera&quot;:&quot;&quot;,&quot;caption&quot;:&quot;&quot;,&quot;created_timestamp&quot;:&quot;0&quot;,&quot;copyright&quot;:&quot;&quot;,&quot;focal_length&quot;:&quot;0&quot;,&quot;iso&quot;:&quot;0&quot;,&quot;shutter_speed&quot;:&quot;0&quot;,&quot;title&quot;:&quot;&quot;,&quot;orientation&quot;:&quot;0&quot;}\" data-image-title=\"Soiree_DJ_1\" data-image-description=\"\" data-image-caption=\"\" data-medium-file=\"https:\/\/www.montceautriathlon.com\/blog\/wp-content\/uploads\/2018\/09\/Soiree_DJ_1.jpg\" data-large-file=\"https:\/\/www.montceautriathlon.com\/blog\/wp-content\/uploads\/2018\/09\/Soiree_DJ_1.jpg\" loading=\"lazy\" class=\"alignnone size-thumbnail wp-image-2238\" src=\"http:\/\/montceautriathlon.com\/blog\/wp-content\/uploads\/2018\/09\/Soiree_DJ_1-150x150.jpg\" alt=\"\" width=\"150\" height=\"150\" \/><\/a><\/p>\n","protected":false},"excerpt":{"rendered":"<p>D\u00e8s 19h \u00e0 la salle de l&rsquo;Embarcad\u00e8re (Montceau-les-Mines), Ap\u00e9ro Concert Suivi d&rsquo;un Repas (\u00e0 r\u00e9server) Terrine de poisson accompagn\u00e9e de mac\u00e9doine et crudit\u00e9s Filet de poulet grill\u00e9 sauce foresti\u00e8re Gratin dauphinois Fromage,Dessert et caf\u00e9 Prix: 25\u20ac Soir\u00e9e anim\u00e9e par un DJ<\/p>\n","protected":false},"author":1,"featured_media":0,"parent":0,"menu_order":0,"comment_status":"closed","ping_status":"closed","template":"","meta":{"spay_email":""},"jetpack_sharing_enabled":true,"jetpack_shortlink":"https:\/\/wp.me\/P8bwIy-yK","jetpack-related-posts":[],"_links":{"self":[{"href":"https:\/\/www.montceautriathlon.com\/blog\/wp-json\/wp\/v2\/pages\/2154"}],"collection":[{"href":"https:\/\/www.montceautriathlon.com\/blog\/wp-json\/wp\/v2\/pages"}],"about":[{"href":"https:\/\/www.montceautriathlon.com\/blog\/wp-json\/wp\/v2\/types\/page"}],"author":[{"embeddable":true,"href":"https:\/\/www.montceautriathlon.com\/blog\/wp-json\/wp\/v2\/users\/1"}],"replies":[{"embeddable":true,"href":"https:\/\/www.montceautriathlon.com\/blog\/wp-json\/wp\/v2\/comments?post=2154"}],"version-history":[{"count":6,"href":"https:\/\/www.montceautriathlon.com\/blog\/wp-json\/wp\/v2\/pages\/2154\/revisions"}],"predecessor-version":[{"id":2246,"href":"https:\/\/www.montceautriathlon.com\/blog\/wp-json\/wp\/v2\/pages\/2154\/revisions\/2246"}],"wp:attachment":[{"href":"https:\/\/www.montceautriathlon.com\/blog\/wp-json\/wp\/v2\/media?parent=2154"}],"curies":[{"name":"wp","href":"https:\/\/api.w.org\/{rel}","templated":true}]}}