{"id":21,"date":"2015-11-13T12:59:47","date_gmt":"2015-11-13T11:59:47","guid":{"rendered":"http:\/\/montceautriathlon.com\/blog\/?page_id=21"},"modified":"2019-11-04T18:01:48","modified_gmt":"2019-11-04T17:01:48","slug":"ecole-de-tri","status":"publish","type":"page","link":"https:\/\/www.montceautriathlon.com\/blog\/ecole-de-tri\/","title":{"rendered":"\u00c9cole de Tri"},"content":{"rendered":"<div class=\"entry-content\">\n<p>Nous connaissons tous les richesses \u00e9ducatives de la natation, du v\u00e9lo et de la course \u00e0 pied. Le triathlon r\u00e9unit ces 3 disciplines et reste le sport de base, celui des gestes fondamentaux de l\u2019\u00e9ducation motrice de l\u2019enfant et de l\u2019adolescent.<\/p>\n<p>La pratique en club, c\u2019est l\u2019occasion pour eux de <strong>s\u2019initier, se perfectionner,\u00a0 s\u2019entrainer<\/strong> \u2026 et tout cela dans les 3 disciplines en toute s\u00e9curit\u00e9.<\/p>\n<p>Le club a d\u00e9velopp\u00e9 son \u00e9cole de triathlon qui compte d\u00e9sormais une quarantaine de licenci\u00e9s de mini poussins \u00e0 junior. Des cr\u00e9neaux de natation leurs sont d\u00e9di\u00e9s encadr\u00e9s par Sophie qui suit aussi les plus jeunes en CAP.\u00a0 Les ados en fonction de leur niveau ont un entrainement sp\u00e9cifique\u00a0 ou s&rsquo;entrainent avec un groupe d&rsquo;adultes. Depuis deux ann\u00e9es, des cr\u00e9neaux VTT et v\u00e9lo sur route sont \u00e9galement propos\u00e9s, tous encadr\u00e9s par des animateurs f\u00e9d\u00e9raux. (Voir lieux et horaires )<\/p>\n<\/div>\n","protected":false},"excerpt":{"rendered":"<p>Nous connaissons tous les richesses \u00e9ducatives de la natation, du v\u00e9lo et de la course \u00e0 pied. Le triathlon r\u00e9unit ces 3 disciplines et reste le sport de base, celui des gestes fondamentaux de l\u2019\u00e9ducation motrice de l\u2019enfant et de l\u2019adolescent. La pratique en club, c\u2019est l\u2019occasion pour eux de s\u2019initier, se perfectionner,\u00a0 s\u2019entrainer \u2026 [&hellip;]<\/p>\n","protected":false},"author":1,"featured_media":0,"parent":0,"menu_order":0,"comment_status":"closed","ping_status":"closed","template":"","meta":{"spay_email":""},"jetpack_sharing_enabled":true,"jetpack_shortlink":"https:\/\/wp.me\/P8bwIy-l","jetpack-related-posts":[{"id":41,"url":"https:\/\/www.montceautriathlon.com\/blog\/les-horaires\/","url_meta":{"origin":21,"position":0},"title":"Les horaires","date":"13 novembre 2015","format":false,"excerpt":"Nouveau: cr\u00e9neaux famille: mardi de 18h30 \u00e0 19h30: course \u00e0 pied adultes et course \u00e0 pied jeunes mercredi de 18h \u00e0 19h: natation adultes et natation jeunes Course \u00e0 pied Les s\u00e9ances de course \u00e0 pied se d\u00e9roulent au stade Jean Bouveri (accueil c\u00f4t\u00e9 \u00e9tang du Plessis) \u00e0 Montceau Les\u2026","rel":"","context":"Article similaire","img":{"alt_text":"","src":"","width":0,"height":0},"classes":[]},{"id":12,"url":"https:\/\/www.montceautriathlon.com\/blog\/le-mot-du-president\/","url_meta":{"origin":21,"position":1},"title":"Le mot du pr\u00e9sident","date":"13 novembre 2015","format":false,"excerpt":"Des plus jeunes aux v\u00e9t\u00e9rans confirm\u00e9s, sportifs occasionnels ou comp\u00e9titeurs, pour leur simple plaisir ou le besoin de se surpasser, le triathlon et disciplines associ\u00e9es, permettent \u00e0 chacun, selon son niveau, de nager, rouler, courir, de pratiquer ou se sensibiliser aux joies de l\u2019encha\u00eenement. D\u00e9couverte ou comp\u00e9tition, le Triathlon, sport\u2026","rel":"","context":"Article similaire","img":{"alt_text":"","src":"","width":0,"height":0},"classes":[]},{"id":3747,"url":"https:\/\/www.montceautriathlon.com\/blog\/pass-club\/","url_meta":{"origin":21,"position":2},"title":"pass club","date":"20 ao\u00fbt 2020","format":false,"excerpt":"PASS CLUB Depuis 2013, la F\u00e9d\u00e9ration Fran\u00e7aise de Triathlon souhaite faciliter la d\u00e9couverte des disciplines encha\u00een\u00e9es \u00e0 tous les non-licenci\u00e9s en cr\u00e9ant le\u00a0PASS CLUB. Ce Pass permet \u00e0 tous les sportifs amateurs de tous \u00e2ges et tous niveaux de b\u00e9n\u00e9ficier gratuitement d\u2019un mois d\u2019essai au sein d\u2019un club de Triathlon\u2026","rel":"","context":"Article similaire","img":{"alt_text":"","src":"","width":0,"height":0},"classes":[]},{"id":16,"url":"https:\/\/www.montceautriathlon.com\/blog\/presentation-du-club\/","url_meta":{"origin":21,"position":3},"title":"Pr\u00e9sentation du club","date":"13 novembre 2015","format":false,"excerpt":"Historique Le club de triathlon de Montceau Les Mines\u00a0est n\u00e9\u00a0en 1999 sous l\u2019impulsion de\u00a03 licenci\u00e9s. Il est agr\u00e9\u00e9 Jeunesse et sports le 27\/11\/2000 En 2002, alors qu\u2019il ne compte que 17 licenci\u00e9s dont 5 jeunes,\u00a0le club\u00a0se lance dans l\u2019organisation de son premier aquathlon. En 2005, il compte d\u00e9j\u00e0 \u00a063 licenci\u00e9s\u00a0et\u2026","rel":"","context":"Article similaire","img":{"alt_text":"","src":"","width":0,"height":0},"classes":[]},{"id":43,"url":"https:\/\/www.montceautriathlon.com\/blog\/se-licencier-au-club\/","url_meta":{"origin":21,"position":4},"title":"Se licencier au club","date":"13 novembre 2015","format":false,"excerpt":"PASS'CLUB : 1 mois d'essai gratuit ! PASS'SPORT : le club accepte le pass'sport si vous en \u00eates b\u00e9n\u00e9ficiaire. LICENCE 2025-2026 Vous pouvez d\u00e9s \u00e0 pr\u00e9sent prendre ou renouveler votre licence. Toute prise de\u00a0licence (nouvelle, renouvellement ou mutation) se fait sur le site de la FFTri : Espace Tri 2.0\u2026","rel":"","context":"Article similaire","img":{"alt_text":"","src":"","width":0,"height":0},"classes":[]},{"id":98,"url":"https:\/\/www.montceautriathlon.com\/blog\/programme\/","url_meta":{"origin":21,"position":5},"title":"PROGRAMME TRIATHLON","date":"10 mars 2016","format":false,"excerpt":"ATTENTION : Ce programme peut encore \u00eatre modifi\u00e9 (derni\u00e8re mise \u00e0 jour le 14\/03\/2026) Modifications en date du 23\/03\/2026 : Changement d'horaires + organisations des \u00e9preuves SAMEDI 23 MAI 2026 (\u00c9preuves OPEN) Jeunes 6-9 ans (J1) Restrictions: ouvert aux licenci\u00e9(e)s et non licenci\u00e9(e)s FFTri personnes n\u00e9es entre le 1 janv.\u2026","rel":"","context":"Article similaire","img":{"alt_text":"","src":"","width":0,"height":0},"classes":[]}],"_links":{"self":[{"href":"https:\/\/www.montceautriathlon.com\/blog\/wp-json\/wp\/v2\/pages\/21"}],"collection":[{"href":"https:\/\/www.montceautriathlon.com\/blog\/wp-json\/wp\/v2\/pages"}],"about":[{"href":"https:\/\/www.montceautriathlon.com\/blog\/wp-json\/wp\/v2\/types\/page"}],"author":[{"embeddable":true,"href":"https:\/\/www.montceautriathlon.com\/blog\/wp-json\/wp\/v2\/users\/1"}],"replies":[{"embeddable":true,"href":"https:\/\/www.montceautriathlon.com\/blog\/wp-json\/wp\/v2\/comments?post=21"}],"version-history":[{"count":3,"href":"https:\/\/www.montceautriathlon.com\/blog\/wp-json\/wp\/v2\/pages\/21\/revisions"}],"predecessor-version":[{"id":3309,"href":"https:\/\/www.montceautriathlon.com\/blog\/wp-json\/wp\/v2\/pages\/21\/revisions\/3309"}],"wp:attachment":[{"href":"https:\/\/www.montceautriathlon.com\/blog\/wp-json\/wp\/v2\/media?parent=21"}],"curies":[{"name":"wp","href":"https:\/\/api.w.org\/{rel}","templated":true}]}}