{"id":19,"date":"2015-11-13T12:59:10","date_gmt":"2015-11-13T11:59:10","guid":{"rendered":"http:\/\/montceautriathlon.com\/blog\/?page_id=19"},"modified":"2015-11-13T12:59:10","modified_gmt":"2015-11-13T11:59:10","slug":"siege-du-club","status":"publish","type":"page","link":"https:\/\/www.montceautriathlon.com\/blog\/siege-du-club\/","title":{"rendered":"Si\u00e8ge du club"},"content":{"rendered":"<p><strong>MONTCEAU TRIATHLON<\/strong><br \/>\nCentre Nautique<br \/>\n2, rue du Commandant MOUCHOTTE<br \/>\n71300 MONTCEAU-LES-MINES<\/p>\n","protected":false},"excerpt":{"rendered":"<p>MONTCEAU TRIATHLON Centre Nautique 2, rue du Commandant MOUCHOTTE 71300 MONTCEAU-LES-MINES<\/p>\n","protected":false},"author":1,"featured_media":0,"parent":0,"menu_order":0,"comment_status":"closed","ping_status":"closed","template":"","meta":{"spay_email":""},"jetpack_sharing_enabled":true,"jetpack_shortlink":"https:\/\/wp.me\/P8bwIy-j","jetpack-related-posts":[{"id":43,"url":"https:\/\/www.montceautriathlon.com\/blog\/se-licencier-au-club\/","url_meta":{"origin":19,"position":0},"title":"Se licencier au club","date":"13 novembre 2015","format":false,"excerpt":"PASS'CLUB : 1 mois d'essai gratuit ! PASS'SPORT : le club accepte le pass'sport si vous en \u00eates b\u00e9n\u00e9ficiaire. LICENCE 2025-2026 Vous pouvez d\u00e9s \u00e0 pr\u00e9sent prendre ou renouveler votre licence. Toute prise de\u00a0licence (nouvelle, renouvellement ou mutation) se fait sur le site de la FFTri : Espace Tri 2.0\u2026","rel":"","context":"Article similaire","img":{"alt_text":"","src":"","width":0,"height":0},"classes":[]},{"id":16,"url":"https:\/\/www.montceautriathlon.com\/blog\/presentation-du-club\/","url_meta":{"origin":19,"position":1},"title":"Pr\u00e9sentation du club","date":"13 novembre 2015","format":false,"excerpt":"Historique Le club de triathlon de Montceau Les Mines\u00a0est n\u00e9\u00a0en 1999 sous l\u2019impulsion de\u00a03 licenci\u00e9s. Il est agr\u00e9\u00e9 Jeunesse et sports le 27\/11\/2000 En 2002, alors qu\u2019il ne compte que 17 licenci\u00e9s dont 5 jeunes,\u00a0le club\u00a0se lance dans l\u2019organisation de son premier aquathlon. En 2005, il compte d\u00e9j\u00e0 \u00a063 licenci\u00e9s\u00a0et\u2026","rel":"","context":"Article similaire","img":{"alt_text":"","src":"","width":0,"height":0},"classes":[]},{"id":110,"url":"https:\/\/www.montceautriathlon.com\/blog\/hebergement\/","url_meta":{"origin":19,"position":2},"title":"H\u00e9bergement (H\u00f4tel, g\u00eete, chambre d&rsquo;h\u00f4tes, camping)","date":"10 mars 2016","format":false,"excerpt":"O\u00f9 trouver un h\u00f4tel autour de Montceau-les-Mines ? Sur Montceau-les-Mines ibis Budget ibis Economique Nota Bene Le Konine H\u00f4tel Le France H\u00f4tel de Lucy Sur Blanzy : \u00e0 5km environ (9min) Le Maryland Sur Saint Eus\u00e8be : \u00e0 13km environ (16min) Le Pr\u00e9 au Bois Sur Montchanin (Proche gare TGV)\u2026","rel":"","context":"Article similaire","img":{"alt_text":"","src":"","width":0,"height":0},"classes":[]},{"id":493,"url":"https:\/\/www.montceautriathlon.com\/blog\/centre-daccueil-de-sanvignes-les-mines\/","url_meta":{"origin":19,"position":3},"title":"Centre d&rsquo;accueil de Sanvignes-les-Mines","date":"23 mai 2016","format":false,"excerpt":"La mairie de Sanvignes-les-Mines propose son Centre d'accueil avec : 15\u20ac le lit par nuit\u00e9e 1 chambre de 6 lits 4 chambres de 8 lits une cuisine \u00e9quip\u00e9e Pour tout renseignement, veuillez contacter : MONTCEAU TRIATHLON Mr THIERRY Beno\u00eet T\u00e9l.:06.21.31.72.51 E-mail: benoit.thierry0301@orange.fr \u00a0","rel":"","context":"Article similaire","img":{"alt_text":"","src":"","width":0,"height":0},"classes":[]},{"id":41,"url":"https:\/\/www.montceautriathlon.com\/blog\/les-horaires\/","url_meta":{"origin":19,"position":4},"title":"Les horaires","date":"13 novembre 2015","format":false,"excerpt":"Nouveau: cr\u00e9neaux famille: mardi de 18h30 \u00e0 19h30: course \u00e0 pied adultes et course \u00e0 pied jeunes mercredi de 18h \u00e0 19h: natation adultes et natation jeunes Course \u00e0 pied Les s\u00e9ances de course \u00e0 pied se d\u00e9roulent au stade Jean Bouveri (accueil c\u00f4t\u00e9 \u00e9tang du Plessis) \u00e0 Montceau Les\u2026","rel":"","context":"Article similaire","img":{"alt_text":"","src":"","width":0,"height":0},"classes":[]},{"id":375,"url":"https:\/\/www.montceautriathlon.com\/blog\/photo-video\/","url_meta":{"origin":19,"position":5},"title":"Photo \/ Video","date":"13 mai 2016","format":false,"excerpt":"Article du JSL avec quelques photos Article de Montceau-News avec quelques photos Article de Montceau-Sport Photos du triathlon","rel":"","context":"Article similaire","img":{"alt_text":"","src":"","width":0,"height":0},"classes":[]}],"_links":{"self":[{"href":"https:\/\/www.montceautriathlon.com\/blog\/wp-json\/wp\/v2\/pages\/19"}],"collection":[{"href":"https:\/\/www.montceautriathlon.com\/blog\/wp-json\/wp\/v2\/pages"}],"about":[{"href":"https:\/\/www.montceautriathlon.com\/blog\/wp-json\/wp\/v2\/types\/page"}],"author":[{"embeddable":true,"href":"https:\/\/www.montceautriathlon.com\/blog\/wp-json\/wp\/v2\/users\/1"}],"replies":[{"embeddable":true,"href":"https:\/\/www.montceautriathlon.com\/blog\/wp-json\/wp\/v2\/comments?post=19"}],"version-history":[{"count":1,"href":"https:\/\/www.montceautriathlon.com\/blog\/wp-json\/wp\/v2\/pages\/19\/revisions"}],"predecessor-version":[{"id":20,"href":"https:\/\/www.montceautriathlon.com\/blog\/wp-json\/wp\/v2\/pages\/19\/revisions\/20"}],"wp:attachment":[{"href":"https:\/\/www.montceautriathlon.com\/blog\/wp-json\/wp\/v2\/media?parent=19"}],"curies":[{"name":"wp","href":"https:\/\/api.w.org\/{rel}","templated":true}]}}