{"id":12,"date":"2015-11-13T12:50:13","date_gmt":"2015-11-13T11:50:13","guid":{"rendered":"http:\/\/montceautriathlon.com\/blog\/?page_id=12"},"modified":"2021-03-21T18:32:44","modified_gmt":"2021-03-21T17:32:44","slug":"le-mot-du-president","status":"publish","type":"page","link":"https:\/\/www.montceautriathlon.com\/blog\/le-mot-du-president\/","title":{"rendered":"Le mot du pr\u00e9sident"},"content":{"rendered":"<div class=\"entry-content\">\n<p>Des plus jeunes aux v\u00e9t\u00e9rans confirm\u00e9s, sportifs occasionnels ou comp\u00e9titeurs, pour leur simple plaisir ou le besoin de se surpasser, le triathlon et disciplines associ\u00e9es, permettent \u00e0 chacun, selon son niveau, de nager, rouler, courir, de pratiquer ou se sensibiliser aux joies de l\u2019encha\u00eenement.<\/p>\n<p>D\u00e9couverte ou comp\u00e9tition, le Triathlon, sport pluridisciplinaire de libert\u00e9 et de plein air, permet aux sportifs, les jeunes en particulier, de passer d\u2019une activit\u00e9 \u00e0 l\u2019autre.<\/p>\n<p>Si vous \u00eates nageur, cycliste ou athl\u00e8te, n\u2019h\u00e9sitez pas \u00e0 vous tester sur une \u00e9preuve organis\u00e9e dans la r\u00e9gion. Vous allez d\u00e9couvrir une nouvelle fa\u00e7on d\u2019exprimer vos qualit\u00e9s d\u2019endurance \u00e0 travers un sport bas\u00e9 sur l\u2019encha\u00eenement de 3 disciplines.<\/p>\n<p>Si l\u2019une des 3 disciplines vous fait peur ou n\u2019est pas \u00e0 votre go\u00fbt, vous pouvez pratiquer le Duathlon (courir, p\u00e9daler, courir) , l\u2019aquathlon (nager, courir), le bike&amp;run (courir et p\u00e9daler en duo), le swim-run\u00a0 (courir et nager en alternance plusieurs fois de suite) ou vous initier au raid nature (encha\u00eenement de plusieurs \u00e9preuves telles que trail, vtt, course d&rsquo;orientation, cano\u00eb, bike&amp;run,etc.)<\/p>\n<p>Le club poss\u00e8de une \u00e9cole de triathlon labellis\u00e9e deux \u00e9toiles et accueille toutes les cat\u00e9gories de mini poussin \u00e0 junior masculins et f\u00e9minines encadr\u00e9e par des entraineurs \u00e9ducateurs f\u00e9d\u00e9raux.<\/p>\n<p>les adultes seront aussi encadr\u00e9s par des entraineurs \u00e9ducateurs f\u00e9d\u00e9raux.<\/p>\n<p>Alors plus d\u2019h\u00e9sitation!\u00a0 le triathlon c\u2019est 3 fois plus de plaisir!<\/p>\n<p><a href=\"http:\/\/lbfctri.onlinetri.com\/index.php?page_id=26967\" target=\"_blank\" rel=\"noopener\">un club de triathlon pour : <\/a><\/p>\n<p>\u00a0<\/p>\n<\/div>\n\n\n<p><\/p>\n","protected":false},"excerpt":{"rendered":"<p>Des plus jeunes aux v\u00e9t\u00e9rans confirm\u00e9s, sportifs occasionnels ou comp\u00e9titeurs, pour leur simple plaisir ou le besoin de se surpasser, le triathlon et disciplines associ\u00e9es, permettent \u00e0 chacun, selon son niveau, de nager, rouler, courir, de pratiquer ou se sensibiliser aux joies de l\u2019encha\u00eenement. D\u00e9couverte ou comp\u00e9tition, le Triathlon, sport pluridisciplinaire de libert\u00e9 et de [&hellip;]<\/p>\n","protected":false},"author":1,"featured_media":0,"parent":0,"menu_order":0,"comment_status":"closed","ping_status":"closed","template":"","meta":{"spay_email":""},"jetpack_sharing_enabled":true,"jetpack_shortlink":"https:\/\/wp.me\/P8bwIy-c","jetpack-related-posts":[{"id":43,"url":"https:\/\/www.montceautriathlon.com\/blog\/se-licencier-au-club\/","url_meta":{"origin":12,"position":0},"title":"Se licencier au club","date":"13 novembre 2015","format":false,"excerpt":"PASS'CLUB : 1 mois d'essai gratuit ! PASS'SPORT : le club accepte le pass'sport si vous en \u00eates b\u00e9n\u00e9ficiaire. LICENCE 2025-2026 Vous pouvez d\u00e9s \u00e0 pr\u00e9sent prendre ou renouveler votre licence. Toute prise de\u00a0licence (nouvelle, renouvellement ou mutation) se fait sur le site de la FFTri : Espace Tri 2.0\u2026","rel":"","context":"Article similaire","img":{"alt_text":"","src":"","width":0,"height":0},"classes":[]},{"id":3747,"url":"https:\/\/www.montceautriathlon.com\/blog\/pass-club\/","url_meta":{"origin":12,"position":1},"title":"pass club","date":"20 ao\u00fbt 2020","format":false,"excerpt":"PASS CLUB Depuis 2013, la F\u00e9d\u00e9ration Fran\u00e7aise de Triathlon souhaite faciliter la d\u00e9couverte des disciplines encha\u00een\u00e9es \u00e0 tous les non-licenci\u00e9s en cr\u00e9ant le\u00a0PASS CLUB. Ce Pass permet \u00e0 tous les sportifs amateurs de tous \u00e2ges et tous niveaux de b\u00e9n\u00e9ficier gratuitement d\u2019un mois d\u2019essai au sein d\u2019un club de Triathlon\u2026","rel":"","context":"Article similaire","img":{"alt_text":"","src":"","width":0,"height":0},"classes":[]},{"id":3317,"url":"https:\/\/www.montceautriathlon.com\/blog\/le-triathlon-ce-nest-pas-que-des-ironmans\/","url_meta":{"origin":12,"position":2},"title":"Le triathlon","date":"7 novembre 2019","format":false,"excerpt":"LE TRIATHLON : ce n'est pas que des Ironmans ! Pour une d\u00e9couverte du triathlon en g\u00e9n\u00e9ral et de ses disciplines associ\u00e9es, rien de mieux que de suivre le lien de la f\u00e9d\u00e9ration et de suivre les diff\u00e9rentes vid\u00e9os ! suivez le lien suivant ! \u00a0","rel":"","context":"Article similaire","img":{"alt_text":"","src":"","width":0,"height":0},"classes":[]},{"id":21,"url":"https:\/\/www.montceautriathlon.com\/blog\/ecole-de-tri\/","url_meta":{"origin":12,"position":3},"title":"\u00c9cole de Tri","date":"13 novembre 2015","format":false,"excerpt":"Nous connaissons tous les richesses \u00e9ducatives de la natation, du v\u00e9lo et de la course \u00e0 pied. Le triathlon r\u00e9unit ces 3 disciplines et reste le sport de base, celui des gestes fondamentaux de l\u2019\u00e9ducation motrice de l\u2019enfant et de l\u2019adolescent. La pratique en club, c\u2019est l\u2019occasion pour eux de\u2026","rel":"","context":"Article similaire","img":{"alt_text":"","src":"","width":0,"height":0},"classes":[]},{"id":98,"url":"https:\/\/www.montceautriathlon.com\/blog\/programme\/","url_meta":{"origin":12,"position":4},"title":"PROGRAMME TRIATHLON","date":"10 mars 2016","format":false,"excerpt":"ATTENTION : Ce programme peut encore \u00eatre modifi\u00e9 (derni\u00e8re mise \u00e0 jour le 14\/03\/2026) Modifications en date du 08\/04\/2026 : Changement d'horaires + organisations des \u00e9preuves SAMEDI 23 MAI 2026 (\u00c9preuves OPEN) Jeunes 6-9 ans (J1) Restrictions: ouvert aux licenci\u00e9(e)s et non licenci\u00e9(e)s FFTri personnes n\u00e9es entre le 1 janv.\u2026","rel":"","context":"Article similaire","img":{"alt_text":"","src":"","width":0,"height":0},"classes":[]},{"id":41,"url":"https:\/\/www.montceautriathlon.com\/blog\/les-horaires\/","url_meta":{"origin":12,"position":5},"title":"Les horaires","date":"13 novembre 2015","format":false,"excerpt":"Nouveau: cr\u00e9neaux famille: mardi de 18h30 \u00e0 19h30: course \u00e0 pied adultes et course \u00e0 pied jeunes mercredi de 18h \u00e0 19h: natation adultes et natation jeunes Course \u00e0 pied Les s\u00e9ances de course \u00e0 pied se d\u00e9roulent au stade Jean Bouveri (accueil c\u00f4t\u00e9 \u00e9tang du Plessis) \u00e0 Montceau Les\u2026","rel":"","context":"Article similaire","img":{"alt_text":"","src":"","width":0,"height":0},"classes":[]}],"_links":{"self":[{"href":"https:\/\/www.montceautriathlon.com\/blog\/wp-json\/wp\/v2\/pages\/12"}],"collection":[{"href":"https:\/\/www.montceautriathlon.com\/blog\/wp-json\/wp\/v2\/pages"}],"about":[{"href":"https:\/\/www.montceautriathlon.com\/blog\/wp-json\/wp\/v2\/types\/page"}],"author":[{"embeddable":true,"href":"https:\/\/www.montceautriathlon.com\/blog\/wp-json\/wp\/v2\/users\/1"}],"replies":[{"embeddable":true,"href":"https:\/\/www.montceautriathlon.com\/blog\/wp-json\/wp\/v2\/comments?post=12"}],"version-history":[{"count":5,"href":"https:\/\/www.montceautriathlon.com\/blog\/wp-json\/wp\/v2\/pages\/12\/revisions"}],"predecessor-version":[{"id":3975,"href":"https:\/\/www.montceautriathlon.com\/blog\/wp-json\/wp\/v2\/pages\/12\/revisions\/3975"}],"wp:attachment":[{"href":"https:\/\/www.montceautriathlon.com\/blog\/wp-json\/wp\/v2\/media?parent=12"}],"curies":[{"name":"wp","href":"https:\/\/api.w.org\/{rel}","templated":true}]}}