{"id":118,"date":"2016-03-10T21:46:55","date_gmt":"2016-03-10T20:46:55","guid":{"rendered":"http:\/\/montceautriathlon.com\/blog\/?page_id=118"},"modified":"2026-03-16T18:13:15","modified_gmt":"2026-03-16T17:13:15","slug":"reglementation","status":"publish","type":"page","link":"https:\/\/www.montceautriathlon.com\/blog\/reglementation\/","title":{"rendered":"R\u00c9GLEMENTATION"},"content":{"rendered":"<p><span style=\"color: #0000ff;\"><b>R\u00c9GLEMENTATIONS<\/b><strong>\u00a0<\/strong><b>G\u00c9N\u00c9RALES<\/b><\/span><\/p>\n<ul>\n<li><a href=\"https:\/\/www.montceautriathlon.com\/blog\/wp-content\/uploads\/2026\/03\/20251120-Reglementation-des-Epreuves-Nationales-1.pdf\" rel=\"noopener\">R\u00e9glementation des 1\/2 finales des Championnats de France Jeunes de Triathlon<\/a><\/li>\n<li><a href=\"https:\/\/www.montceautriathlon.com\/blog\/wp-content\/uploads\/2026\/03\/20251103-Reglementation-sportive.pdf\" rel=\"noopener\">R\u00e9glementation sportive FFTri<\/a><\/li>\n<\/ul>\n\n\n<p><\/p>\n","protected":false},"excerpt":{"rendered":"<p>R\u00c9GLEMENTATIONS\u00a0G\u00c9N\u00c9RALES R\u00e9glementation des 1\/2 finales des Championnats de France Jeunes de Triathlon R\u00e9glementation sportive FFTri<\/p>\n","protected":false},"author":1,"featured_media":0,"parent":0,"menu_order":0,"comment_status":"closed","ping_status":"closed","template":"","meta":{"spay_email":""},"jetpack_sharing_enabled":true,"jetpack_shortlink":"https:\/\/wp.me\/P8bwIy-1U","jetpack-related-posts":[{"id":6238,"url":"https:\/\/www.montceautriathlon.com\/blog\/bike-run-2023\/","url_meta":{"origin":118,"position":0},"title":"Bike &#038; Run 2025","date":"29 septembre 2023","format":false,"excerpt":"INSCRIPTIONSPROGRAMMEPARCOURSR\u00c9GLEMENTATIONBUVETTE","rel":"","context":"Article similaire","img":{"alt_text":"","src":"","width":0,"height":0},"classes":[]},{"id":3174,"url":"https:\/\/www.montceautriathlon.com\/blog\/reglement-raid-et-crossduathlons\/","url_meta":{"origin":118,"position":1},"title":"R\u00e8glementation Raid et Cross Duathlon","date":"16 septembre 2019","format":false,"excerpt":"R\u00e8glement de l'organisation et protocole sanitaire","rel":"","context":"Article similaire","img":{"alt_text":"","src":"","width":0,"height":0},"classes":[]},{"id":3497,"url":"https:\/\/www.montceautriathlon.com\/blog\/championnats-de-france-jeunes-de-triathlon-2020\/","url_meta":{"origin":118,"position":2},"title":"Championnats de France Jeunes de Triathlon 2020 &#8211; Championnat de France Indiv. S de Triathlon 2020","date":"25 f\u00e9vrier 2020","format":false,"excerpt":"Vous pouvez consulter tous les r\u00e9sultats du Championnat de France de Triathlon 2020 sur le site de ChronoRace \u00a0 \u00a0 \u00a0 \u00a0 \u00a0 http:\/\/montceautriathlon.com\/blog\/programme\/ http:\/\/montceautriathlon.com\/blog\/reglementation\/ http:\/\/montceautriathlon.com\/blog\/Parcours\/ http:\/\/montceautriathlon.com\/blog\/restauration-pasta-partypique-nique\/ http:\/\/montceautriathlon.com\/blog\/hebergement\/ http:\/\/montceautriathlon.com\/blog\/photos-images\/","rel":"","context":"Article similaire","img":{"alt_text":"","src":"","width":0,"height":0},"classes":[]},{"id":94,"url":"https:\/\/www.montceautriathlon.com\/blog\/inscription\/","url_meta":{"origin":118,"position":3},"title":"INSCRIPTIONS","date":"10 mars 2016","format":false,"excerpt":"Nous vous sugg\u00e9rons de bien lire la r\u00e8glementation de cette manifestation avant de proc\u00e9der \u00e0 votre inscription. \u00a0 ATTENTION : Aucune inscription ne sera possible sur place (Jour J) pour les \u00e9preuves comptants pour les s\u00e9lectifs du Championnats de France Jeunes de Triathlon. Une majoration de 2\u20ac sera appliqu\u00e9e sur\u2026","rel":"","context":"Article similaire","img":{"alt_text":"","src":"https:\/\/i1.wp.com\/www.montceautriathlon.com\/blog\/wp-content\/uploads\/2026\/03\/Capture-decran-2026-03-14-135719-245x300.png?resize=350%2C200&ssl=1","width":350,"height":200},"classes":[]},{"id":16,"url":"https:\/\/www.montceautriathlon.com\/blog\/presentation-du-club\/","url_meta":{"origin":118,"position":4},"title":"Pr\u00e9sentation du club","date":"13 novembre 2015","format":false,"excerpt":"Historique Le club de triathlon de Montceau Les Mines\u00a0est n\u00e9\u00a0en 1999 sous l\u2019impulsion de\u00a03 licenci\u00e9s. Il est agr\u00e9\u00e9 Jeunesse et sports le 27\/11\/2000 En 2002, alors qu\u2019il ne compte que 17 licenci\u00e9s dont 5 jeunes,\u00a0le club\u00a0se lance dans l\u2019organisation de son premier aquathlon. En 2005, il compte d\u00e9j\u00e0 \u00a063 licenci\u00e9s\u00a0et\u2026","rel":"","context":"Article similaire","img":{"alt_text":"","src":"","width":0,"height":0},"classes":[]},{"id":3317,"url":"https:\/\/www.montceautriathlon.com\/blog\/le-triathlon-ce-nest-pas-que-des-ironmans\/","url_meta":{"origin":118,"position":5},"title":"Le triathlon","date":"7 novembre 2019","format":false,"excerpt":"LE TRIATHLON : ce n'est pas que des Ironmans ! Pour une d\u00e9couverte du triathlon en g\u00e9n\u00e9ral et de ses disciplines associ\u00e9es, rien de mieux que de suivre le lien de la f\u00e9d\u00e9ration et de suivre les diff\u00e9rentes vid\u00e9os ! suivez le lien suivant ! \u00a0","rel":"","context":"Article similaire","img":{"alt_text":"","src":"","width":0,"height":0},"classes":[]}],"_links":{"self":[{"href":"https:\/\/www.montceautriathlon.com\/blog\/wp-json\/wp\/v2\/pages\/118"}],"collection":[{"href":"https:\/\/www.montceautriathlon.com\/blog\/wp-json\/wp\/v2\/pages"}],"about":[{"href":"https:\/\/www.montceautriathlon.com\/blog\/wp-json\/wp\/v2\/types\/page"}],"author":[{"embeddable":true,"href":"https:\/\/www.montceautriathlon.com\/blog\/wp-json\/wp\/v2\/users\/1"}],"replies":[{"embeddable":true,"href":"https:\/\/www.montceautriathlon.com\/blog\/wp-json\/wp\/v2\/comments?post=118"}],"version-history":[{"count":75,"href":"https:\/\/www.montceautriathlon.com\/blog\/wp-json\/wp\/v2\/pages\/118\/revisions"}],"predecessor-version":[{"id":8651,"href":"https:\/\/www.montceautriathlon.com\/blog\/wp-json\/wp\/v2\/pages\/118\/revisions\/8651"}],"wp:attachment":[{"href":"https:\/\/www.montceautriathlon.com\/blog\/wp-json\/wp\/v2\/media?parent=118"}],"curies":[{"name":"wp","href":"https:\/\/api.w.org\/{rel}","templated":true}]}}